{"id":762355,"date":"2025-08-28T10:06:13","date_gmt":"2025-08-28T07:06:13","guid":{"rendered":"https:\/\/roveyayinevi.com.tr\/index.php\/urun\/dinozordan-damlalar-ii\/"},"modified":"2026-04-15T03:27:17","modified_gmt":"2026-04-15T00:27:17","slug":"dinozordan-damlalar-ii","status":"publish","type":"product","link":"https:\/\/roveyayinevi.com.tr\/index.php\/urun\/dinozordan-damlalar-ii\/","title":{"rendered":"Dinozordan Damlalar II"},"content":{"rendered":"<p>Son Yolculuk   Bir s\u00f6\u011f\u00fct \u015femsiyesinden uzak Ben karaelmas diyar\u0131n\u0131n ihtiyar k\u0131z\u0131 Terli ellerimde ak sa\u00e7lar\u0131m boyas\u0131z Yolculu\u011fumda k\u00f6m\u00fcr karas\u0131 dost oldu y\u0131llard\u0131r Uzatmam ellerimi yine de\u2026 \u015eimdi duygular\u0131m kopacak   \u0130\u011fde g\u00fcle, dut reyhana kar\u0131\u015ft\u0131\u011f\u0131nda Duyar m\u0131s\u0131n\u0131z \u00f6l\u00fcme tutsakl\u0131\u011f\u0131m\u0131z\u0131 Kendini kral, tanr\u0131\u00e7a sanan soytar\u0131 Bir an d\u00fc\u015f\u00fcn, b\u00fcy\u00fck sona ne \u00e7ok yakla\u015ft\u0131\u011f\u0131m\u0131z\u0131   Y\u0131llarda an\u0131lmayacak ne yaz\u0131k, g\u00f6\u00e7\u00fcp gidenler Bir a\u011f\u0131tl\u0131k yas esintisi kalan sokaklarda \u015earapl\u0131 ak\u015famlara sanc\u0131lar\u0131m\u0131z hep gebe art\u0131k Unutmam diyen yalanlar, \u00f6yle g\u00fczel ki Kalmam\u0131\u015f takvimlerde ayr\u0131l\u0131klar\u0131n tuzlu tad\u0131   \u015eimdi duyuyor musunuz sendeleyen serinlikleri yollarda En uza\u011f\u0131nda unutulmaz an\u0131lar yetim Siz de boyun b\u00fck\u00fcyor musunuz, \u015fiirlerimdeki yasa Hayk\u0131ran kalemim toplayamazken k\u0131r\u0131klar\u0131n\u0131   \u00dc\u00e7 be\u015f y\u0131ld\u0131z\u0131 pe\u015fine tak\u0131p, kurulmadan el \u00fcst\u00fcndeki sala Diyebilir miyiz ki Dualar\u0131n\u0131z\u0131 esirgemeyin ard\u0131m\u0131zda\u2026 <\/p>\n","protected":false},"excerpt":{"rendered":"<p>Son Yolculuk Bir s\u00f6\u011f\u00fct \u015femsiyesinden uzak Ben karaelmas diyar\u0131n\u0131n ihtiyar k\u0131z\u0131 Terli ellerimde ak sa\u00e7lar\u0131m boyas\u0131z Yolculu\u011fumda k\u00f6m\u00fcr karas\u0131 dost oldu y\u0131llard\u0131r Uzatmam ellerimi yine de\u2026<span class=\"excerpt-hellip\"> [\u2026]<\/span><\/p>\n","protected":false},"featured_media":0,"template":"","meta":{"_monsterinsights_skip_tracking":false,"_monsterinsights_sitenote_active":false,"_monsterinsights_sitenote_note":"","_monsterinsights_sitenote_category":0},"product_brand":[],"product_cat":[12291,12509],"product_tag":[],"class_list":{"0":"post-762355","1":"product","2":"type-product","3":"status-publish","5":"product_cat-edebiyat","6":"product_cat-siir","7":"pa_cilt-ciltsiz","8":"pa_tur-kitap","9":"pa_yayinevi-gulnar-yayinlari","10":"pa_yazar-hatice-terlikci-genc","12":"first","13":"instock","14":"sale","15":"shipping-taxable","16":"purchasable","17":"product-type-simple"},"_links":{"self":[{"href":"https:\/\/roveyayinevi.com.tr\/index.php\/wp-json\/wp\/v2\/product\/762355","targetHints":{"allow":["GET"]}}],"collection":[{"href":"https:\/\/roveyayinevi.com.tr\/index.php\/wp-json\/wp\/v2\/product"}],"about":[{"href":"https:\/\/roveyayinevi.com.tr\/index.php\/wp-json\/wp\/v2\/types\/product"}],"wp:attachment":[{"href":"https:\/\/roveyayinevi.com.tr\/index.php\/wp-json\/wp\/v2\/media?parent=762355"}],"wp:term":[{"taxonomy":"product_brand","embeddable":true,"href":"https:\/\/roveyayinevi.com.tr\/index.php\/wp-json\/wp\/v2\/product_brand?post=762355"},{"taxonomy":"product_cat","embeddable":true,"href":"https:\/\/roveyayinevi.com.tr\/index.php\/wp-json\/wp\/v2\/product_cat?post=762355"},{"taxonomy":"product_tag","embeddable":true,"href":"https:\/\/roveyayinevi.com.tr\/index.php\/wp-json\/wp\/v2\/product_tag?post=762355"}],"curies":[{"name":"wp","href":"https:\/\/api.w.org\/{rel}","templated":true}]}}