{"id":762354,"date":"2025-08-28T10:06:11","date_gmt":"2025-08-28T07:06:11","guid":{"rendered":"https:\/\/roveyayinevi.com.tr\/index.php\/urun\/oguz-kagan\/"},"modified":"2025-09-25T10:20:28","modified_gmt":"2025-09-25T07:20:28","slug":"oguz-kagan","status":"publish","type":"product","link":"https:\/\/roveyayinevi.com.tr\/index.php\/urun\/oguz-kagan\/","title":{"rendered":"Oguz Kagan"},"content":{"rendered":"<p>Oguz Kagan Destan\u0131 veya di\u011fer bir deyi\u015fle Oguz-n\u00e2meler T\u00fcrk edebiyat\u0131n\u0131n hi\u00e7 \u015f\u00fcphesiz en k\u0131ymetli hazinelerinden birisidir. \u0130\u00e7erisinde k\u00f6kl\u00fc bir tarih ve k\u00fclt\u00fcr unsuru yatan Oguz-n\u00e2meler, bilindi\u011fi \u00fczere tarih\u00ee T\u00fcrk destan kahraman\u0131 ve h\u00fck\u00fcmdar\u0131 Oguz Kagan&#8217;\u0131n f\u00fct\u00fbhat\u0131n\u0131 anlat\u0131r.  Bu \u00e7al\u0131\u015fmada Oguz Kagan&#8217;\u0131n kimli\u011fi, Oguzlar ve Oguz Kagan Destanlar\u0131 hakk\u0131nda k\u0131sa bilgiler verildikten sonra, Oguz-n\u00e2melerin \u00e7e\u015fitli n\u00fcshalar\u0131 incelenerek, gerekli g\u00f6r\u00fcld\u00fc\u011f\u00fc yerlerde eksik k\u0131s\u0131mlar\u0131 tamamlanm\u0131\u015f ve tarihi T\u00fcrk hakan\u0131 Oguz&#8217;un ba\u015f\u0131ndan ge\u00e7enler \u00f6l\u00fcm\u00fcne de\u011fin dipnotlarla desteklenip, hem akademisyenlerin hem de genel okuyucu kitlesinin hizmetine sunulmak ama\u00e7lanm\u0131\u015ft\u0131r.<\/p>\n","protected":false},"excerpt":{"rendered":"<p>Oguz Kagan Destan\u0131 veya di\u011fer bir deyi\u015fle Oguz-n\u00e2meler T\u00fcrk edebiyat\u0131n\u0131n hi\u00e7 \u015f\u00fcphesiz en k\u0131ymetli hazinelerinden birisidir. \u0130\u00e7erisinde k\u00f6kl\u00fc bir tarih ve k\u00fclt\u00fcr unsuru yatan Oguz-n\u00e2meler, bilindi\u011fi<span class=\"excerpt-hellip\"> [\u2026]<\/span><\/p>\n","protected":false},"featured_media":0,"template":"","meta":{"_monsterinsights_skip_tracking":false,"_monsterinsights_sitenote_active":false,"_monsterinsights_sitenote_note":"","_monsterinsights_sitenote_category":0},"product_brand":[],"product_cat":[12291,13706],"product_tag":[],"class_list":{"0":"post-762354","1":"product","2":"type-product","3":"status-publish","5":"product_cat-edebiyat","6":"product_cat-efsane-destan-masal","7":"pa_cilt-ciltsiz","8":"pa_tur-kitap","9":"pa_yayinevi-berikan-yayinlari","10":"pa_yazar-saadettin-yagmur-gomec","12":"first","13":"instock","14":"sale","15":"shipping-taxable","16":"purchasable","17":"product-type-simple"},"_links":{"self":[{"href":"https:\/\/roveyayinevi.com.tr\/index.php\/wp-json\/wp\/v2\/product\/762354","targetHints":{"allow":["GET"]}}],"collection":[{"href":"https:\/\/roveyayinevi.com.tr\/index.php\/wp-json\/wp\/v2\/product"}],"about":[{"href":"https:\/\/roveyayinevi.com.tr\/index.php\/wp-json\/wp\/v2\/types\/product"}],"wp:attachment":[{"href":"https:\/\/roveyayinevi.com.tr\/index.php\/wp-json\/wp\/v2\/media?parent=762354"}],"wp:term":[{"taxonomy":"product_brand","embeddable":true,"href":"https:\/\/roveyayinevi.com.tr\/index.php\/wp-json\/wp\/v2\/product_brand?post=762354"},{"taxonomy":"product_cat","embeddable":true,"href":"https:\/\/roveyayinevi.com.tr\/index.php\/wp-json\/wp\/v2\/product_cat?post=762354"},{"taxonomy":"product_tag","embeddable":true,"href":"https:\/\/roveyayinevi.com.tr\/index.php\/wp-json\/wp\/v2\/product_tag?post=762354"}],"curies":[{"name":"wp","href":"https:\/\/api.w.org\/{rel}","templated":true}]}}