{"id":762353,"date":"2025-08-28T10:06:09","date_gmt":"2025-08-28T07:06:09","guid":{"rendered":"https:\/\/roveyayinevi.com.tr\/index.php\/urun\/turkun-son-basbugu-alparslan-turkese-armagan\/"},"modified":"2026-04-15T03:27:17","modified_gmt":"2026-04-15T00:27:17","slug":"turkun-son-basbugu-alparslan-turkese-armagan","status":"publish","type":"product","link":"https:\/\/roveyayinevi.com.tr\/index.php\/urun\/turkun-son-basbugu-alparslan-turkese-armagan\/","title":{"rendered":"T\u00fcrk\u2019\u00fcn Son Ba\u015fbu\u011fu Alparslan T\u00fcrke\u015f\u2019e Arma\u011fan"},"content":{"rendered":"<p>Son y\u00fczy\u0131l\u0131n T\u00fcrk tarihine damgas\u0131n\u0131 vuran, T\u00fcrk milletinin ge\u00e7mi\u015finde ve gelece\u011finde m\u00fchim roller oynayan T\u00fcrk b\u00fcy\u00fckleri aras\u0131nda hi\u00e7 \u015f\u00fcphesiz Alparslan T\u00fcrke\u015f\u2019in ap-ayr\u0131 bir yeri vard\u0131r. Bu dava ve siyaset adam\u0131n\u0131n hayat\u0131na bakt\u0131\u011f\u0131m\u0131zda, milleti ve devleti i\u00e7in elinden gelen her \u015feyi yapt\u0131\u011f\u0131n\u0131 g\u00f6r\u00fcr\u00fcz. E\u011fer T\u00fcrkiye Cumhuriyeti Devleti par\u00e7alanmadan bug\u00fcnlere kadar gelmi\u015f ise onun ve yeti\u015ftirdi\u011fi T\u00fcrk Milliyet\u00e7ileri sayesindedir. Dolay\u0131s\u0131yla g\u00fcn\u00fcm\u00fcz T\u00fcrk Milliyet\u00e7ili\u011finin \u015fekillenmesinde ve fikri d\u00fcnyas\u0131n\u0131n olu\u015fmas\u0131nda, Alparslan T\u00fcrke\u015f\u2019in katk\u0131s\u0131n\u0131 kimse ink\u00e2r edemez. Onun \u00fclk\u00fcs\u00fcnden ve kavgas\u0131ndan etkilenmeyen hi\u00e7bir T\u00fcrk yoktur.  Bug\u00fcn T\u00fcrkiye ve di\u011fer \u00e7a\u011fda\u015f T\u00fcrk Cumhuriyetlerinin ba\u011f\u0131ms\u0131zl\u0131k \u00fclk\u00fcs\u00fcn\u00fcn temelinde de Alparslan T\u00fcrke\u015f\u2019in eme\u011finin oldu\u011funu s\u00f6ylemeden ge\u00e7emeyiz. 20. asr\u0131n sonlar\u0131nda, T\u00fcrk Cumhuriyetlerinin ba\u011f\u0131ms\u0131zl\u0131k hareketlerinde \u00f6n plana \u00e7\u0131kan milliyet\u00e7i faaliyetlerin hepsinin de T\u00fcrkiye ve dolay\u0131s\u0131yla Milliyet\u00e7i Hareket Partisiyle al\u00e2kas\u0131 vard\u0131r. <\/p>\n","protected":false},"excerpt":{"rendered":"<p>Son y\u00fczy\u0131l\u0131n T\u00fcrk tarihine damgas\u0131n\u0131 vuran, T\u00fcrk milletinin ge\u00e7mi\u015finde ve gelece\u011finde m\u00fchim roller oynayan T\u00fcrk b\u00fcy\u00fckleri aras\u0131nda hi\u00e7 \u015f\u00fcphesiz Alparslan T\u00fcrke\u015f\u2019in ap-ayr\u0131 bir yeri vard\u0131r. Bu<span class=\"excerpt-hellip\"> [\u2026]<\/span><\/p>\n","protected":false},"featured_media":0,"template":"","meta":{"_monsterinsights_skip_tracking":false,"_monsterinsights_sitenote_active":false,"_monsterinsights_sitenote_note":"","_monsterinsights_sitenote_category":0},"product_brand":[],"product_cat":[12337,14543],"product_tag":[],"class_list":{"0":"post-762353","1":"product","2":"type-product","3":"status-publish","5":"product_cat-politika-siyaset","6":"product_cat-turkiye-siyaseti-ve-politikasi","7":"pa_cilt-ciltsiz","8":"pa_tur-kitap","9":"pa_yayinevi-berikan-yayinlari","10":"pa_yazar-saadettin-yagmur-gomec","12":"first","13":"instock","14":"sale","15":"shipping-taxable","16":"purchasable","17":"product-type-simple"},"_links":{"self":[{"href":"https:\/\/roveyayinevi.com.tr\/index.php\/wp-json\/wp\/v2\/product\/762353","targetHints":{"allow":["GET"]}}],"collection":[{"href":"https:\/\/roveyayinevi.com.tr\/index.php\/wp-json\/wp\/v2\/product"}],"about":[{"href":"https:\/\/roveyayinevi.com.tr\/index.php\/wp-json\/wp\/v2\/types\/product"}],"wp:attachment":[{"href":"https:\/\/roveyayinevi.com.tr\/index.php\/wp-json\/wp\/v2\/media?parent=762353"}],"wp:term":[{"taxonomy":"product_brand","embeddable":true,"href":"https:\/\/roveyayinevi.com.tr\/index.php\/wp-json\/wp\/v2\/product_brand?post=762353"},{"taxonomy":"product_cat","embeddable":true,"href":"https:\/\/roveyayinevi.com.tr\/index.php\/wp-json\/wp\/v2\/product_cat?post=762353"},{"taxonomy":"product_tag","embeddable":true,"href":"https:\/\/roveyayinevi.com.tr\/index.php\/wp-json\/wp\/v2\/product_tag?post=762353"}],"curies":[{"name":"wp","href":"https:\/\/api.w.org\/{rel}","templated":true}]}}