{"id":762352,"date":"2025-08-28T10:06:08","date_gmt":"2025-08-28T07:06:08","guid":{"rendered":"https:\/\/roveyayinevi.com.tr\/index.php\/urun\/turk-siyasi-hayatinda-chp-msp-hukumeti\/"},"modified":"2026-04-15T03:27:17","modified_gmt":"2026-04-15T00:27:17","slug":"turk-siyasi-hayatinda-chp-msp-hukumeti","status":"publish","type":"product","link":"https:\/\/roveyayinevi.com.tr\/index.php\/urun\/turk-siyasi-hayatinda-chp-msp-hukumeti\/","title":{"rendered":"T\u00fcrk Siyasi Hayatinda Chp-Msp H\u00fck\u00fcmeti"},"content":{"rendered":"<p>T\u00fcrkiye Cumhuriyeti tarihinde ideolojik y\u00f6nden tezat iki partinin koalisyonunu, siyaset bilimi a\u00e7\u0131s\u0131ndan oldu\u011fu kadar ayn\u0131 zamanda tarihsel bir perspektiften de de\u011ferlendirmek \u00f6nem ta\u015f\u0131maktad\u0131r. \u00c7\u00fcnk\u00fc tarih bilgisi, ayn\u0131 zamanda siyasal ve toplumsal bir\u00e7ok olay ve olgular\u0131n nedenleri, sonu\u00e7lar\u0131 ve etkileriyle daha iyi kavranmas\u0131 i\u00e7in gerekli unsurlardan biri durumundad\u0131r.  CHP lideri B\u00fclent Ecevit ile MSP lideri Necmettin Erbakan\u2019\u0131n liderli\u011finde kurulan koalisyon h\u00fck\u00fcmetinin kurulu\u015f s\u00fcrecini ve uygulamalar\u0131n\u0131 konu edinen bu \u00e7al\u0131\u015fmada; olaylar\u0131n ya\u015fand\u0131\u011f\u0131 d\u00f6nemin ko\u015fullar\u0131n\u0131n \u00f6n planda tutulmas\u0131na dikkat edilmi\u015f, hi\u00e7bir partinin ya da liderin \u00f6vg\u00fcs\u00fc ya da yergisi ama\u00e7lanmam\u0131\u015ft\u0131r.  \u0130ngiliz devlet adam\u0131 Winston Churchill\u2019in \u201cNe kadar geriye bakarsan\u0131z, o kadar ilerisini g\u00f6rebilirsiniz\u201d s\u00f6z\u00fcyle ifade etti\u011fi gibi, iyi bir gelecek ancak do\u011fru tan\u0131nm\u0131\u015f ya da \u00f6\u011frenilmi\u015f bir ge\u00e7mi\u015fe dayal\u0131 tarih bilgisi ve yaz\u0131m\u0131 ile m\u00fcmk\u00fcn olmaktad\u0131r. Bu a\u00e7\u0131dan eserde CHP-MSP d\u00f6nemine ili\u015fkin tarihsel olaylar, \u00e7e\u015fitli siyasal \u00e7\u00f6z\u00fcmlemelerle temellendirilmeye \u00e7al\u0131\u015f\u0131lm\u0131\u015ft\u0131r. \u00c7\u00fcnk\u00fc siyasal olaylar hi\u00e7bir zaman tarih d\u0131\u015f\u0131 ol(a)mam\u0131\u015ft\u0131r. Aksine siyasetin en \u00f6nemli belirleyicisi durumunda olan toplumsall\u0131k da yine tarihsellik i\u00e7erisinde \u015fekillenmi\u015ftir. Bu bak\u0131mdan \u201ctarihsel arka plan\u201d zorunlu bir perspektif halini almaktad\u0131r. <\/p>\n","protected":false},"excerpt":{"rendered":"<p>T\u00fcrkiye Cumhuriyeti tarihinde ideolojik y\u00f6nden tezat iki partinin koalisyonunu, siyaset bilimi a\u00e7\u0131s\u0131ndan oldu\u011fu kadar ayn\u0131 zamanda tarihsel bir perspektiften de de\u011ferlendirmek \u00f6nem ta\u015f\u0131maktad\u0131r. \u00c7\u00fcnk\u00fc tarih bilgisi,<span class=\"excerpt-hellip\"> [\u2026]<\/span><\/p>\n","protected":false},"featured_media":0,"template":"","meta":{"_monsterinsights_skip_tracking":false,"_monsterinsights_sitenote_active":false,"_monsterinsights_sitenote_note":"","_monsterinsights_sitenote_category":0},"product_brand":[],"product_cat":[12337,14543],"product_tag":[],"class_list":{"0":"post-762352","1":"product","2":"type-product","3":"status-publish","5":"product_cat-politika-siyaset","6":"product_cat-turkiye-siyaseti-ve-politikasi","7":"pa_cilt-ciltsiz","8":"pa_tur-kitap","9":"pa_yayinevi-berikan-yayinlari","10":"pa_yazar-fuat-ucar","12":"first","13":"instock","14":"sale","15":"shipping-taxable","16":"purchasable","17":"product-type-simple"},"_links":{"self":[{"href":"https:\/\/roveyayinevi.com.tr\/index.php\/wp-json\/wp\/v2\/product\/762352","targetHints":{"allow":["GET"]}}],"collection":[{"href":"https:\/\/roveyayinevi.com.tr\/index.php\/wp-json\/wp\/v2\/product"}],"about":[{"href":"https:\/\/roveyayinevi.com.tr\/index.php\/wp-json\/wp\/v2\/types\/product"}],"wp:attachment":[{"href":"https:\/\/roveyayinevi.com.tr\/index.php\/wp-json\/wp\/v2\/media?parent=762352"}],"wp:term":[{"taxonomy":"product_brand","embeddable":true,"href":"https:\/\/roveyayinevi.com.tr\/index.php\/wp-json\/wp\/v2\/product_brand?post=762352"},{"taxonomy":"product_cat","embeddable":true,"href":"https:\/\/roveyayinevi.com.tr\/index.php\/wp-json\/wp\/v2\/product_cat?post=762352"},{"taxonomy":"product_tag","embeddable":true,"href":"https:\/\/roveyayinevi.com.tr\/index.php\/wp-json\/wp\/v2\/product_tag?post=762352"}],"curies":[{"name":"wp","href":"https:\/\/api.w.org\/{rel}","templated":true}]}}