{"id":762350,"date":"2025-08-28T10:06:03","date_gmt":"2025-08-28T07:06:03","guid":{"rendered":"https:\/\/roveyayinevi.com.tr\/index.php\/urun\/psikanalitik-incelemeler\/"},"modified":"2026-04-15T03:27:17","modified_gmt":"2026-04-15T00:27:17","slug":"psikanalitik-incelemeler","status":"publish","type":"product","link":"https:\/\/roveyayinevi.com.tr\/index.php\/urun\/psikanalitik-incelemeler\/","title":{"rendered":"Psikanalitik \u0130ncelemeler"},"content":{"rendered":"<p>Bella Habip e\u011fitim psikanalisti ve s\u00fcperviz\u00f6r\u00fc. Paris Psikanaliz Cemiyeti (SPP) ve Uluslararas\u0131 Psikanaliz Birli\u011fi (IPA) \u00fcyesidir. Fransa\u2019da Grenoble \u00dcniversitesi\u2019nde Psikoloji lisans\u0131 ve Klinik Psikoloji y\u00fcksek lisans\u0131n\u0131 tamamlam\u0131\u015ft\u0131r.   \u0130stanbul Psikanaliz E\u011fitim, Ara\u015ft\u0131rma Geli\u015ftirme Derne\u011fi (Psike \u0130stanbul) kurucu \u00fcyesi ve ilk ba\u015fkan\u0131d\u0131r. Uluslararas\u0131 Psikanaliz Dergisi\u2019nin (The International Journal of Psychoanalysis) Avrupa Yay\u0131n Kurulu\u2019nun eski \u00fcyesidir; 2009-2013 y\u0131llar\u0131 aras\u0131nda ayn\u0131 derginin Sel Yay\u0131nlar\u0131\u2019ndan yay\u0131mlanan T\u00fcrk\u00e7e versiyonu Psikanaliz Y\u0131ll\u0131\u011f\u0131\u2019n\u0131n ilk edit\u00f6rl\u00fc\u011f\u00fcn\u00fc y\u00fcr\u00fctm\u00fc\u015f, 2013 y\u0131l\u0131 itibariyle yay\u0131n kurulu \u00fcyesi olmu\u015ftur. Psikanalizin \u0130\u00e7inden (2007, YKY, 5. bask\u0131 2024), Kuram ile Klinik Bulu\u015funca (2012, YKY, 2. Bask\u0131 2019) ve K\u00fclt\u00fcr ve Psikanaliz (2019, YKY, 2. Bask\u0131, 2021) adl\u0131 \u00fc\u00e7 kitab\u0131 olan Habip, \u0130thaki Yay\u0131nlar\u0131 \u201cPsikanaliz G\u00fcndemi\u201d dizisinden yay\u0131mlanan Bensiz biz (2002, derleme), Kad\u0131nl\u0131k, Yeniden (2003, derleme) ve Neden Psikanaliz? (2003, R. Perron), \u00c7ocukluk \u00c7a\u011f\u0131n\u0131n S\u0131ca\u011f\u0131nda (2010, Florence Guignard) adl\u0131 kitaplar\u0131n ve Melanie Klein\u2019\u0131n Sevgi, Su\u00e7luluk ve Onar\u0131m kitab\u0131n\u0131n T\u00fcrk\u00e7e \u00e7evirisinin (2008, Kanat Yay\u0131nlar\u0131) edit\u00f6r\u00fcd\u00fcr. 1996 y\u0131l\u0131ndan beri cogito, Defter, Tarih ve Toplum, Do\u011fu-Bat\u0131, \u0130stanbul Art News Edebiyat, Psikanalizin Dili gibi dergilerde makale ve s\u00f6yle\u015fileri, \u0130stanbul Bilgi \u00dcniversitesi Yay\u0131nlar\u0131\u2019n\u0131n Psike \u0130stanbul Psikanaliz Kitapl\u0131\u011f\u0131 dizisinden yay\u0131mlanan derleme kitaplarda s\u00f6zl\u00fc bildirileri, Y\u00fczy\u0131l\u0131n Psikanalizi, Freud Konu\u015fmalar\u0131, Cinsiyetli Olmak ve Tuhafl\u0131k ve Yarat\u0131c\u0131l\u0131k (1996, 2008 ve 2007, YKY) isimli derleme kitaplarda makaleleri yer almaktad\u0131r. Baz\u0131 makaleleri yurtd\u0131\u015f\u0131nda The International Journal of Psychoanalysis ve Revue Fran\u00e7aise de Psychanalyse\u2019de yay\u0131mlanm\u0131\u015ft\u0131r.   Psikanalitik \u0130ncelemeler Bella Habip\u2019in 2018-2023 y\u0131llar\u0131 aras\u0131nda seminer, konferans, makale, panel vb. vesilelerle kaleme ald\u0131\u011f\u0131 metinlerden olu\u015fan bir derleme. Her biri farkl\u0131 temalara i\u015faret etse de hepsi konusuna psikanalizin klinik bak\u0131\u015f a\u00e7\u0131s\u0131ndan yakla\u015fan 14 makale, \u201cSanat ve Edebiyat\u201d ve \u201cToplumsal\u0131n Klinikteki \u0130zd\u00fc\u015f\u00fcmleri\u201d adl\u0131 iki b\u00f6l\u00fcmde topland\u0131. Bella Habip bu makalelerde Freud\u2019un ve Freud sonras\u0131 psikanalistlerin psikanaliz kavramlar\u0131n\u0131 \u00e7al\u0131\u015ft\u0131rarak onlar\u0131 klinikte nas\u0131l canl\u0131 tuttu\u011funu g\u00f6zler \u00f6n\u00fcne seriyor.   Bilin\u00e7d\u0131\u015f\u0131n\u0131n i\u015fleyi\u015fini ve ya\u015fam\u0131n farkl\u0131 alanlar\u0131ndaki \u00e7e\u015fitli tezah\u00fcrlerini ele alan bu metinler klinik bak\u0131\u015f a\u00e7\u0131s\u0131n\u0131n sadece hasta ba\u015f\u0131nda ya da bir psikanaliz seans\u0131nda ge\u00e7erli olmad\u0131\u011f\u0131n\u0131, sanatta, edebiyatta, g\u00fcndelik hayatta ve toplumsal hayatta da anlam kazand\u0131\u011f\u0131n\u0131 g\u00f6stermeyi hedefliyor. <\/p>\n","protected":false},"excerpt":{"rendered":"<p>Bella Habip e\u011fitim psikanalisti ve s\u00fcperviz\u00f6r\u00fc. Paris Psikanaliz Cemiyeti (SPP) ve Uluslararas\u0131 Psikanaliz Birli\u011fi (IPA) \u00fcyesidir. Fransa\u2019da Grenoble \u00dcniversitesi\u2019nde Psikoloji lisans\u0131 ve Klinik Psikoloji y\u00fcksek lisans\u0131n\u0131<span class=\"excerpt-hellip\"> [\u2026]<\/span><\/p>\n","protected":false},"featured_media":0,"template":"","meta":{"_monsterinsights_skip_tracking":false,"_monsterinsights_sitenote_active":false,"_monsterinsights_sitenote_note":"","_monsterinsights_sitenote_category":0},"product_brand":[],"product_cat":[20502,12357],"product_tag":[],"class_list":{"0":"post-762350","1":"product","2":"type-product","3":"status-publish","5":"product_cat-basvuru-kitaplari-psikoloji","6":"product_cat-psikoloji","7":"pa_cilt-ciltsiz","8":"pa_tur-kitap","9":"pa_yayinevi-yapi-kredi-yayinlari","10":"pa_yazar-bella-habip","12":"first","13":"instock","14":"sale","15":"shipping-taxable","16":"purchasable","17":"product-type-simple"},"_links":{"self":[{"href":"https:\/\/roveyayinevi.com.tr\/index.php\/wp-json\/wp\/v2\/product\/762350","targetHints":{"allow":["GET"]}}],"collection":[{"href":"https:\/\/roveyayinevi.com.tr\/index.php\/wp-json\/wp\/v2\/product"}],"about":[{"href":"https:\/\/roveyayinevi.com.tr\/index.php\/wp-json\/wp\/v2\/types\/product"}],"wp:attachment":[{"href":"https:\/\/roveyayinevi.com.tr\/index.php\/wp-json\/wp\/v2\/media?parent=762350"}],"wp:term":[{"taxonomy":"product_brand","embeddable":true,"href":"https:\/\/roveyayinevi.com.tr\/index.php\/wp-json\/wp\/v2\/product_brand?post=762350"},{"taxonomy":"product_cat","embeddable":true,"href":"https:\/\/roveyayinevi.com.tr\/index.php\/wp-json\/wp\/v2\/product_cat?post=762350"},{"taxonomy":"product_tag","embeddable":true,"href":"https:\/\/roveyayinevi.com.tr\/index.php\/wp-json\/wp\/v2\/product_tag?post=762350"}],"curies":[{"name":"wp","href":"https:\/\/api.w.org\/{rel}","templated":true}]}}