{"id":762349,"date":"2025-08-28T10:06:01","date_gmt":"2025-08-28T07:06:01","guid":{"rendered":"https:\/\/roveyayinevi.com.tr\/index.php\/urun\/bu-yas-yuvasi\/"},"modified":"2026-04-15T03:27:17","modified_gmt":"2026-04-15T00:27:17","slug":"bu-yas-yuvasi","status":"publish","type":"product","link":"https:\/\/roveyayinevi.com.tr\/index.php\/urun\/bu-yas-yuvasi\/","title":{"rendered":"Bu Yas Yuvas\u0131"},"content":{"rendered":"<p>\u00dc\u00e7 erkek \u00e7ocuk babas\u0131, e\u015finden bo\u015fanm\u0131\u015f Robert Farquharson\u2019\u0131n arabas\u0131 2005 y\u0131l\u0131n\u0131n Babalar G\u00fcn\u00fc\u2019nde \u00e7ocuklar\u0131n\u0131 annelerinin evine b\u0131rak\u0131rken yoldan \u00e7\u0131kar ve bir sulama baraj\u0131na g\u00f6m\u00fcl\u00fcr. Farquharson arabadan \u00e7\u0131kmay\u0131 ba\u015far\u0131r ama \u00e7ocuklar\u0131 bo\u011fularak hayat\u0131n\u0131 kaybeder. Olay ilk bak\u0131\u015fta trajik bir kaza gibi g\u00f6r\u00fcnmektedir, ancak yetkililerin i\u015fe dahil olmas\u0131yla daha karanl\u0131k ihtimaller belirmeye ba\u015flar. Romanc\u0131 ve \u00f6yk\u00fcc\u00fc Helen Garner, Avustralya\u2019da uzun zaman g\u00fcndemi i\u015fgal eden Robert Farquharson davas\u0131n\u0131 ba\u015f\u0131ndan sonuna kadar, her duru\u015fmas\u0131na kat\u0131larak takip etti. Bu Yas Yuvas\u0131 i\u015fte bu s\u00fcrecin sars\u0131c\u0131 hik\u00e2yesini anlat\u0131yor. Yasl\u0131 anne ve babadan ba\u015flayarak savunma ve iddia makam\u0131na, j\u00fcri \u00fcyelerine, tan\u0131klara, bilirki\u015filere ve davay\u0131 izleyen gazetecilere var\u0131ncaya dek herkesin bir roman\u0131n ki\u015fileri gibi belirdi\u011fi anlat\u0131, Garner\u2019\u0131n d\u00fcr\u00fcst ve ustal\u0131kl\u0131 anlat\u0131c\u0131l\u0131\u011f\u0131 sayesinde true crime ve mahkeme r\u00f6portaj\u0131 gibi t\u00fcrlerin s\u0131n\u0131rlar\u0131n\u0131 a\u015farak aile, evlilik, su\u00e7, masumiyet ve adalet \u00fczerine unutulmaz bir kitaba d\u00f6n\u00fc\u015f\u00fcyor.      \u201cKat\u0131l\u0131mc\u0131lardan pek az\u0131n\u0131n \u00f6ng\u00f6r\u00fclere uygun davrand\u0131\u011f\u0131 bir cinayet davas\u0131n\u0131n s\u00fcr\u00fckleyici hik\u00e2yesi. Yaln\u0131zca ne olup bitti\u011finin de\u011fil, neye inanmay\u0131 tercih etti\u011fimizin ve neye inanmaya cesaret edemedi\u011fimizin de bir incelemesi.\u201d Julian Barnes   \u201cGarner esasen anlat\u0131 formunun s\u0131n\u0131rlar\u0131n\u0131n \u00f6tesinde kalan zorlu meselelerle s\u0131n\u0131f, toplumsal cinsiyet ve iktidara ili\u015fkin k\u00f6kle\u015fmi\u015f varsay\u0131mlarla; bir ba\u015fkas\u0131n\u0131n davran\u0131\u015flar\u0131n\u0131n alt\u0131nda yatan saikleri ne kadar iyi anlayabilece\u011fimiz sorunuyla me\u015fgul.\u201d                                                                                                             James Wood <\/p>\n","protected":false},"excerpt":{"rendered":"<p>\u00dc\u00e7 erkek \u00e7ocuk babas\u0131, e\u015finden bo\u015fanm\u0131\u015f Robert Farquharson\u2019\u0131n arabas\u0131 2005 y\u0131l\u0131n\u0131n Babalar G\u00fcn\u00fc\u2019nde \u00e7ocuklar\u0131n\u0131 annelerinin evine b\u0131rak\u0131rken yoldan \u00e7\u0131kar ve bir sulama baraj\u0131na g\u00f6m\u00fcl\u00fcr. Farquharson arabadan<span class=\"excerpt-hellip\"> [\u2026]<\/span><\/p>\n","protected":false},"featured_media":0,"template":"","meta":{"_monsterinsights_skip_tracking":false,"_monsterinsights_sitenote_active":false,"_monsterinsights_sitenote_note":"","_monsterinsights_sitenote_category":0},"product_brand":[],"product_cat":[13072,12291],"product_tag":[],"class_list":{"0":"post-762349","1":"product","2":"type-product","3":"status-publish","5":"product_cat-arastirma-inceleme-referans","6":"product_cat-edebiyat","7":"pa_cilt-ciltsiz","8":"pa_tur-kitap","9":"pa_yayinevi-yapi-kredi-yayinlari","10":"pa_yazar-helen-garner","12":"first","13":"instock","14":"sale","15":"shipping-taxable","16":"purchasable","17":"product-type-simple"},"_links":{"self":[{"href":"https:\/\/roveyayinevi.com.tr\/index.php\/wp-json\/wp\/v2\/product\/762349","targetHints":{"allow":["GET"]}}],"collection":[{"href":"https:\/\/roveyayinevi.com.tr\/index.php\/wp-json\/wp\/v2\/product"}],"about":[{"href":"https:\/\/roveyayinevi.com.tr\/index.php\/wp-json\/wp\/v2\/types\/product"}],"wp:attachment":[{"href":"https:\/\/roveyayinevi.com.tr\/index.php\/wp-json\/wp\/v2\/media?parent=762349"}],"wp:term":[{"taxonomy":"product_brand","embeddable":true,"href":"https:\/\/roveyayinevi.com.tr\/index.php\/wp-json\/wp\/v2\/product_brand?post=762349"},{"taxonomy":"product_cat","embeddable":true,"href":"https:\/\/roveyayinevi.com.tr\/index.php\/wp-json\/wp\/v2\/product_cat?post=762349"},{"taxonomy":"product_tag","embeddable":true,"href":"https:\/\/roveyayinevi.com.tr\/index.php\/wp-json\/wp\/v2\/product_tag?post=762349"}],"curies":[{"name":"wp","href":"https:\/\/api.w.org\/{rel}","templated":true}]}}