{"id":762347,"date":"2025-08-28T10:05:55","date_gmt":"2025-08-28T07:05:55","guid":{"rendered":"https:\/\/roveyayinevi.com.tr\/index.php\/urun\/aethra\/"},"modified":"2026-04-15T03:27:17","modified_gmt":"2026-04-15T00:27:17","slug":"aethra","status":"publish","type":"product","link":"https:\/\/roveyayinevi.com.tr\/index.php\/urun\/aethra\/","title":{"rendered":"Aethra"},"content":{"rendered":"<p>As\u0131rlarda biriken ruhlar\u0131n soluklar\u0131n\u0131n kar\u0131\u015ft\u0131\u011f\u0131 o yerde, insanlar\u0131n aras\u0131nda bir karanl\u0131kt\u0131, yaln\u0131z \u00f6l\u00fcm mele\u011fi. Varl\u0131\u011f\u0131n\u0131n evrene ait olmay\u0131\u015f\u0131n\u0131n yan\u0131nda, d\u00fcnyay\u0131 omuzlar\u0131nda ta\u015f\u0131yan titand\u0131 tek ger\u00e7e\u011fi. AETHRA lanetli hayatlar\u0131 i\u015flerken hanesine, kaderin ipleri ona bir Elris getirdi ancak meleklerin dilinde \u201ckurban\u201d olan bu ki\u015fi, insan do\u011fas\u0131yla yeniden do\u011fan en kutsal miti dile getirecekti; A\u015eK\u2026 <\/p>\n","protected":false},"excerpt":{"rendered":"<p>As\u0131rlarda biriken ruhlar\u0131n soluklar\u0131n\u0131n kar\u0131\u015ft\u0131\u011f\u0131 o yerde, insanlar\u0131n aras\u0131nda bir karanl\u0131kt\u0131, yaln\u0131z \u00f6l\u00fcm mele\u011fi. Varl\u0131\u011f\u0131n\u0131n evrene ait olmay\u0131\u015f\u0131n\u0131n yan\u0131nda, d\u00fcnyay\u0131 omuzlar\u0131nda ta\u015f\u0131yan titand\u0131 tek ger\u00e7e\u011fi. AETHRA<span class=\"excerpt-hellip\"> [\u2026]<\/span><\/p>\n","protected":false},"featured_media":0,"template":"","meta":{"_monsterinsights_skip_tracking":false,"_monsterinsights_sitenote_active":false,"_monsterinsights_sitenote_note":"","_monsterinsights_sitenote_category":0},"product_brand":[],"product_cat":[12291,14777],"product_tag":[],"class_list":{"0":"post-762347","1":"product","2":"type-product","3":"status-publish","5":"product_cat-edebiyat","6":"product_cat-fantastik","7":"pa_cilt-ciltsiz","8":"pa_tur-kitap","9":"pa_yayinevi-kitap-muptelasi-yayinlari","10":"pa_yazar-oyku-deniz-kantemir","12":"first","13":"instock","14":"sale","15":"shipping-taxable","16":"purchasable","17":"product-type-simple"},"_links":{"self":[{"href":"https:\/\/roveyayinevi.com.tr\/index.php\/wp-json\/wp\/v2\/product\/762347","targetHints":{"allow":["GET"]}}],"collection":[{"href":"https:\/\/roveyayinevi.com.tr\/index.php\/wp-json\/wp\/v2\/product"}],"about":[{"href":"https:\/\/roveyayinevi.com.tr\/index.php\/wp-json\/wp\/v2\/types\/product"}],"wp:attachment":[{"href":"https:\/\/roveyayinevi.com.tr\/index.php\/wp-json\/wp\/v2\/media?parent=762347"}],"wp:term":[{"taxonomy":"product_brand","embeddable":true,"href":"https:\/\/roveyayinevi.com.tr\/index.php\/wp-json\/wp\/v2\/product_brand?post=762347"},{"taxonomy":"product_cat","embeddable":true,"href":"https:\/\/roveyayinevi.com.tr\/index.php\/wp-json\/wp\/v2\/product_cat?post=762347"},{"taxonomy":"product_tag","embeddable":true,"href":"https:\/\/roveyayinevi.com.tr\/index.php\/wp-json\/wp\/v2\/product_tag?post=762347"}],"curies":[{"name":"wp","href":"https:\/\/api.w.org\/{rel}","templated":true}]}}