{"id":762346,"date":"2025-08-28T10:05:53","date_gmt":"2025-08-28T07:05:53","guid":{"rendered":"https:\/\/roveyayinevi.com.tr\/index.php\/urun\/kavun-kokusu\/"},"modified":"2026-04-15T03:27:17","modified_gmt":"2026-04-15T00:27:17","slug":"kavun-kokusu","status":"publish","type":"product","link":"https:\/\/roveyayinevi.com.tr\/index.php\/urun\/kavun-kokusu\/","title":{"rendered":"Kavun Kokusu"},"content":{"rendered":"<p>\u00c7ocuklu\u011fum, i\u00e7imdeki kocaman \u00f6zlemim\u2026 \u00c7ocuklu\u011fum, arkamda kalan en g\u00fczel ayak izlerim ve bu ayak izlerinin her bir karesine \u015fahitlik eden k\u00f6y\u00fcm\u2026 Her k\u00f6y\u00fcn hikayesi farkl\u0131d\u0131r, her insan\u0131n da\u2026 Kavun kokusuyla bezenmi\u015f, gen\u00e7 bir k\u00f6yl\u00fc k\u0131z\u0131n s\u0131ms\u0131cak hikayesi\u2026 Bir bak\u0131\u015f, bir g\u00fcl\u00fcmseme akl\u0131n\u0131 ba\u015f\u0131ndan ald\u0131. Peki ya gitmeli mi o akl\u0131n\u0131 ba\u015f\u0131ndan alan\u0131n ard\u0131ndan? <\/p>\n","protected":false},"excerpt":{"rendered":"<p>\u00c7ocuklu\u011fum, i\u00e7imdeki kocaman \u00f6zlemim\u2026 \u00c7ocuklu\u011fum, arkamda kalan en g\u00fczel ayak izlerim ve bu ayak izlerinin her bir karesine \u015fahitlik eden k\u00f6y\u00fcm\u2026 Her k\u00f6y\u00fcn hikayesi farkl\u0131d\u0131r, her<span class=\"excerpt-hellip\"> [\u2026]<\/span><\/p>\n","protected":false},"featured_media":0,"template":"","meta":{"_monsterinsights_skip_tracking":false,"_monsterinsights_sitenote_active":false,"_monsterinsights_sitenote_note":"","_monsterinsights_sitenote_category":0},"product_brand":[],"product_cat":[12291,12711],"product_tag":[],"class_list":{"0":"post-762346","1":"product","2":"type-product","3":"status-publish","5":"product_cat-edebiyat","6":"product_cat-roman-oyku","7":"pa_cilt-ciltsiz","8":"pa_tur-kitap","9":"pa_yayinevi-kitap-muptelasi-yayinlari","10":"pa_yazar-esin-fidanoglu","12":"first","13":"instock","14":"sale","15":"shipping-taxable","16":"purchasable","17":"product-type-simple"},"_links":{"self":[{"href":"https:\/\/roveyayinevi.com.tr\/index.php\/wp-json\/wp\/v2\/product\/762346","targetHints":{"allow":["GET"]}}],"collection":[{"href":"https:\/\/roveyayinevi.com.tr\/index.php\/wp-json\/wp\/v2\/product"}],"about":[{"href":"https:\/\/roveyayinevi.com.tr\/index.php\/wp-json\/wp\/v2\/types\/product"}],"wp:attachment":[{"href":"https:\/\/roveyayinevi.com.tr\/index.php\/wp-json\/wp\/v2\/media?parent=762346"}],"wp:term":[{"taxonomy":"product_brand","embeddable":true,"href":"https:\/\/roveyayinevi.com.tr\/index.php\/wp-json\/wp\/v2\/product_brand?post=762346"},{"taxonomy":"product_cat","embeddable":true,"href":"https:\/\/roveyayinevi.com.tr\/index.php\/wp-json\/wp\/v2\/product_cat?post=762346"},{"taxonomy":"product_tag","embeddable":true,"href":"https:\/\/roveyayinevi.com.tr\/index.php\/wp-json\/wp\/v2\/product_tag?post=762346"}],"curies":[{"name":"wp","href":"https:\/\/api.w.org\/{rel}","templated":true}]}}