{"id":762344,"date":"2025-08-28T10:05:49","date_gmt":"2025-08-28T07:05:49","guid":{"rendered":"https:\/\/roveyayinevi.com.tr\/index.php\/urun\/insanligimi-yitirirken-4\/"},"modified":"2026-04-15T03:27:17","modified_gmt":"2026-04-15T00:27:17","slug":"insanligimi-yitirirken-4","status":"publish","type":"product","link":"https:\/\/roveyayinevi.com.tr\/index.php\/urun\/insanligimi-yitirirken-4\/","title":{"rendered":"\u0130nsanl\u0131\u011f\u0131m\u0131 Yitirirken"},"content":{"rendered":"<p>\u0130nsanlar\u0131n kar\u015f\u0131s\u0131nda hep korku i\u00e7inde titrerdim. \u0130nsan gibi konu\u015fma ve davranma yetene\u011fime en ufak bir g\u00fcven duymad\u0131\u011f\u0131m i\u00e7in tek ba\u015f\u0131ma ya\u015fad\u0131\u011f\u0131m ac\u0131lar\u0131 i\u00e7imde saklad\u0131m. Melankolimi ve huzursuzlu\u011fumu gizledim, belli olmas\u0131n diye epey gayret ettim. G\u00f6r\u00fcn\u00fc\u015fte masum bir iyimserlik sergiledim; ger\u00e7ek duygular\u0131m\u0131 gizleye gizleye komik bir tuhaf karakter rol\u00fcnde m\u00fckemmelle\u015ftim.<\/p>\n","protected":false},"excerpt":{"rendered":"<p>\u0130nsanlar\u0131n kar\u015f\u0131s\u0131nda hep korku i\u00e7inde titrerdim. \u0130nsan gibi konu\u015fma ve davranma yetene\u011fime en ufak bir g\u00fcven duymad\u0131\u011f\u0131m i\u00e7in tek ba\u015f\u0131ma ya\u015fad\u0131\u011f\u0131m ac\u0131lar\u0131 i\u00e7imde saklad\u0131m. Melankolimi ve<span class=\"excerpt-hellip\"> [\u2026]<\/span><\/p>\n","protected":false},"featured_media":0,"template":"","meta":{"_monsterinsights_skip_tracking":false,"_monsterinsights_sitenote_active":false,"_monsterinsights_sitenote_note":"","_monsterinsights_sitenote_category":0},"product_brand":[],"product_cat":[12291,12711],"product_tag":[],"class_list":{"0":"post-762344","1":"product","2":"type-product","3":"status-publish","5":"product_cat-edebiyat","6":"product_cat-roman-oyku","7":"pa_cilt-ciltsiz","8":"pa_tur-kitap","9":"pa_yayinevi-kitap-muptelasi-yayinlari","10":"pa_yazar-osamu-dazai","12":"first","13":"instock","14":"sale","15":"shipping-taxable","16":"purchasable","17":"product-type-simple"},"_links":{"self":[{"href":"https:\/\/roveyayinevi.com.tr\/index.php\/wp-json\/wp\/v2\/product\/762344","targetHints":{"allow":["GET"]}}],"collection":[{"href":"https:\/\/roveyayinevi.com.tr\/index.php\/wp-json\/wp\/v2\/product"}],"about":[{"href":"https:\/\/roveyayinevi.com.tr\/index.php\/wp-json\/wp\/v2\/types\/product"}],"wp:attachment":[{"href":"https:\/\/roveyayinevi.com.tr\/index.php\/wp-json\/wp\/v2\/media?parent=762344"}],"wp:term":[{"taxonomy":"product_brand","embeddable":true,"href":"https:\/\/roveyayinevi.com.tr\/index.php\/wp-json\/wp\/v2\/product_brand?post=762344"},{"taxonomy":"product_cat","embeddable":true,"href":"https:\/\/roveyayinevi.com.tr\/index.php\/wp-json\/wp\/v2\/product_cat?post=762344"},{"taxonomy":"product_tag","embeddable":true,"href":"https:\/\/roveyayinevi.com.tr\/index.php\/wp-json\/wp\/v2\/product_tag?post=762344"}],"curies":[{"name":"wp","href":"https:\/\/api.w.org\/{rel}","templated":true}]}}