{"id":762340,"date":"2025-08-28T10:05:41","date_gmt":"2025-08-28T07:05:41","guid":{"rendered":"https:\/\/roveyayinevi.com.tr\/index.php\/urun\/osmanli-fetvalarinda-muamele-i-seriyye-bey-i-ine\/"},"modified":"2026-04-15T03:27:16","modified_gmt":"2026-04-15T00:27:16","slug":"osmanli-fetvalarinda-muamele-i-seriyye-bey-i-ine","status":"publish","type":"product","link":"https:\/\/roveyayinevi.com.tr\/index.php\/urun\/osmanli-fetvalarinda-muamele-i-seriyye-bey-i-ine\/","title":{"rendered":"Osmanl\u0131 Fetvalar\u0131nda Muamele-i \u015eer\u2019iyye Bey\u2018-i \u0130ne"},"content":{"rendered":"<p>Bu \u00e7al\u0131\u015fmada ele al\u0131nan klasik f\u0131k\u0131h kaynaklar\u0131nda \u00eene (iyne) akdi diye ge\u00e7en, Osmanl\u0131 fukah\u00e2s\u0131 taraf\u0131ndan \u201cmu\u00e2mele-i \u015fer\u2018iyye\u201d diye adland\u0131r\u0131lan bu akid t\u00fcr\u00fc, ilk as\u0131rlardan itibaren f\u0131k\u0131h kaynaklar\u0131nda tart\u0131\u015f\u0131lan ihtilafl\u0131 konulardan biri olmu\u015ftur. Hanefi mezhebinde de hakk\u0131nda farkl\u0131 g\u00f6r\u00fc\u015fler olsa da Osmanl\u0131 tatbikat\u0131 bu akdin me\u015fruiyeti \u00fczerinde \u015fekillenmi\u015ftir. <\/p>\n","protected":false},"excerpt":{"rendered":"<p>Bu \u00e7al\u0131\u015fmada ele al\u0131nan klasik f\u0131k\u0131h kaynaklar\u0131nda \u00eene (iyne) akdi diye ge\u00e7en, Osmanl\u0131 fukah\u00e2s\u0131 taraf\u0131ndan \u201cmu\u00e2mele-i \u015fer\u2018iyye\u201d diye adland\u0131r\u0131lan bu akid t\u00fcr\u00fc, ilk as\u0131rlardan itibaren f\u0131k\u0131h<span class=\"excerpt-hellip\"> [\u2026]<\/span><\/p>\n","protected":false},"featured_media":0,"template":"","meta":{"_monsterinsights_skip_tracking":false,"_monsterinsights_sitenote_active":false,"_monsterinsights_sitenote_note":"","_monsterinsights_sitenote_category":0},"product_brand":[],"product_cat":[12573,12566],"product_tag":[],"class_list":{"0":"post-762340","1":"product","2":"type-product","3":"status-publish","5":"product_cat-akademik-kitaplar","6":"product_cat-egitim","7":"pa_cilt-ciltsiz","8":"pa_tur-kitap","9":"pa_yayinevi-soncag-akademik-kitaplar","10":"pa_yazar-ahmet-inanir","12":"first","13":"instock","14":"sale","15":"shipping-taxable","16":"purchasable","17":"product-type-simple"},"_links":{"self":[{"href":"https:\/\/roveyayinevi.com.tr\/index.php\/wp-json\/wp\/v2\/product\/762340","targetHints":{"allow":["GET"]}}],"collection":[{"href":"https:\/\/roveyayinevi.com.tr\/index.php\/wp-json\/wp\/v2\/product"}],"about":[{"href":"https:\/\/roveyayinevi.com.tr\/index.php\/wp-json\/wp\/v2\/types\/product"}],"wp:attachment":[{"href":"https:\/\/roveyayinevi.com.tr\/index.php\/wp-json\/wp\/v2\/media?parent=762340"}],"wp:term":[{"taxonomy":"product_brand","embeddable":true,"href":"https:\/\/roveyayinevi.com.tr\/index.php\/wp-json\/wp\/v2\/product_brand?post=762340"},{"taxonomy":"product_cat","embeddable":true,"href":"https:\/\/roveyayinevi.com.tr\/index.php\/wp-json\/wp\/v2\/product_cat?post=762340"},{"taxonomy":"product_tag","embeddable":true,"href":"https:\/\/roveyayinevi.com.tr\/index.php\/wp-json\/wp\/v2\/product_tag?post=762340"}],"curies":[{"name":"wp","href":"https:\/\/api.w.org\/{rel}","templated":true}]}}