{"id":762339,"date":"2025-08-28T10:05:39","date_gmt":"2025-08-28T07:05:39","guid":{"rendered":"https:\/\/roveyayinevi.com.tr\/index.php\/urun\/toplu-oyunlar-1-2\/"},"modified":"2026-04-15T03:27:16","modified_gmt":"2026-04-15T00:27:16","slug":"toplu-oyunlar-1-2","status":"publish","type":"product","link":"https:\/\/roveyayinevi.com.tr\/index.php\/urun\/toplu-oyunlar-1-2\/","title":{"rendered":"Toplu Oyunlar 1"},"content":{"rendered":"<p>Kald\u0131m yine kendi kendime. \u0130lk ba\u015ftaki gibi. Olsun ama art\u0131k trendeyim. Ne g\u00fczel karn\u0131m tok s\u0131rt\u0131m pek. D\u00fczen i\u00e7erisinde bir piyon olabildim sonunda. Amac\u0131m bu muydu? Ben s\u00f6ylenmemi\u015f s\u00f6zlere terc\u00fcman olacakt\u0131m. Akmayan g\u00f6z ya\u015flar\u0131n\u0131n akarsuyu olacakt\u0131m. Ne umdum ne buldum. Kendi sesim kendi ne nefesimdim halbuki. \u015eimdi d\u00fczenin bir par\u00e7as\u0131 olmaktan ba\u015fka \u00e7arem yok. Ne kadar ac\u0131. Makinist g\u00f6revini yap\u0131yor el\u00e7i de beni g\u00f6zetliyor. Ben\u2026 Ben anca kendimle u\u011fra\u015f\u0131r\u0131m. Kendimi dinlerim. Bu tren durdu\u011funda seneler ge\u00e7mi\u015f olacak ben ne olaca\u011f\u0131m peki? Zaten ben var m\u0131yd\u0131m? Hi\u00e7 var oldum mu?<\/p>\n","protected":false},"excerpt":{"rendered":"<p>Kald\u0131m yine kendi kendime. \u0130lk ba\u015ftaki gibi. Olsun ama art\u0131k trendeyim. Ne g\u00fczel karn\u0131m tok s\u0131rt\u0131m pek. D\u00fczen i\u00e7erisinde bir piyon olabildim sonunda. Amac\u0131m bu muydu?<span class=\"excerpt-hellip\"> [\u2026]<\/span><\/p>\n","protected":false},"featured_media":0,"template":"","meta":{"_monsterinsights_skip_tracking":false,"_monsterinsights_sitenote_active":false,"_monsterinsights_sitenote_note":"","_monsterinsights_sitenote_category":0},"product_brand":[],"product_cat":[12291,14272],"product_tag":[],"class_list":{"0":"post-762339","1":"product","2":"type-product","3":"status-publish","5":"product_cat-edebiyat","6":"product_cat-tiyatro","7":"pa_cilt-ciltsiz","8":"pa_tur-kitap","9":"pa_yayinevi-kmd-yayinlari","10":"pa_yazar-kamil-samet-selcuk","12":"first","13":"instock","14":"sale","15":"shipping-taxable","16":"purchasable","17":"product-type-simple"},"_links":{"self":[{"href":"https:\/\/roveyayinevi.com.tr\/index.php\/wp-json\/wp\/v2\/product\/762339","targetHints":{"allow":["GET"]}}],"collection":[{"href":"https:\/\/roveyayinevi.com.tr\/index.php\/wp-json\/wp\/v2\/product"}],"about":[{"href":"https:\/\/roveyayinevi.com.tr\/index.php\/wp-json\/wp\/v2\/types\/product"}],"wp:attachment":[{"href":"https:\/\/roveyayinevi.com.tr\/index.php\/wp-json\/wp\/v2\/media?parent=762339"}],"wp:term":[{"taxonomy":"product_brand","embeddable":true,"href":"https:\/\/roveyayinevi.com.tr\/index.php\/wp-json\/wp\/v2\/product_brand?post=762339"},{"taxonomy":"product_cat","embeddable":true,"href":"https:\/\/roveyayinevi.com.tr\/index.php\/wp-json\/wp\/v2\/product_cat?post=762339"},{"taxonomy":"product_tag","embeddable":true,"href":"https:\/\/roveyayinevi.com.tr\/index.php\/wp-json\/wp\/v2\/product_tag?post=762339"}],"curies":[{"name":"wp","href":"https:\/\/api.w.org\/{rel}","templated":true}]}}