{"id":762338,"date":"2025-08-28T10:05:37","date_gmt":"2025-08-28T07:05:37","guid":{"rendered":"https:\/\/roveyayinevi.com.tr\/index.php\/urun\/bipolarla-mucadele\/"},"modified":"2026-04-15T03:27:16","modified_gmt":"2026-04-15T00:27:16","slug":"bipolarla-mucadele","status":"publish","type":"product","link":"https:\/\/roveyayinevi.com.tr\/index.php\/urun\/bipolarla-mucadele\/","title":{"rendered":"Bipolarla M\u00fccadele"},"content":{"rendered":"<p>Asla hayat\u0131n sonu de\u011fil B\u00fcy\u00fck bir hayal k\u0131r\u0131kl\u0131\u011f\u0131na gerek yok \u0130la\u00e7lar bizim sigortam\u0131z. D\u00fczenli bir hayatla her \u015fey yoluna giriyor. \u0130nanmak, Azmetmek ve Ba\u015farmak. \u00c7ok zor de\u011fil g\u00fcvenin bana. Kendinize d\u00fcnyan\u0131n merkezi gibi g\u00f6rmeyin. Sizin gibi bu hastal\u0131\u011fa sahip bir s\u00fcr\u00fc insan var siz de onlardan birisisiniz.<\/p>\n","protected":false},"excerpt":{"rendered":"<p>Asla hayat\u0131n sonu de\u011fil B\u00fcy\u00fck bir hayal k\u0131r\u0131kl\u0131\u011f\u0131na gerek yok \u0130la\u00e7lar bizim sigortam\u0131z. D\u00fczenli bir hayatla her \u015fey yoluna giriyor. \u0130nanmak, Azmetmek ve Ba\u015farmak. \u00c7ok zor<span class=\"excerpt-hellip\"> [\u2026]<\/span><\/p>\n","protected":false},"featured_media":0,"template":"","meta":{"_monsterinsights_skip_tracking":false,"_monsterinsights_sitenote_active":false,"_monsterinsights_sitenote_note":"","_monsterinsights_sitenote_category":0},"product_brand":[],"product_cat":[13701,12291],"product_tag":[],"class_list":{"0":"post-762338","1":"product","2":"type-product","3":"status-publish","5":"product_cat-ani-mektup-gunluk","6":"product_cat-edebiyat","7":"pa_cilt-ciltsiz","8":"pa_tur-kitap","9":"pa_yayinevi-kmd-yayinlari","10":"pa_yazar-kamil-samet-selcuk","12":"first","13":"instock","14":"sale","15":"shipping-taxable","16":"purchasable","17":"product-type-simple"},"_links":{"self":[{"href":"https:\/\/roveyayinevi.com.tr\/index.php\/wp-json\/wp\/v2\/product\/762338","targetHints":{"allow":["GET"]}}],"collection":[{"href":"https:\/\/roveyayinevi.com.tr\/index.php\/wp-json\/wp\/v2\/product"}],"about":[{"href":"https:\/\/roveyayinevi.com.tr\/index.php\/wp-json\/wp\/v2\/types\/product"}],"wp:attachment":[{"href":"https:\/\/roveyayinevi.com.tr\/index.php\/wp-json\/wp\/v2\/media?parent=762338"}],"wp:term":[{"taxonomy":"product_brand","embeddable":true,"href":"https:\/\/roveyayinevi.com.tr\/index.php\/wp-json\/wp\/v2\/product_brand?post=762338"},{"taxonomy":"product_cat","embeddable":true,"href":"https:\/\/roveyayinevi.com.tr\/index.php\/wp-json\/wp\/v2\/product_cat?post=762338"},{"taxonomy":"product_tag","embeddable":true,"href":"https:\/\/roveyayinevi.com.tr\/index.php\/wp-json\/wp\/v2\/product_tag?post=762338"}],"curies":[{"name":"wp","href":"https:\/\/api.w.org\/{rel}","templated":true}]}}