{"id":762335,"date":"2025-08-28T10:05:31","date_gmt":"2025-08-28T07:05:31","guid":{"rendered":"https:\/\/roveyayinevi.com.tr\/index.php\/urun\/guz-mavisi\/"},"modified":"2026-04-15T03:27:16","modified_gmt":"2026-04-15T00:27:16","slug":"guz-mavisi","status":"publish","type":"product","link":"https:\/\/roveyayinevi.com.tr\/index.php\/urun\/guz-mavisi\/","title":{"rendered":"G\u00fcz Mavisi"},"content":{"rendered":"<p>\u201cBen bug\u00fcne kadar hayal kurmad\u0131m. Hayat\u0131mda hep ger\u00e7ekler oldu. Bir bakt\u0131m ki zaman ak\u0131p gitmi\u015f ve o an\u0131lar\u0131m \u00e7o\u011fu da haf\u0131zamdan \u00f6yle \u00e7\u0131kt\u0131lar ki onlar\u0131 hat\u0131rlamak i\u00e7in gere\u011finden fazla ekleme yapt\u0131m. Yine bakt\u0131m ki an\u0131lar\u0131m da hayal olmu\u015f. Sonu\u00e7ta, hepimiz birbirimiz i\u00e7in hayal de ekleme yapt\u0131\u011f\u0131m\u0131z duygu y\u0131\u011f\u0131n\u0131y\u0131z. Hayallerden kalaca\u011f\u0131z. Kuramad\u0131\u011f\u0131m b\u00fct\u00fcn hayallerimden \u00f6z\u00fcr diliyorum.&#8221;<\/p>\n","protected":false},"excerpt":{"rendered":"<p>\u201cBen bug\u00fcne kadar hayal kurmad\u0131m. Hayat\u0131mda hep ger\u00e7ekler oldu. Bir bakt\u0131m ki zaman ak\u0131p gitmi\u015f ve o an\u0131lar\u0131m \u00e7o\u011fu da haf\u0131zamdan \u00f6yle \u00e7\u0131kt\u0131lar ki onlar\u0131 hat\u0131rlamak<span class=\"excerpt-hellip\"> [\u2026]<\/span><\/p>\n","protected":false},"featured_media":0,"template":"","meta":{"_monsterinsights_skip_tracking":false,"_monsterinsights_sitenote_active":false,"_monsterinsights_sitenote_note":"","_monsterinsights_sitenote_category":0},"product_brand":[],"product_cat":[12291,12711],"product_tag":[],"class_list":{"0":"post-762335","1":"product","2":"type-product","3":"status-publish","5":"product_cat-edebiyat","6":"product_cat-roman-oyku","7":"pa_cilt-ciltsiz","8":"pa_tur-kitap","9":"pa_yayinevi-kmd-yayinlari","10":"pa_yazar-sinan-coskun","12":"first","13":"instock","14":"sale","15":"shipping-taxable","16":"purchasable","17":"product-type-simple"},"_links":{"self":[{"href":"https:\/\/roveyayinevi.com.tr\/index.php\/wp-json\/wp\/v2\/product\/762335","targetHints":{"allow":["GET"]}}],"collection":[{"href":"https:\/\/roveyayinevi.com.tr\/index.php\/wp-json\/wp\/v2\/product"}],"about":[{"href":"https:\/\/roveyayinevi.com.tr\/index.php\/wp-json\/wp\/v2\/types\/product"}],"wp:attachment":[{"href":"https:\/\/roveyayinevi.com.tr\/index.php\/wp-json\/wp\/v2\/media?parent=762335"}],"wp:term":[{"taxonomy":"product_brand","embeddable":true,"href":"https:\/\/roveyayinevi.com.tr\/index.php\/wp-json\/wp\/v2\/product_brand?post=762335"},{"taxonomy":"product_cat","embeddable":true,"href":"https:\/\/roveyayinevi.com.tr\/index.php\/wp-json\/wp\/v2\/product_cat?post=762335"},{"taxonomy":"product_tag","embeddable":true,"href":"https:\/\/roveyayinevi.com.tr\/index.php\/wp-json\/wp\/v2\/product_tag?post=762335"}],"curies":[{"name":"wp","href":"https:\/\/api.w.org\/{rel}","templated":true}]}}