{"id":762334,"date":"2025-08-28T10:05:29","date_gmt":"2025-08-28T07:05:29","guid":{"rendered":"https:\/\/roveyayinevi.com.tr\/index.php\/urun\/cennetin-kralicesi\/"},"modified":"2026-04-15T03:27:16","modified_gmt":"2026-04-15T00:27:16","slug":"cennetin-kralicesi","status":"publish","type":"product","link":"https:\/\/roveyayinevi.com.tr\/index.php\/urun\/cennetin-kralicesi\/","title":{"rendered":"Cennetin Krali\u00e7esi"},"content":{"rendered":"<p>Cennetin Krali\u00e7esi bir gizli kahramand\u0131r polis okulunda okuyan Serra hi\u00e7 tahmin etmedi\u011fi yollara girmi\u015ftir, ger\u00e7ek ailesini bulmaya \u00e7al\u0131\u015fan okul y\u00f6neticilerinin bu \u00e7abas\u0131n\u0131 takdir ediyor ama istemiyordur. Serra ger\u00e7ek ailesini bulabilecek miydi? \u00c7ok iyi bir polis olabilecek miydi? Yurt d\u0131\u015f\u0131nda \u00e7al\u0131\u015fabilecek miydi? Her serisinde sorular\u0131n cevab\u0131n\u0131 mutlaka bulabileceksiniz. <\/p>\n","protected":false},"excerpt":{"rendered":"<p>Cennetin Krali\u00e7esi bir gizli kahramand\u0131r polis okulunda okuyan Serra hi\u00e7 tahmin etmedi\u011fi yollara girmi\u015ftir, ger\u00e7ek ailesini bulmaya \u00e7al\u0131\u015fan okul y\u00f6neticilerinin bu \u00e7abas\u0131n\u0131 takdir ediyor ama istemiyordur.<span class=\"excerpt-hellip\"> [\u2026]<\/span><\/p>\n","protected":false},"featured_media":0,"template":"","meta":{"_monsterinsights_skip_tracking":false,"_monsterinsights_sitenote_active":false,"_monsterinsights_sitenote_note":"","_monsterinsights_sitenote_category":0},"product_brand":[],"product_cat":[12291,50487],"product_tag":[],"class_list":{"0":"post-762334","1":"product","2":"type-product","3":"status-publish","5":"product_cat-edebiyat","6":"product_cat-kurgu","7":"pa_cilt-ciltsiz","8":"pa_tur-kitap","9":"pa_yayinevi-kmd-yayinlari","10":"pa_yazar-ulku-seyma-atasever","12":"first","13":"instock","14":"sale","15":"shipping-taxable","16":"purchasable","17":"product-type-simple"},"_links":{"self":[{"href":"https:\/\/roveyayinevi.com.tr\/index.php\/wp-json\/wp\/v2\/product\/762334","targetHints":{"allow":["GET"]}}],"collection":[{"href":"https:\/\/roveyayinevi.com.tr\/index.php\/wp-json\/wp\/v2\/product"}],"about":[{"href":"https:\/\/roveyayinevi.com.tr\/index.php\/wp-json\/wp\/v2\/types\/product"}],"wp:attachment":[{"href":"https:\/\/roveyayinevi.com.tr\/index.php\/wp-json\/wp\/v2\/media?parent=762334"}],"wp:term":[{"taxonomy":"product_brand","embeddable":true,"href":"https:\/\/roveyayinevi.com.tr\/index.php\/wp-json\/wp\/v2\/product_brand?post=762334"},{"taxonomy":"product_cat","embeddable":true,"href":"https:\/\/roveyayinevi.com.tr\/index.php\/wp-json\/wp\/v2\/product_cat?post=762334"},{"taxonomy":"product_tag","embeddable":true,"href":"https:\/\/roveyayinevi.com.tr\/index.php\/wp-json\/wp\/v2\/product_tag?post=762334"}],"curies":[{"name":"wp","href":"https:\/\/api.w.org\/{rel}","templated":true}]}}