{"id":762333,"date":"2025-08-28T10:05:27","date_gmt":"2025-08-28T07:05:27","guid":{"rendered":"https:\/\/roveyayinevi.com.tr\/index.php\/urun\/bir-sairin-notlari\/"},"modified":"2026-04-15T03:27:16","modified_gmt":"2026-04-15T00:27:16","slug":"bir-sairin-notlari","status":"publish","type":"product","link":"https:\/\/roveyayinevi.com.tr\/index.php\/urun\/bir-sairin-notlari\/","title":{"rendered":"Bir \u015eairin Notlar\u0131"},"content":{"rendered":"<p>D\u00fcnya seninle g\u00fczelle\u015fti \u00e7ocuk Sa\u00e7\u0131n\u0131n k\u0131vr\u0131m\u0131na tutundum Do\u011fdu\u011fun g\u00fcn I\u015f\u0131k sa\u00e7an g\u00f6zlerim oldun O\u011flum dedim sana O\u011flumsun \u00e7\u00fcnk\u00fc Bak Deniz ilerde g\u00f6r\u00fcyorsun G\u00f6ky\u00fcz\u00fc \u00f6yle mavi Nas\u0131l tutunuyorsun r\u00fczg\u00e2ra Akl\u0131n almaz \u015fimdi Bir nefesine neler s\u0131\u011fd\u0131rd\u0131\u011f\u0131m\u0131 O\u011flum dedim sana O\u011flumsun \u00e7\u00fcnk\u00fc <\/p>\n","protected":false},"excerpt":{"rendered":"<p>D\u00fcnya seninle g\u00fczelle\u015fti \u00e7ocuk Sa\u00e7\u0131n\u0131n k\u0131vr\u0131m\u0131na tutundum Do\u011fdu\u011fun g\u00fcn I\u015f\u0131k sa\u00e7an g\u00f6zlerim oldun O\u011flum dedim sana O\u011flumsun \u00e7\u00fcnk\u00fc Bak Deniz ilerde g\u00f6r\u00fcyorsun G\u00f6ky\u00fcz\u00fc \u00f6yle mavi Nas\u0131l<span class=\"excerpt-hellip\"> [\u2026]<\/span><\/p>\n","protected":false},"featured_media":0,"template":"","meta":{"_monsterinsights_skip_tracking":false,"_monsterinsights_sitenote_active":false,"_monsterinsights_sitenote_note":"","_monsterinsights_sitenote_category":0},"product_brand":[],"product_cat":[12291,12509],"product_tag":[],"class_list":{"0":"post-762333","1":"product","2":"type-product","3":"status-publish","5":"product_cat-edebiyat","6":"product_cat-siir","7":"pa_cilt-ciltsiz","8":"pa_tur-kitap","9":"pa_yayinevi-kmd-yayinlari","10":"pa_yazar-erhan-akkayadan","12":"first","13":"instock","14":"sale","15":"shipping-taxable","16":"purchasable","17":"product-type-simple"},"_links":{"self":[{"href":"https:\/\/roveyayinevi.com.tr\/index.php\/wp-json\/wp\/v2\/product\/762333","targetHints":{"allow":["GET"]}}],"collection":[{"href":"https:\/\/roveyayinevi.com.tr\/index.php\/wp-json\/wp\/v2\/product"}],"about":[{"href":"https:\/\/roveyayinevi.com.tr\/index.php\/wp-json\/wp\/v2\/types\/product"}],"wp:attachment":[{"href":"https:\/\/roveyayinevi.com.tr\/index.php\/wp-json\/wp\/v2\/media?parent=762333"}],"wp:term":[{"taxonomy":"product_brand","embeddable":true,"href":"https:\/\/roveyayinevi.com.tr\/index.php\/wp-json\/wp\/v2\/product_brand?post=762333"},{"taxonomy":"product_cat","embeddable":true,"href":"https:\/\/roveyayinevi.com.tr\/index.php\/wp-json\/wp\/v2\/product_cat?post=762333"},{"taxonomy":"product_tag","embeddable":true,"href":"https:\/\/roveyayinevi.com.tr\/index.php\/wp-json\/wp\/v2\/product_tag?post=762333"}],"curies":[{"name":"wp","href":"https:\/\/api.w.org\/{rel}","templated":true}]}}