{"id":762332,"date":"2025-08-28T10:05:26","date_gmt":"2025-08-28T07:05:26","guid":{"rendered":"https:\/\/roveyayinevi.com.tr\/index.php\/urun\/salat-tepe-i-ciltli\/"},"modified":"2026-04-15T03:27:16","modified_gmt":"2026-04-15T00:27:16","slug":"salat-tepe-i-ciltli","status":"publish","type":"product","link":"https:\/\/roveyayinevi.com.tr\/index.php\/urun\/salat-tepe-i-ciltli\/","title":{"rendered":"Salat Tepe I (Ciltli)"},"content":{"rendered":"<p>Dicle nehri \u00fczerine in\u015fa edilen Il\u0131su Baraj\u0131 projesi kapsam\u0131nda 2000-2015 y\u0131llar\u0131 aras\u0131nda kurtarma kaz\u0131lar\u0131 y\u00fcr\u00fct\u00fclen Salat Tepe\u2019de M\u00d6 5200\u2019lerden Yak\u0131n \u00c7a\u011fa kadar uzanan uzun zaman dilimine yay\u0131lan k\u0131rsal yerle\u015fim katmalar\u0131 a\u00e7\u0131\u011fa \u00e7\u0131kar\u0131lm\u0131\u015ft\u0131r.Bu kitapta sonu\u00e7 raporu yay\u0131nlanan Salat Tepe III d\u00f6nemi,Demir \u00c7a\u011f\u0131 boyunca g\u00f6\u00e7ebe hayvanc\u0131l\u0131kla ge\u00e7inen topluklar\u0131n k\u0131\u015fl\u0131k bar\u0131nak alan\u0131 olarak kullan\u0131lm\u0131\u015ft\u0131r.Bu katmanlardan elde edilen veriler,mevsimlik yerle\u015fim alanlar\u0131n\u0131n arkeolojik kal\u0131nt\u0131lar\u0131n\u0131 sunmaktad\u0131r.<\/p>\n","protected":false},"excerpt":{"rendered":"<p>Dicle nehri \u00fczerine in\u015fa edilen Il\u0131su Baraj\u0131 projesi kapsam\u0131nda 2000-2015 y\u0131llar\u0131 aras\u0131nda kurtarma kaz\u0131lar\u0131 y\u00fcr\u00fct\u00fclen Salat Tepe\u2019de M\u00d6 5200\u2019lerden Yak\u0131n \u00c7a\u011fa kadar uzanan uzun zaman dilimine<span class=\"excerpt-hellip\"> [\u2026]<\/span><\/p>\n","protected":false},"featured_media":0,"template":"","meta":{"_monsterinsights_skip_tracking":false,"_monsterinsights_sitenote_active":false,"_monsterinsights_sitenote_note":"","_monsterinsights_sitenote_category":0},"product_brand":[],"product_cat":[52477,52478],"product_tag":[],"class_list":{"0":"post-762332","1":"product","2":"type-product","3":"status-publish","5":"product_cat-arastirma","6":"product_cat-arkeoloji","7":"pa_cilt-ciltli","8":"pa_tur-kitap","9":"pa_yayinevi-bilgin-kultur-sanat","10":"pa_yazar-kolektif","12":"first","13":"instock","14":"sale","15":"shipping-taxable","16":"purchasable","17":"product-type-simple"},"_links":{"self":[{"href":"https:\/\/roveyayinevi.com.tr\/index.php\/wp-json\/wp\/v2\/product\/762332","targetHints":{"allow":["GET"]}}],"collection":[{"href":"https:\/\/roveyayinevi.com.tr\/index.php\/wp-json\/wp\/v2\/product"}],"about":[{"href":"https:\/\/roveyayinevi.com.tr\/index.php\/wp-json\/wp\/v2\/types\/product"}],"wp:attachment":[{"href":"https:\/\/roveyayinevi.com.tr\/index.php\/wp-json\/wp\/v2\/media?parent=762332"}],"wp:term":[{"taxonomy":"product_brand","embeddable":true,"href":"https:\/\/roveyayinevi.com.tr\/index.php\/wp-json\/wp\/v2\/product_brand?post=762332"},{"taxonomy":"product_cat","embeddable":true,"href":"https:\/\/roveyayinevi.com.tr\/index.php\/wp-json\/wp\/v2\/product_cat?post=762332"},{"taxonomy":"product_tag","embeddable":true,"href":"https:\/\/roveyayinevi.com.tr\/index.php\/wp-json\/wp\/v2\/product_tag?post=762332"}],"curies":[{"name":"wp","href":"https:\/\/api.w.org\/{rel}","templated":true}]}}