{"id":762327,"date":"2025-08-28T10:05:15","date_gmt":"2025-08-28T07:05:15","guid":{"rendered":"https:\/\/roveyayinevi.com.tr\/index.php\/urun\/aynadaki-hanimefendi\/"},"modified":"2026-04-15T03:27:16","modified_gmt":"2026-04-15T00:27:16","slug":"aynadaki-hanimefendi","status":"publish","type":"product","link":"https:\/\/roveyayinevi.com.tr\/index.php\/urun\/aynadaki-hanimefendi\/","title":{"rendered":"Aynadaki Han\u0131mefendi"},"content":{"rendered":"<p>\u0130nsanlar a\u00e7\u0131k \u00e7ek defterlerini ya da i\u015fledikleri korkun\u00e7 bir su\u00e7u itiraf ettikleri mektuplar\u0131 ortal\u0131kta b\u0131rakmad\u0131klar\u0131 gibi odalar\u0131na da ayna asmamal\u0131lar.   Bu derlemede yer alan be\u015f \u00f6yk\u00fcde k\u00e2h bir aynadan yans\u0131yanlar\u0131 izliyor, k\u00e2h g\u00fcn \u0131\u015f\u0131\u011f\u0131n\u0131, do\u011fay\u0131 ve ya\u015fam\u0131 kutsuyor, k\u00e2h erkeklerin i\u015fe yaray\u0131p yaramad\u0131\u011f\u0131n\u0131 sorgulayan bir kad\u0131n cemiyetinin sohbetlerine ortak oluyoruz. Virginia Woolf, gen\u00e7li\u011fi ve gen\u00e7 bedenleri olumlayan bir toplumda kad\u0131n olarak ya\u015flanmaya kar\u015f\u0131 duyulan kolektif korkuyu ara\u015ft\u0131r\u0131rken Edward d\u00f6nemi materyalizmine zarif ama ayn\u0131 zamanda alayc\u0131 bir \u00fcslupla cesur bir ele\u015ftiri getiriyor.   \u201cVirginia Woolf \u00f6nc\u00fc bir edebiyat\u00e7\u0131 ve modernist d\u00f6nemin tart\u0131\u015fmas\u0131z en b\u00fcy\u00fck \u0130ngiliz yazar\u0131yd\u0131.\u201d The Book Collector <\/p>\n","protected":false},"excerpt":{"rendered":"<p>\u0130nsanlar a\u00e7\u0131k \u00e7ek defterlerini ya da i\u015fledikleri korkun\u00e7 bir su\u00e7u itiraf ettikleri mektuplar\u0131 ortal\u0131kta b\u0131rakmad\u0131klar\u0131 gibi odalar\u0131na da ayna asmamal\u0131lar. Bu derlemede yer alan be\u015f \u00f6yk\u00fcde<span class=\"excerpt-hellip\"> [\u2026]<\/span><\/p>\n","protected":false},"featured_media":0,"template":"","meta":{"_monsterinsights_skip_tracking":false,"_monsterinsights_sitenote_active":false,"_monsterinsights_sitenote_note":"","_monsterinsights_sitenote_category":0},"product_brand":[],"product_cat":[12291,12711],"product_tag":[],"class_list":{"0":"post-762327","1":"product","2":"type-product","3":"status-publish","5":"product_cat-edebiyat","6":"product_cat-roman-oyku","7":"pa_cilt-ciltsiz","8":"pa_tur-kitap","9":"pa_yayinevi-can-yayinlari","10":"pa_yazar-virginia-woolf","12":"first","13":"instock","14":"sale","15":"shipping-taxable","16":"purchasable","17":"product-type-simple"},"_links":{"self":[{"href":"https:\/\/roveyayinevi.com.tr\/index.php\/wp-json\/wp\/v2\/product\/762327","targetHints":{"allow":["GET"]}}],"collection":[{"href":"https:\/\/roveyayinevi.com.tr\/index.php\/wp-json\/wp\/v2\/product"}],"about":[{"href":"https:\/\/roveyayinevi.com.tr\/index.php\/wp-json\/wp\/v2\/types\/product"}],"wp:attachment":[{"href":"https:\/\/roveyayinevi.com.tr\/index.php\/wp-json\/wp\/v2\/media?parent=762327"}],"wp:term":[{"taxonomy":"product_brand","embeddable":true,"href":"https:\/\/roveyayinevi.com.tr\/index.php\/wp-json\/wp\/v2\/product_brand?post=762327"},{"taxonomy":"product_cat","embeddable":true,"href":"https:\/\/roveyayinevi.com.tr\/index.php\/wp-json\/wp\/v2\/product_cat?post=762327"},{"taxonomy":"product_tag","embeddable":true,"href":"https:\/\/roveyayinevi.com.tr\/index.php\/wp-json\/wp\/v2\/product_tag?post=762327"}],"curies":[{"name":"wp","href":"https:\/\/api.w.org\/{rel}","templated":true}]}}