{"id":762326,"date":"2025-08-28T10:05:12","date_gmt":"2025-08-28T07:05:12","guid":{"rendered":"https:\/\/roveyayinevi.com.tr\/index.php\/urun\/mrs-dallowayin-partisi\/"},"modified":"2026-04-15T03:27:16","modified_gmt":"2026-04-15T00:27:16","slug":"mrs-dallowayin-partisi","status":"publish","type":"product","link":"https:\/\/roveyayinevi.com.tr\/index.php\/urun\/mrs-dallowayin-partisi\/","title":{"rendered":"Mrs. Dalloway&#8217;in Partisi"},"content":{"rendered":"<p>Kendi t\u00fcr\u00fcn\u00fc seven bu iki ki\u015fi birbirlerinden nefret ederek, onlara bu ac\u0131 dolu, bu yan\u0131lsamalar\u0131 y\u0131kan geceyi ya\u015fatan b\u00fct\u00fcn bir ev dolusu insandan nefret ederek aya\u011fa kalkt\u0131 ve tek kelime etmeden sonsuza dek ayr\u0131ld\u0131.   Virgina Woolf\u2019un, modern roman\u0131n d\u00f6n\u00fcm noktas\u0131 say\u0131labilecek \u00fcnl\u00fc Mrs. Dalloway\u2019inin altyap\u0131s\u0131n\u0131 olu\u015fturan bu yedi \u00f6yk\u00fcs\u00fc zaman\u0131nda farkl\u0131 mecralarda yay\u0131mland\u0131ktan sonra 1973\u2019te bir araya getirildi. Parti \u00f6ncesinde al\u0131\u015fveri\u015f yaparken, parti s\u0131ras\u0131nda konuklar\u0131 birbiriyle tan\u0131\u015ft\u0131r\u0131rken rastlad\u0131\u011f\u0131m\u0131z Clarissa Dalloway\u2019in yan\u0131 s\u0131ra ba\u015fka anlat\u0131c\u0131lara, yani partinin konuklar\u0131na da kulak verdi\u011fimiz bu \u00f6yk\u00fcler birbirinden ba\u011f\u0131ms\u0131z okunabildi\u011fi gibi, bir arada b\u00fct\u00fcnl\u00fckl\u00fc bir eser de olu\u015fturuyor.   \u201cBu k\u0131l\u0131ktan k\u0131l\u0131\u011fa, k\u0131l\u0131ftan k\u0131l\u0131fa girme ustas\u0131n\u0131n sadece insan\u0131n t\u00fcrl\u00fc hallerini de\u011fil d\u00fcnyadaki ba\u015fka yarat\u0131klar\u0131 ve \u2018varolu\u015f bi\u00e7imleri\u2019ni de (ya da kendi tarifiyle \u2018varolu\u015f anlar\u0131\u2019n\u0131) merak etmesi belki ondan bize kalan en esasl\u0131 mirast\u0131r.\u201d Fatih \u00d6zg\u00fcven <\/p>\n","protected":false},"excerpt":{"rendered":"<p>Kendi t\u00fcr\u00fcn\u00fc seven bu iki ki\u015fi birbirlerinden nefret ederek, onlara bu ac\u0131 dolu, bu yan\u0131lsamalar\u0131 y\u0131kan geceyi ya\u015fatan b\u00fct\u00fcn bir ev dolusu insandan nefret ederek aya\u011fa<span class=\"excerpt-hellip\"> [\u2026]<\/span><\/p>\n","protected":false},"featured_media":0,"template":"","meta":{"_monsterinsights_skip_tracking":false,"_monsterinsights_sitenote_active":false,"_monsterinsights_sitenote_note":"","_monsterinsights_sitenote_category":0},"product_brand":[],"product_cat":[12291,12711],"product_tag":[],"class_list":{"0":"post-762326","1":"product","2":"type-product","3":"status-publish","5":"product_cat-edebiyat","6":"product_cat-roman-oyku","7":"pa_cilt-ciltsiz","8":"pa_tur-kitap","9":"pa_yayinevi-can-yayinlari","10":"pa_yazar-virgina-woolf","12":"first","13":"instock","14":"sale","15":"shipping-taxable","16":"purchasable","17":"product-type-simple"},"_links":{"self":[{"href":"https:\/\/roveyayinevi.com.tr\/index.php\/wp-json\/wp\/v2\/product\/762326","targetHints":{"allow":["GET"]}}],"collection":[{"href":"https:\/\/roveyayinevi.com.tr\/index.php\/wp-json\/wp\/v2\/product"}],"about":[{"href":"https:\/\/roveyayinevi.com.tr\/index.php\/wp-json\/wp\/v2\/types\/product"}],"wp:attachment":[{"href":"https:\/\/roveyayinevi.com.tr\/index.php\/wp-json\/wp\/v2\/media?parent=762326"}],"wp:term":[{"taxonomy":"product_brand","embeddable":true,"href":"https:\/\/roveyayinevi.com.tr\/index.php\/wp-json\/wp\/v2\/product_brand?post=762326"},{"taxonomy":"product_cat","embeddable":true,"href":"https:\/\/roveyayinevi.com.tr\/index.php\/wp-json\/wp\/v2\/product_cat?post=762326"},{"taxonomy":"product_tag","embeddable":true,"href":"https:\/\/roveyayinevi.com.tr\/index.php\/wp-json\/wp\/v2\/product_tag?post=762326"}],"curies":[{"name":"wp","href":"https:\/\/api.w.org\/{rel}","templated":true}]}}