{"id":762325,"date":"2025-08-28T10:05:11","date_gmt":"2025-08-28T07:05:11","guid":{"rendered":"https:\/\/roveyayinevi.com.tr\/index.php\/urun\/sozlu-taciz-ve-istismar\/"},"modified":"2026-04-15T03:27:16","modified_gmt":"2026-04-15T00:27:16","slug":"sozlu-taciz-ve-istismar","status":"publish","type":"product","link":"https:\/\/roveyayinevi.com.tr\/index.php\/urun\/sozlu-taciz-ve-istismar\/","title":{"rendered":"S\u00f6zl\u00fc Taciz ve \u0130stismar"},"content":{"rendered":"<p>Fiziksel tacizin ne oldu\u011funu \u00e7o\u011fu kad\u0131n bilir ama s\u00f6zl\u00fc tacizin de bir taciz bi\u00e7imi oldu\u011fu ve etkileri konusunda yeterli bilgiye sahip de\u011fildir. S\u00f6zl\u00fc taciz t\u0131pk\u0131 fiziksel taciz gibi s\u0131kl\u0131kla kapal\u0131 kap\u0131lar\u0131n ard\u0131nda yap\u0131l\u0131r ve ruhunuzda derin yaralar a\u00e7ar. \u00d6zsayg\u0131n\u0131z\u0131 a\u015f\u0131nd\u0131rabilecek sinsi k\u00fc\u00e7\u00fcmsemelerden, fiziksel istismara d\u00f6n\u00fc\u015febilecek isim takmak, ba\u011f\u0131rmak, azarlamak, tehdit etmek ve \u015fiddete ba\u015fvurmak gibi \u00f6fke n\u00f6betlerine kadar gidebilecek s\u00f6zl\u00fc taciz ili\u015fkilerde \u00e7ok y\u0131k\u0131c\u0131d\u0131r. Tacizcinin g\u00fcc\u00fc gizliliktedir. Gizlilik ayn\u0131 zamanda e\u015fin kafa kar\u0131\u015f\u0131kl\u0131\u011f\u0131n\u0131 da art\u0131r\u0131r. E\u011fer insanlar\u0131n \u00f6n\u00fcnde yap\u0131l\u0131rsa, ya ba\u015fkalar\u0131n\u0131n bunu hakl\u0131 g\u00f6rece\u011fi bir k\u0131l\u0131fa sokularak ya da sadece e\u015fin anlayaca\u011f\u0131 \u015fekilde yap\u0131l\u0131r. \u201cG\u00f6z \u00f6n\u00fcnde\u201d yap\u0131lmas\u0131 genellikle gerilimin artt\u0131\u011f\u0131n\u0131n ve\/veya fiziksel tacizin yakla\u015ft\u0131\u011f\u0131n\u0131n bir i\u015faretidir. G\u00fcnl\u00fck hayat\u0131n i\u00e7inde ustaca saklanan bu \u015fiddeti fark edebilmeniz ve ondan korunabilmeniz m\u00fcmk\u00fcnd\u00fcr. S\u00f6zl\u00fc taciz ve manip\u00fclasyonu, istismar\u0131 fark edebilmeniz i\u00e7in kaleme al\u0131nan bu kitap ya\u015flar\u0131 21 ila 66 aras\u0131nda de\u011fi\u015fen 40 kad\u0131nla yap\u0131lan g\u00f6r\u00fc\u015fmelere dayan\u0131yor. Pek \u00e7ok dile \u00e7evrilen ve y\u00fcz binlerce satan bir klasik olan \u00e7al\u0131\u015fmas\u0131n\u0131 geni\u015fletip g\u00fcncelleyen Patricia Evans s\u00f6zl\u00fc tacizin neden her zamankinden daha yayg\u0131n oldu\u011funu ve bununla nas\u0131l ba\u015fa \u00e7\u0131k\u0131labilece\u011fini anlat\u0131yor. \u0130stismarla ve istismarc\u0131yla ba\u015fa \u00e7\u0131kman\u0131za yard\u0131mc\u0131 olmak i\u00e7in tasarlanm\u0131\u015f stratejiler, \u00f6rnek senaryolar ve eylem planlar\u0131 sunuyor.<\/p>\n","protected":false},"excerpt":{"rendered":"<p>Fiziksel tacizin ne oldu\u011funu \u00e7o\u011fu kad\u0131n bilir ama s\u00f6zl\u00fc tacizin de bir taciz bi\u00e7imi oldu\u011fu ve etkileri konusunda yeterli bilgiye sahip de\u011fildir. S\u00f6zl\u00fc taciz t\u0131pk\u0131 fiziksel<span class=\"excerpt-hellip\"> [\u2026]<\/span><\/p>\n","protected":false},"featured_media":0,"template":"","meta":{"_monsterinsights_skip_tracking":false,"_monsterinsights_sitenote_active":false,"_monsterinsights_sitenote_note":"","_monsterinsights_sitenote_category":0},"product_brand":[],"product_cat":[26396,13488],"product_tag":[],"class_list":{"0":"post-762325","1":"product","2":"type-product","3":"status-publish","5":"product_cat-kadin-erkek-iliskileri","6":"product_cat-toplum-ve-insan","7":"pa_cilt-ciltsiz","8":"pa_tur-kitap","9":"pa_yayinevi-kuraldisi-yayinevi","10":"pa_yazar-patricia-evans","12":"first","13":"instock","14":"sale","15":"shipping-taxable","16":"purchasable","17":"product-type-simple"},"_links":{"self":[{"href":"https:\/\/roveyayinevi.com.tr\/index.php\/wp-json\/wp\/v2\/product\/762325","targetHints":{"allow":["GET"]}}],"collection":[{"href":"https:\/\/roveyayinevi.com.tr\/index.php\/wp-json\/wp\/v2\/product"}],"about":[{"href":"https:\/\/roveyayinevi.com.tr\/index.php\/wp-json\/wp\/v2\/types\/product"}],"wp:attachment":[{"href":"https:\/\/roveyayinevi.com.tr\/index.php\/wp-json\/wp\/v2\/media?parent=762325"}],"wp:term":[{"taxonomy":"product_brand","embeddable":true,"href":"https:\/\/roveyayinevi.com.tr\/index.php\/wp-json\/wp\/v2\/product_brand?post=762325"},{"taxonomy":"product_cat","embeddable":true,"href":"https:\/\/roveyayinevi.com.tr\/index.php\/wp-json\/wp\/v2\/product_cat?post=762325"},{"taxonomy":"product_tag","embeddable":true,"href":"https:\/\/roveyayinevi.com.tr\/index.php\/wp-json\/wp\/v2\/product_tag?post=762325"}],"curies":[{"name":"wp","href":"https:\/\/api.w.org\/{rel}","templated":true}]}}