{"id":762324,"date":"2025-08-28T10:05:10","date_gmt":"2025-08-28T07:05:10","guid":{"rendered":"https:\/\/roveyayinevi.com.tr\/index.php\/urun\/farabi-ve-ibn-sinada-bilgi\/"},"modified":"2025-11-21T10:38:01","modified_gmt":"2025-11-21T07:38:01","slug":"farabi-ve-ibn-sinada-bilgi","status":"publish","type":"product","link":"https:\/\/roveyayinevi.com.tr\/index.php\/urun\/farabi-ve-ibn-sinada-bilgi\/","title":{"rendered":"Farabi ve \u0130bn Sina&#8217;da Bilgi"},"content":{"rendered":"<p>\u0130slam felsefesi, di\u011fer felsefi geleneklerle ayn\u0131 zeminde duran ancak kendi \u00f6zg\u00fcn i\u00e7eri\u011fi, y\u00f6ntemi ve konu ele alma bi\u00e7imiyle onlardan ayr\u0131\u015fan bir entelekt\u00fcel gelene\u011fe i\u015faret eder. Bu felsefi gelenek; metafizik, ontoloji, epistemoloji, ahlak vb. ana felsefi alanlar\u0131 i\u00e7ermekte ve dolay\u0131s\u0131yla bu konular\u0131n tamam\u0131nda kendisini s\u00f6z sahibi k\u0131lan bir konumda yer almaktad\u0131r.   G\u00fcn\u00fcm\u00fczde \u0130slam felsefesi, farkl\u0131 boyutlar\u0131 ile ele al\u0131nan akademik bir disiplin halini alm\u0131\u015ft\u0131r. Bahsi ge\u00e7en alandaki \u00e7al\u0131\u015fmalar\u0131n belirli konularda yo\u011funla\u015ft\u0131\u011f\u0131 g\u00f6r\u00fclmektedir. Bu \u00e7al\u0131\u015fma, genel olarak az ele al\u0131nm\u0131\u015f alanlardan biri olan epistemolojiyi kendisine konu edinmektedir. \u00d6nceden benimsenmi\u015f bir \u00f6n kabule dayanarak \u0130slam felsefesinin bilgi meselesine mesafeli durdu\u011fu varsay\u0131m\u0131, epistemolojinin az ilgi g\u00f6rmesine neden olabilir. Ancak filozoflar\u0131n eserlerinin epistemolojiyle etkile\u015fim i\u00e7inde oldu\u011fu g\u00f6z \u00f6n\u00fcne al\u0131nd\u0131\u011f\u0131nda, bu \u00f6n kabul\u00fcn do\u011fru olmad\u0131\u011f\u0131 ve \u0130slam felsefesinin felsefi bir gelenek olarak epistemolojiyi dikkate ald\u0131\u011f\u0131 ortaya \u00e7\u0131kmaktad\u0131r.   \u00c7a\u011fda\u015f epistemolojiyle ba\u011flant\u0131 kurarak Farabi ve \u0130bn Sina&#8217;n\u0131n eserlerini inceleyen kitap, \u0130slam felsefesinin bilgi konusundaki zengin gelene\u011fini g\u00fcn\u00fcm\u00fcz perspektifiyle de\u011ferlendirir. \u0130slam felsefesine sadece tarihsel bir gelenek olarak yakla\u015fmak, onun g\u00fcn\u00fcm\u00fczdeki felsefi sorunlara nas\u0131l cevaplar sunabilece\u011fini g\u00f6z ard\u0131 eder. \u0130slam felsefesi, Farabi ve \u0130bn Sina gibi \u00f6nemli filozoflar\u0131n eserleri \u00fczerinden epistemolojiyi tart\u0131\u015farak g\u00fcn\u00fcm\u00fczdeki felsefi meselelere dair bir ba\u015fvuru noktas\u0131 olabilecek potansiyele sahiptir. Bu eser, \u0130slam felsefesinin epistemoloji gelene\u011fine dair kapsaml\u0131 bir bak\u0131\u015f sunarak ge\u00e7mi\u015ften g\u00fcn\u00fcm\u00fcze uzanan bu zengin entelekt\u00fcel miras\u0131 anlamak isteyen okuyuculara rehberlik etmektedir. <\/p>\n","protected":false},"excerpt":{"rendered":"<p>\u0130slam felsefesi, di\u011fer felsefi geleneklerle ayn\u0131 zeminde duran ancak kendi \u00f6zg\u00fcn i\u00e7eri\u011fi, y\u00f6ntemi ve konu ele alma bi\u00e7imiyle onlardan ayr\u0131\u015fan bir entelekt\u00fcel gelene\u011fe i\u015faret eder. Bu<span class=\"excerpt-hellip\"> [\u2026]<\/span><\/p>\n","protected":false},"featured_media":0,"template":"","meta":{"_monsterinsights_skip_tracking":false,"_monsterinsights_sitenote_active":false,"_monsterinsights_sitenote_note":"","_monsterinsights_sitenote_category":0},"product_brand":[],"product_cat":[12389,12388],"product_tag":[],"class_list":{"0":"post-762324","1":"product","2":"type-product","3":"status-publish","5":"product_cat-diger-felsefe","6":"product_cat-felsefe","7":"pa_cilt-ciltsiz","8":"pa_tur-kitap","9":"pa_yayinevi-episteme-yayinlari","10":"pa_yazar-hacer-ergin-ozkan","12":"first","13":"instock","14":"sale","15":"shipping-taxable","16":"purchasable","17":"product-type-simple"},"_links":{"self":[{"href":"https:\/\/roveyayinevi.com.tr\/index.php\/wp-json\/wp\/v2\/product\/762324","targetHints":{"allow":["GET"]}}],"collection":[{"href":"https:\/\/roveyayinevi.com.tr\/index.php\/wp-json\/wp\/v2\/product"}],"about":[{"href":"https:\/\/roveyayinevi.com.tr\/index.php\/wp-json\/wp\/v2\/types\/product"}],"wp:attachment":[{"href":"https:\/\/roveyayinevi.com.tr\/index.php\/wp-json\/wp\/v2\/media?parent=762324"}],"wp:term":[{"taxonomy":"product_brand","embeddable":true,"href":"https:\/\/roveyayinevi.com.tr\/index.php\/wp-json\/wp\/v2\/product_brand?post=762324"},{"taxonomy":"product_cat","embeddable":true,"href":"https:\/\/roveyayinevi.com.tr\/index.php\/wp-json\/wp\/v2\/product_cat?post=762324"},{"taxonomy":"product_tag","embeddable":true,"href":"https:\/\/roveyayinevi.com.tr\/index.php\/wp-json\/wp\/v2\/product_tag?post=762324"}],"curies":[{"name":"wp","href":"https:\/\/api.w.org\/{rel}","templated":true}]}}