{"id":762322,"date":"2025-08-28T10:05:06","date_gmt":"2025-08-28T07:05:06","guid":{"rendered":"https:\/\/roveyayinevi.com.tr\/index.php\/urun\/haberci-1-firtina-ve-ofke\/"},"modified":"2026-04-15T03:27:16","modified_gmt":"2026-04-15T00:27:16","slug":"haberci-1-firtina-ve-ofke","status":"publish","type":"product","link":"https:\/\/roveyayinevi.com.tr\/index.php\/urun\/haberci-1-firtina-ve-ofke\/","title":{"rendered":"Haberci 1: F\u0131rt\u0131na ve \u00d6fke"},"content":{"rendered":"<p>New York Times\u2019\u0131n en \u00e7ok satan yazar\u0131 Jennifer L. Armentrout\u2019tan Karanl\u0131k Elementler evrenini \u00f6zleyenlere, melekler, iblisler ve s\u0131rlarla dolu kalbinize i\u015fleyecek yepyeni bir seri.   On sekiz ya\u015f\u0131ndaki Trinity Marrow k\u00f6r olsa da hayaletleri, ruhlar\u0131 g\u00f6rebiliyor ve onlarla ileti\u015fim kurabiliyor. \u0130nsanl\u0131\u011f\u0131 iblislerden koruyan ve \u015fekil de\u011fi\u015ftirebilen Gardiyanlar taraf\u0131ndan korunan bir yerle\u015fkede y\u0131llard\u0131r saklanmas\u0131n\u0131n nedeni, bu yetene\u011fi. \u0130blisler Trinity hakk\u0131ndaki ger\u00e7e\u011fi ke\u015ffederlerse g\u00fc\u00e7lerini artt\u0131rmak i\u00e7in onu ele ge\u00e7irecekler.   Ba\u015fka bir klandan gelen Gardiyanlar, bir yarat\u0131\u011f\u0131n hem iblisleri hem de Gardiyanlar\u0131 \u00f6ld\u00fcrd\u00fc\u011f\u00fcne dair raporlarla geldi\u011finde Trinity\u2019nin d\u00fcnyas\u0131 yerle bir olur. Bunun bir nedeni de \u015fimdiye kadar g\u00f6rd\u00fc\u011f\u00fc en sinir bozucu ve b\u00fcy\u00fcleyici insanla tan\u0131\u015fmas\u0131d\u0131r. Zayne\u2019in de kendine ait s\u0131rlar\u0131 vard\u0131r ama iblisler yerle\u015fkeye girince ve Trinity&#8217;nin s\u0131rr\u0131 g\u00fcn \u0131\u015f\u0131\u011f\u0131na \u00e7\u0131k\u0131nca birlikte \u00e7al\u0131\u015fmak zorunda kal\u0131rlar. Trinity\u2019nin ailesini ve belki de d\u00fcnyay\u0131 kurtarmak i\u00e7in Zayne\u2019e g\u00fcvenmesi gerekecek.   F\u0131rt\u0131nal\u0131 bir sava\u015fa haz\u0131r m\u0131s\u0131n? <\/p>\n","protected":false},"excerpt":{"rendered":"<p>New York Times\u2019\u0131n en \u00e7ok satan yazar\u0131 Jennifer L. Armentrout\u2019tan Karanl\u0131k Elementler evrenini \u00f6zleyenlere, melekler, iblisler ve s\u0131rlarla dolu kalbinize i\u015fleyecek yepyeni bir seri. On sekiz<span class=\"excerpt-hellip\"> [\u2026]<\/span><\/p>\n","protected":false},"featured_media":0,"template":"","meta":{"_monsterinsights_skip_tracking":false,"_monsterinsights_sitenote_active":false,"_monsterinsights_sitenote_note":"","_monsterinsights_sitenote_category":0},"product_brand":[],"product_cat":[12291,14777],"product_tag":[],"class_list":{"0":"post-762322","1":"product","2":"type-product","3":"status-publish","5":"product_cat-edebiyat","6":"product_cat-fantastik","7":"pa_cilt-ciltsiz","8":"pa_tur-kitap","9":"pa_yayinevi-dex-yayinevi","10":"pa_yazar-jennifer-l-armentrout","12":"first","13":"instock","14":"sale","15":"shipping-taxable","16":"purchasable","17":"product-type-simple"},"_links":{"self":[{"href":"https:\/\/roveyayinevi.com.tr\/index.php\/wp-json\/wp\/v2\/product\/762322","targetHints":{"allow":["GET"]}}],"collection":[{"href":"https:\/\/roveyayinevi.com.tr\/index.php\/wp-json\/wp\/v2\/product"}],"about":[{"href":"https:\/\/roveyayinevi.com.tr\/index.php\/wp-json\/wp\/v2\/types\/product"}],"wp:attachment":[{"href":"https:\/\/roveyayinevi.com.tr\/index.php\/wp-json\/wp\/v2\/media?parent=762322"}],"wp:term":[{"taxonomy":"product_brand","embeddable":true,"href":"https:\/\/roveyayinevi.com.tr\/index.php\/wp-json\/wp\/v2\/product_brand?post=762322"},{"taxonomy":"product_cat","embeddable":true,"href":"https:\/\/roveyayinevi.com.tr\/index.php\/wp-json\/wp\/v2\/product_cat?post=762322"},{"taxonomy":"product_tag","embeddable":true,"href":"https:\/\/roveyayinevi.com.tr\/index.php\/wp-json\/wp\/v2\/product_tag?post=762322"}],"curies":[{"name":"wp","href":"https:\/\/api.w.org\/{rel}","templated":true}]}}