{"id":762319,"date":"2025-08-28T10:05:01","date_gmt":"2025-08-28T07:05:01","guid":{"rendered":"https:\/\/roveyayinevi.com.tr\/index.php\/urun\/merkurun-kadar-konus-jupiterin-kadar-iste\/"},"modified":"2026-04-15T03:27:16","modified_gmt":"2026-04-15T00:27:16","slug":"merkurun-kadar-konus-jupiterin-kadar-iste","status":"publish","type":"product","link":"https:\/\/roveyayinevi.com.tr\/index.php\/urun\/merkurun-kadar-konus-jupiterin-kadar-iste\/","title":{"rendered":"Merk\u00fcr\u2019\u00fcn Kadar Konu\u015f J\u00fcpiter\u2019in Kadar \u0130ste"},"content":{"rendered":"<p>Sen ne istersen iste Merk\u00fcr\u2019\u00fcn\u00fcn enerjisi gibi d\u00fc\u015f\u00fcn\u00fcr, Mars\u2019\u0131n gibi hareket etmeye meyilli olursun.   Bir vakitten sonra tekrar t\u0131rt\u0131l olamazs\u0131n. Kanatlar\u0131n \u00e7oktan \u00e7\u0131kt\u0131.   O kozay\u0131 \u00f6rd\u00fcn, i\u00e7ine girdin. Art\u0131k onu y\u0131rt\u0131p u\u00e7mak zorundas\u0131n&#8230;   \u0130nsan kaderini tayin edebilir mi?   Ge\u00e7mi\u015fin karanl\u0131k s\u0131r perdelerini arayabilir   ya da gelece\u011fi bilebilir mi?   Daha da \u00f6nemlisi ne ya\u015fad\u0131\u011f\u0131n\u0131 yorumlay\u0131p kendini daha iyiye do\u011fru evriltebilir mi?   E\u011fer olmakta olan her \u015feyde g\u00f6ky\u00fcz\u00fc ve y\u0131ld\u0131zlarla bir e\u015fzamanl\u0131l\u0131k varsa ve insan, bur\u00e7larla ruhlar aras\u0131ndaki kadim anla\u015fmay\u0131 \u00e7\u00f6zebilirse, neden olmas\u0131n!       Merk\u00fcr\u2019\u00fcn Kadar Konu\u015f J\u00fcpiter\u2019in Kadar \u0130ste, astrolojinin gizemli kap\u0131s\u0131n\u0131 aralayan ve onun hayat\u0131m\u0131za nas\u0131l dokundu\u011funu anlatan bir roman. Bu kitapla birbirine sarma\u015f\u0131k misali dolanm\u0131\u015f insanlar, yaralar, umutlar, kesi\u015fen yollar ve de\u011fi\u015fen hayatlarla bulu\u015facak, her karakterde g\u00f6ksel etkinin i\u015faretlerini ve kendinizi g\u00f6receksiniz.   Bu roman kendini arayan herkes i\u00e7in&#8230; <\/p>\n","protected":false},"excerpt":{"rendered":"<p>Sen ne istersen iste Merk\u00fcr\u2019\u00fcn\u00fcn enerjisi gibi d\u00fc\u015f\u00fcn\u00fcr, Mars\u2019\u0131n gibi hareket etmeye meyilli olursun. Bir vakitten sonra tekrar t\u0131rt\u0131l olamazs\u0131n. Kanatlar\u0131n \u00e7oktan \u00e7\u0131kt\u0131. O kozay\u0131 \u00f6rd\u00fcn,<span class=\"excerpt-hellip\"> [\u2026]<\/span><\/p>\n","protected":false},"featured_media":0,"template":"","meta":{"_monsterinsights_skip_tracking":false,"_monsterinsights_sitenote_active":false,"_monsterinsights_sitenote_note":"","_monsterinsights_sitenote_category":0},"product_brand":[],"product_cat":[19840,12364],"product_tag":[],"class_list":{"0":"post-762319","1":"product","2":"type-product","3":"status-publish","5":"product_cat-astroloji","6":"product_cat-genel-konular","7":"pa_cilt-ciltsiz","8":"pa_tur-kitap","9":"pa_yayinevi-destek-yayinlari","10":"pa_yazar-zeynep-galipogullari","12":"first","13":"instock","14":"sale","15":"shipping-taxable","16":"purchasable","17":"product-type-simple"},"_links":{"self":[{"href":"https:\/\/roveyayinevi.com.tr\/index.php\/wp-json\/wp\/v2\/product\/762319","targetHints":{"allow":["GET"]}}],"collection":[{"href":"https:\/\/roveyayinevi.com.tr\/index.php\/wp-json\/wp\/v2\/product"}],"about":[{"href":"https:\/\/roveyayinevi.com.tr\/index.php\/wp-json\/wp\/v2\/types\/product"}],"wp:attachment":[{"href":"https:\/\/roveyayinevi.com.tr\/index.php\/wp-json\/wp\/v2\/media?parent=762319"}],"wp:term":[{"taxonomy":"product_brand","embeddable":true,"href":"https:\/\/roveyayinevi.com.tr\/index.php\/wp-json\/wp\/v2\/product_brand?post=762319"},{"taxonomy":"product_cat","embeddable":true,"href":"https:\/\/roveyayinevi.com.tr\/index.php\/wp-json\/wp\/v2\/product_cat?post=762319"},{"taxonomy":"product_tag","embeddable":true,"href":"https:\/\/roveyayinevi.com.tr\/index.php\/wp-json\/wp\/v2\/product_tag?post=762319"}],"curies":[{"name":"wp","href":"https:\/\/api.w.org\/{rel}","templated":true}]}}