{"id":762318,"date":"2025-08-28T10:04:59","date_gmt":"2025-08-28T07:04:59","guid":{"rendered":"https:\/\/roveyayinevi.com.tr\/index.php\/urun\/atesin-sarkisi\/"},"modified":"2026-04-15T03:27:16","modified_gmt":"2026-04-15T00:27:16","slug":"atesin-sarkisi","status":"publish","type":"product","link":"https:\/\/roveyayinevi.com.tr\/index.php\/urun\/atesin-sarkisi\/","title":{"rendered":"Ate\u015fin \u015eark\u0131s\u0131"},"content":{"rendered":"<p>Kemanc\u0131 Julia Ansdell Roma\u2019daki bir antikac\u0131dan garip bir m\u00fczik kitab\u0131 ve el yazmas\u0131 bir vals eseri sat\u0131n al\u0131r. Daha notalar\u0131 okurken valsin g\u00fczelli\u011fi kar\u015f\u0131s\u0131nda b\u00fcy\u00fclenir. Ancak eve d\u00f6n\u00fcp bu g\u00fczel \u015fark\u0131y\u0131 \u00e7almaya ba\u015flad\u0131\u011f\u0131nda etraf\u0131nda garip olaylar olmaya ba\u015flar. Bu b\u00fcy\u00fcleyici, tutku ve ac\u0131 dolu m\u00fczi\u011fin \u00fc\u00e7 ya\u015f\u0131ndaki k\u0131z\u0131 Lily\u2019nin \u00fcst\u00fcnde a\u00e7\u0131klanamaz bir etkisi vard\u0131r.   K\u00fc\u00e7\u00fck k\u0131z \u00f6nce evin kedisini sonra da Julia\u2019y\u0131 b\u0131\u00e7aklay\u0131nca Julia bu m\u00fczi\u011fin ge\u00e7mi\u015findeki gizemi ortaya \u00e7\u0131karmaya karar verir. Ailesini ve kendisini kurtarabilmek i\u00e7in Incendio ad\u0131ndaki bu valsin ard\u0131nda yatan laneti bulmak zorundad\u0131r. Fakat m\u00fczi\u011fin notalar\u0131 onu \u00e7ok daha b\u00fcy\u00fck bir tehlikenin kuca\u011f\u0131na d\u00fc\u015f\u00fcr\u00fcr.   \u201cNefes kesici\u2026 \u0130lk sayfalar\u0131 okuduktan sonra elinizden b\u0131rakamayacaks\u0131n\u0131z.\u201d David Baldacci   \u201cEdebiyat, psikolojik gerilim ve duygu y\u00fckl\u00fc bir roman.\u201d The Huffington Post <\/p>\n","protected":false},"excerpt":{"rendered":"<p>Kemanc\u0131 Julia Ansdell Roma\u2019daki bir antikac\u0131dan garip bir m\u00fczik kitab\u0131 ve el yazmas\u0131 bir vals eseri sat\u0131n al\u0131r. Daha notalar\u0131 okurken valsin g\u00fczelli\u011fi kar\u015f\u0131s\u0131nda b\u00fcy\u00fclenir. Ancak<span class=\"excerpt-hellip\"> [\u2026]<\/span><\/p>\n","protected":false},"featured_media":0,"template":"","meta":{"_monsterinsights_skip_tracking":false,"_monsterinsights_sitenote_active":false,"_monsterinsights_sitenote_note":"","_monsterinsights_sitenote_category":0},"product_brand":[],"product_cat":[12291,15445],"product_tag":[],"class_list":{"0":"post-762318","1":"product","2":"type-product","3":"status-publish","5":"product_cat-edebiyat","6":"product_cat-polisiye","7":"pa_cilt-ciltsiz","8":"pa_tur-kitap","9":"pa_yayinevi-dogan-kitap","10":"pa_yazar-tess-gerritsen","12":"first","13":"instock","14":"sale","15":"shipping-taxable","16":"purchasable","17":"product-type-simple"},"_links":{"self":[{"href":"https:\/\/roveyayinevi.com.tr\/index.php\/wp-json\/wp\/v2\/product\/762318","targetHints":{"allow":["GET"]}}],"collection":[{"href":"https:\/\/roveyayinevi.com.tr\/index.php\/wp-json\/wp\/v2\/product"}],"about":[{"href":"https:\/\/roveyayinevi.com.tr\/index.php\/wp-json\/wp\/v2\/types\/product"}],"wp:attachment":[{"href":"https:\/\/roveyayinevi.com.tr\/index.php\/wp-json\/wp\/v2\/media?parent=762318"}],"wp:term":[{"taxonomy":"product_brand","embeddable":true,"href":"https:\/\/roveyayinevi.com.tr\/index.php\/wp-json\/wp\/v2\/product_brand?post=762318"},{"taxonomy":"product_cat","embeddable":true,"href":"https:\/\/roveyayinevi.com.tr\/index.php\/wp-json\/wp\/v2\/product_cat?post=762318"},{"taxonomy":"product_tag","embeddable":true,"href":"https:\/\/roveyayinevi.com.tr\/index.php\/wp-json\/wp\/v2\/product_tag?post=762318"}],"curies":[{"name":"wp","href":"https:\/\/api.w.org\/{rel}","templated":true}]}}