{"id":762317,"date":"2025-08-28T10:04:58","date_gmt":"2025-08-28T07:04:58","guid":{"rendered":"https:\/\/roveyayinevi.com.tr\/index.php\/urun\/ilk-kitapligim-seti\/"},"modified":"2026-04-15T03:27:16","modified_gmt":"2026-04-15T00:27:16","slug":"ilk-kitapligim-seti","status":"publish","type":"product","link":"https:\/\/roveyayinevi.com.tr\/index.php\/urun\/ilk-kitapligim-seti\/","title":{"rendered":"\u0130lk Kitapl\u0131\u011f\u0131m Seti"},"content":{"rendered":"<p>Sevgili anneler ve babalar,\u0130lk Kitapl\u0131\u011f\u0131m setiyle \u00e7ocu\u011funuz temel kavramlar\u0131 e\u011flenerek \u00f6\u011frenecek. Dokuz k\u00fc\u00e7\u00fck kitaptaki ger\u00e7ek g\u00f6rsellerle \u00e7ocu\u011funuz nesneleri, kavramlar\u0131 ve canl\u0131lar\u0131 tan\u0131yacak. Bu s\u0131rada yeni kelimeler \u00f6\u011frenecek, haf\u0131zas\u0131n\u0131 g\u00fc\u00e7lendirecek ve sayma becerilerini geli\u015ftirecek. \u00c7ocu\u011funuzun geli\u015fimini desteklerken birlikte \u00e7ok e\u011fleneceksiniz.\u0130lk Kitapl\u0131\u011f\u0131m Seti Kitaplar\u0131:- Say\u0131lar- 12 sayfa-8*8- Renkler- 12 sayfa-8*8- Ta\u015f\u0131tlar- 12 sayfa-8*8- Ara-Bul- 12 sayfa-8*8- S\u00f6zc\u00fckler- 12 sayfa-8*8- Zaman- 12 sayfa-8*8- Hayvanlar- 12 sayfa-8*8- Z\u0131tl\u0131klar- 12 sayfa-8*8- \u015eekiller- 12 sayfa-8*8<\/p>\n","protected":false},"excerpt":{"rendered":"<p>Sevgili anneler ve babalar,\u0130lk Kitapl\u0131\u011f\u0131m setiyle \u00e7ocu\u011funuz temel kavramlar\u0131 e\u011flenerek \u00f6\u011frenecek. Dokuz k\u00fc\u00e7\u00fck kitaptaki ger\u00e7ek g\u00f6rsellerle \u00e7ocu\u011funuz nesneleri, kavramlar\u0131 ve canl\u0131lar\u0131 tan\u0131yacak. Bu s\u0131rada yeni kelimeler<span class=\"excerpt-hellip\"> [\u2026]<\/span><\/p>\n","protected":false},"featured_media":0,"template":"","meta":{"_monsterinsights_skip_tracking":false,"_monsterinsights_sitenote_active":false,"_monsterinsights_sitenote_note":"","_monsterinsights_sitenote_category":0},"product_brand":[],"product_cat":[12274,15842],"product_tag":[],"class_list":{"0":"post-762317","1":"product","2":"type-product","3":"status-publish","5":"product_cat-cocuk-ve-genclik-kitaplari","6":"product_cat-egitici-kitaplar","7":"pa_cilt-ciltsiz","8":"pa_tur-kitap","9":"pa_yayinevi-dogan-cocuk","10":"pa_yazar-kolektif","12":"first","13":"instock","14":"sale","15":"shipping-taxable","16":"purchasable","17":"product-type-simple"},"_links":{"self":[{"href":"https:\/\/roveyayinevi.com.tr\/index.php\/wp-json\/wp\/v2\/product\/762317","targetHints":{"allow":["GET"]}}],"collection":[{"href":"https:\/\/roveyayinevi.com.tr\/index.php\/wp-json\/wp\/v2\/product"}],"about":[{"href":"https:\/\/roveyayinevi.com.tr\/index.php\/wp-json\/wp\/v2\/types\/product"}],"wp:attachment":[{"href":"https:\/\/roveyayinevi.com.tr\/index.php\/wp-json\/wp\/v2\/media?parent=762317"}],"wp:term":[{"taxonomy":"product_brand","embeddable":true,"href":"https:\/\/roveyayinevi.com.tr\/index.php\/wp-json\/wp\/v2\/product_brand?post=762317"},{"taxonomy":"product_cat","embeddable":true,"href":"https:\/\/roveyayinevi.com.tr\/index.php\/wp-json\/wp\/v2\/product_cat?post=762317"},{"taxonomy":"product_tag","embeddable":true,"href":"https:\/\/roveyayinevi.com.tr\/index.php\/wp-json\/wp\/v2\/product_tag?post=762317"}],"curies":[{"name":"wp","href":"https:\/\/api.w.org\/{rel}","templated":true}]}}