{"id":762316,"date":"2025-08-28T10:04:56","date_gmt":"2025-08-28T07:04:56","guid":{"rendered":"https:\/\/roveyayinevi.com.tr\/index.php\/urun\/ters-yuz-2-cok-boya-cikartmali-dev-boyama-kitabi\/"},"modified":"2026-04-15T03:27:16","modified_gmt":"2026-04-15T00:27:16","slug":"ters-yuz-2-cok-boya-cikartmali-dev-boyama-kitabi","status":"publish","type":"product","link":"https:\/\/roveyayinevi.com.tr\/index.php\/urun\/ters-yuz-2-cok-boya-cikartmali-dev-boyama-kitabi\/","title":{"rendered":"Ters Y\u00fcz 2 &#8211; \u00c7ok Boya! \u00c7\u0131kartmal\u0131 Dev Boyama Kitab\u0131"},"content":{"rendered":"<p>K\u0130TAP\/\u00c7OCUK\/OKUL \u00d6NCES\u0130\/6 AY-5 YA\u015e BOYAMA KITAPLARI<\/p>\n","protected":false},"excerpt":{"rendered":"<p>K\u0130TAP\/\u00c7OCUK\/OKUL \u00d6NCES\u0130\/6 AY-5 YA\u015e BOYAMA KITAPLARI<\/p>\n","protected":false},"featured_media":0,"template":"","meta":{"_monsterinsights_skip_tracking":false,"_monsterinsights_sitenote_active":false,"_monsterinsights_sitenote_note":"","_monsterinsights_sitenote_category":0},"product_brand":[],"product_cat":[12644,12274],"product_tag":[],"class_list":{"0":"post-762316","1":"product","2":"type-product","3":"status-publish","5":"product_cat-boyama-kitaplari","6":"product_cat-cocuk-ve-genclik-kitaplari","7":"pa_cilt-ciltsiz","8":"pa_tur-kitap","9":"pa_yayinevi-dogan-cocuk","10":"pa_yazar-kolektif","12":"first","13":"instock","14":"sale","15":"shipping-taxable","16":"purchasable","17":"product-type-simple"},"_links":{"self":[{"href":"https:\/\/roveyayinevi.com.tr\/index.php\/wp-json\/wp\/v2\/product\/762316","targetHints":{"allow":["GET"]}}],"collection":[{"href":"https:\/\/roveyayinevi.com.tr\/index.php\/wp-json\/wp\/v2\/product"}],"about":[{"href":"https:\/\/roveyayinevi.com.tr\/index.php\/wp-json\/wp\/v2\/types\/product"}],"wp:attachment":[{"href":"https:\/\/roveyayinevi.com.tr\/index.php\/wp-json\/wp\/v2\/media?parent=762316"}],"wp:term":[{"taxonomy":"product_brand","embeddable":true,"href":"https:\/\/roveyayinevi.com.tr\/index.php\/wp-json\/wp\/v2\/product_brand?post=762316"},{"taxonomy":"product_cat","embeddable":true,"href":"https:\/\/roveyayinevi.com.tr\/index.php\/wp-json\/wp\/v2\/product_cat?post=762316"},{"taxonomy":"product_tag","embeddable":true,"href":"https:\/\/roveyayinevi.com.tr\/index.php\/wp-json\/wp\/v2\/product_tag?post=762316"}],"curies":[{"name":"wp","href":"https:\/\/api.w.org\/{rel}","templated":true}]}}