{"id":762314,"date":"2025-08-28T10:04:52","date_gmt":"2025-08-28T07:04:52","guid":{"rendered":"https:\/\/roveyayinevi.com.tr\/index.php\/urun\/eli-bicakli-teyze\/"},"modified":"2026-04-15T03:27:16","modified_gmt":"2026-04-15T00:27:16","slug":"eli-bicakli-teyze","status":"publish","type":"product","link":"https:\/\/roveyayinevi.com.tr\/index.php\/urun\/eli-bicakli-teyze\/","title":{"rendered":"Eli B\u0131\u00e7akl\u0131 Teyze"},"content":{"rendered":"<p>BU KADAR UZUN YA\u015eAYACA\u011eINI H\u0130\u00c7 TAHM\u0130N ETMEM\u0130\u015eT\u0130, BU Y\u00dcZDEN ZAMANSIZ B\u0130R \u00d6L\u00dcMLE BU D\u00dcNYADAN AYRILMAYI ASLA UMURSAMADI.   Hornclaw, emeklili\u011fi du\u0308\u015fu\u0308nen altm\u0131\u015f be\u015f ya\u015f\u0131nda bir kiral\u0131k katildir. Ancak \u00e7al\u0131\u015ft\u0131\u011f\u0131 \u201chastal\u0131k kontrol\u201d \u015firketi i\u00e7in bir suikast i\u015findeyken, al\u0131\u015fagelmedik bir hata yapar ve ge\u00e7mi\u015fini gu\u0308nu\u0308mu\u0308ze ta\u015f\u0131yan bir dizi olaya neden olur.   Sonradan g\u00f6rme gen\u00e7 bir erkek taraf\u0131ndan sabotajla tehdit edilen ve hi\u00e7 beklemedi\u011fi bir anda yeni arzu ve du\u0308rtu\u0308lerle sava\u015fan Hornclaw, kararl\u0131l\u0131\u011f\u0131n\u0131 ortaya koyup, ya\u015flar\u0131 ka\u00e7 olursa olsun, tu\u0308ru\u0308n di\u015fisinin her zaman erke\u011finden daha \u00f6lu\u0308mcu\u0308l oldu\u011funu g\u00f6stermeye kararl\u0131d\u0131r.   \u201cSuikast\u0131n Gangnam Style\u2019\u0131 . Yank\u0131 uyand\u0131ran bir K-noir olay\u0131.\u201d -Luke Jennings, KILLING EVE serisinin yazar\u0131   \u201cKaranl\u0131k ve komik&#8230; Ya\u015flanan insanlar\u0131n g\u00f6z ard\u0131 edilmesineilgi \u00e7ekici ve \u015fefkatli bir \u015fekilde odaklan\u0131yor.\u201d -Financial Times   \u201cBu roman\u0131n \u00e7ekicili\u011fi, bu\u0308yu\u0308leyici, kusurlu, komik ve yu\u0308rek par\u00e7alay\u0131c\u0131 karakterlerle dolu inan\u0131lmaz hik\u00e2yesinde yat\u0131yor. Okurken ya\u015fad\u0131klar\u0131n\u0131z akl\u0131n\u0131zdan \u00e7\u0131kmayacak.\u201d -The Times   \u201cGu Byeong-mo\u2019nun ya\u015fl\u0131 bir kad\u0131n suikast\u00e7\u0131y\u0131 konu alan kapkara komik, gerilim roman\u0131.\u201d -Paula Hawkins   Milyonlarca okura ula\u015fan, bir\u00e7ok du\u0308nya diline \u00e7evrilen Eli B\u0131\u00e7akl\u0131 Teyze yak\u0131nda beyazperdede. <\/p>\n","protected":false},"excerpt":{"rendered":"<p>BU KADAR UZUN YA\u015eAYACA\u011eINI H\u0130\u00c7 TAHM\u0130N ETMEM\u0130\u015eT\u0130, BU Y\u00dcZDEN ZAMANSIZ B\u0130R \u00d6L\u00dcMLE BU D\u00dcNYADAN AYRILMAYI ASLA UMURSAMADI. Hornclaw, emeklili\u011fi du\u0308\u015fu\u0308nen altm\u0131\u015f be\u015f ya\u015f\u0131nda bir kiral\u0131k katildir.<span class=\"excerpt-hellip\"> [\u2026]<\/span><\/p>\n","protected":false},"featured_media":0,"template":"","meta":{"_monsterinsights_skip_tracking":false,"_monsterinsights_sitenote_active":false,"_monsterinsights_sitenote_note":"","_monsterinsights_sitenote_category":0},"product_brand":[],"product_cat":[12291,12711],"product_tag":[],"class_list":{"0":"post-762314","1":"product","2":"type-product","3":"status-publish","5":"product_cat-edebiyat","6":"product_cat-roman-oyku","7":"pa_cilt-ciltsiz","8":"pa_tur-kitap","9":"pa_yayinevi-athica-yayinlari","10":"pa_yazar-gu-byeong-mo","12":"first","13":"instock","14":"sale","15":"shipping-taxable","16":"purchasable","17":"product-type-simple"},"_links":{"self":[{"href":"https:\/\/roveyayinevi.com.tr\/index.php\/wp-json\/wp\/v2\/product\/762314","targetHints":{"allow":["GET"]}}],"collection":[{"href":"https:\/\/roveyayinevi.com.tr\/index.php\/wp-json\/wp\/v2\/product"}],"about":[{"href":"https:\/\/roveyayinevi.com.tr\/index.php\/wp-json\/wp\/v2\/types\/product"}],"wp:attachment":[{"href":"https:\/\/roveyayinevi.com.tr\/index.php\/wp-json\/wp\/v2\/media?parent=762314"}],"wp:term":[{"taxonomy":"product_brand","embeddable":true,"href":"https:\/\/roveyayinevi.com.tr\/index.php\/wp-json\/wp\/v2\/product_brand?post=762314"},{"taxonomy":"product_cat","embeddable":true,"href":"https:\/\/roveyayinevi.com.tr\/index.php\/wp-json\/wp\/v2\/product_cat?post=762314"},{"taxonomy":"product_tag","embeddable":true,"href":"https:\/\/roveyayinevi.com.tr\/index.php\/wp-json\/wp\/v2\/product_tag?post=762314"}],"curies":[{"name":"wp","href":"https:\/\/api.w.org\/{rel}","templated":true}]}}