{"id":762313,"date":"2025-08-28T10:04:50","date_gmt":"2025-08-28T07:04:50","guid":{"rendered":"https:\/\/roveyayinevi.com.tr\/index.php\/urun\/merak\/"},"modified":"2026-04-13T03:22:55","modified_gmt":"2026-04-13T00:22:55","slug":"merak","status":"publish","type":"product","link":"https:\/\/roveyayinevi.com.tr\/index.php\/urun\/merak\/","title":{"rendered":"Merak"},"content":{"rendered":"<p>MAYMUNLAR \u0130NSANA EVR\u0130MLE\u015eT\u0130YSE NEDEN MAYMUNLAR H\u00c2L\u00c2 MAYMUN?   Merakl\u0131 insanlar her zaman daha ba\u015far\u0131l\u0131, daha sa\u011fl\u0131kl\u0131 ve daha beceriklidirler. Yeni fikirler \u00fcretme, sorunlara yarat\u0131c\u0131 \u00e7\u00f6z\u00fcmler bulma yetenekleri de geli\u015fkin olur.   Kentlerimizin Hitit, Roma, Bizans, Ermeni, Yunan, S\u00fcryani ve Arap k\u00f6kenli isimleri neydi, onlar\u0131 niye de\u011fi\u015ftirdik? Alternatif tarih anlay\u0131\u015f\u0131na g\u00f6re Mustafa Kemal Pa\u015fa yerine Enver Pa\u015fa Kurtulu\u015f Sava\u015f\u0131\u2019n\u0131n liderli\u011fini \u00fcstlenseydi bug\u00fcn ne durumda olurduk? Tevrat ile Kuran aras\u0131nda ne gibi benzerlikler var? Ahtapotlardaki toplam 500 milyon sinir h\u00fccresi ne i\u015fe yar\u0131yor?  Z Ku\u015fa\u011f\u0131 eski nesilden ne talep ediyor? . ABD\u2019yi ger\u00e7ekte Pentagon mu y\u00f6netiyor? I\u015e\u0130D\u2019i kimler yaratt\u0131? Gelecekte hangi teknolojiler hayat\u0131m\u0131z\u0131 de\u011fi\u015ftirecek? Hangi meslekler g\u00f6zden d\u00fc\u015f\u00fcp hangileri y\u00fckselecek? Tek tanr\u0131l\u0131 dinler \u00f6ncesi antik d\u00fcnyada cinsellik neden ay\u0131p, tabu ve g\u00fcnah olarak g\u00f6r\u00fclm\u00fcyordu? \u00d6n\u00fcm\u00fczdeki be\u015f y\u0131lda bamba\u015fka bir T\u00fcrkiye\u2019yi nas\u0131l yarat\u0131r\u0131z? Eski diplomat, i\u015fadam\u0131, gezgin, yazar Mehmet \u00d6\u011f\u00fct\u00e7\u00fc, okuyucular\u0131n\u0131 yeni ke\u015fiflere zorlamak i\u00e7in gelece\u011fin bir\u00e7ok bilinmezine \u0131\u015f\u0131k tutarak bu merak yolculu\u011funda onlara k\u0131lavuzluk ediyor. <\/p>\n","protected":false},"excerpt":{"rendered":"<p>MAYMUNLAR \u0130NSANA EVR\u0130MLE\u015eT\u0130YSE NEDEN MAYMUNLAR H\u00c2L\u00c2 MAYMUN? Merakl\u0131 insanlar her zaman daha ba\u015far\u0131l\u0131, daha sa\u011fl\u0131kl\u0131 ve daha beceriklidirler. Yeni fikirler \u00fcretme, sorunlara yarat\u0131c\u0131 \u00e7\u00f6z\u00fcmler bulma yetenekleri<span class=\"excerpt-hellip\"> [\u2026]<\/span><\/p>\n","protected":false},"featured_media":0,"template":"","meta":{"_monsterinsights_skip_tracking":false,"_monsterinsights_sitenote_active":false,"_monsterinsights_sitenote_note":"","_monsterinsights_sitenote_category":0},"product_brand":[],"product_cat":[12364,12376],"product_tag":[],"class_list":{"0":"post-762313","1":"product","2":"type-product","3":"status-publish","5":"product_cat-genel-konular","6":"product_cat-kisisel-gelisim","7":"pa_cilt-ciltsiz","8":"pa_tur-kitap","9":"pa_yayinevi-destek-yayinlari","10":"pa_yazar-mehmet-ogutcu","12":"first","13":"instock","14":"sale","15":"shipping-taxable","16":"purchasable","17":"product-type-simple"},"_links":{"self":[{"href":"https:\/\/roveyayinevi.com.tr\/index.php\/wp-json\/wp\/v2\/product\/762313","targetHints":{"allow":["GET"]}}],"collection":[{"href":"https:\/\/roveyayinevi.com.tr\/index.php\/wp-json\/wp\/v2\/product"}],"about":[{"href":"https:\/\/roveyayinevi.com.tr\/index.php\/wp-json\/wp\/v2\/types\/product"}],"wp:attachment":[{"href":"https:\/\/roveyayinevi.com.tr\/index.php\/wp-json\/wp\/v2\/media?parent=762313"}],"wp:term":[{"taxonomy":"product_brand","embeddable":true,"href":"https:\/\/roveyayinevi.com.tr\/index.php\/wp-json\/wp\/v2\/product_brand?post=762313"},{"taxonomy":"product_cat","embeddable":true,"href":"https:\/\/roveyayinevi.com.tr\/index.php\/wp-json\/wp\/v2\/product_cat?post=762313"},{"taxonomy":"product_tag","embeddable":true,"href":"https:\/\/roveyayinevi.com.tr\/index.php\/wp-json\/wp\/v2\/product_tag?post=762313"}],"curies":[{"name":"wp","href":"https:\/\/api.w.org\/{rel}","templated":true}]}}