{"id":762311,"date":"2025-08-28T10:04:47","date_gmt":"2025-08-28T07:04:47","guid":{"rendered":"https:\/\/roveyayinevi.com.tr\/index.php\/urun\/evlenmeden-once-evlendikten-sonra\/"},"modified":"2026-04-03T03:19:18","modified_gmt":"2026-04-03T00:19:18","slug":"evlenmeden-once-evlendikten-sonra","status":"publish","type":"product","link":"https:\/\/roveyayinevi.com.tr\/index.php\/urun\/evlenmeden-once-evlendikten-sonra\/","title":{"rendered":"Evlenmeden \u00d6nce Evlendikten Sonra"},"content":{"rendered":"<p>Elinizdeki bu kitap evlenmeden \u00f6nce \u00f6\u011frenmeniz gereken her \u015feyi bar\u0131nd\u0131r\u0131yor. A\u015fk\u0131n zamanla sevgiye d\u00f6n\u00fc\u015fmesinin do\u011fal bir s\u00fcre\u00e7 oldu\u011funu, evlili\u011fin bu s\u00fcre\u00e7te ne gibi a\u015famalardan ge\u00e7ti\u011fini anlaman\u0131z\u0131 sa\u011flayacak rehber bir kitap. Evlilikte kendin olman\u0131n \u00f6nemini ve denk ikili olman\u0131n evlili\u011fin ba\u015far\u0131s\u0131n\u0131 etkiledi\u011fini ortaya seriyor. Evlilikte her iki taraf\u0131n da kendi ki\u015fisel kimliklerini koruyarak sa\u011fl\u0131kl\u0131 bir evlili\u011fi destekleyebilece\u011fini t\u00fcm detaylar\u0131 ile anlat\u0131yor. Evlilik \u00f6ncesi d\u00f6nemi maksimum fayda ile ge\u00e7irmeniz i\u00e7in ihtiyac\u0131n\u0131z olan her \u015feyi sunan bu eser, ili\u015fkinizi zenginle\u015ftirecek i\u00e7g\u00f6r\u00fclerle dolu. \u0130leti\u015fimden finansal planlamaya, ki\u015fisel geli\u015fimden evlilik \u00f6ncesi sorunlara, a\u015fk\u0131 bulmadan cinselli\u011fe kadar her konuda rehberlik ediyor. Evlili\u011fe ad\u0131m atarken kar\u015f\u0131n\u0131za \u00e7\u0131kabilecek her t\u00fcrl\u00fc durum i\u00e7in bilgece tavsiyeler ve derinlemesine analizler sunan bu eser, evlenmeye haz\u0131rlanan her \u00e7ifte rehberlik edecek. Evlilik, hayat\u0131n\u0131z\u0131n en b\u00fcy\u00fck maceras\u0131d\u0131r. Bu maceraya at\u0131lmadan \u00f6nce \u00f6\u011frenerek evlili\u011finizin sa\u011flam temeller \u00fczerinde y\u00fckselmesini sa\u011flay\u0131n. <\/p>\n","protected":false},"excerpt":{"rendered":"<p>Elinizdeki bu kitap evlenmeden \u00f6nce \u00f6\u011frenmeniz gereken her \u015feyi bar\u0131nd\u0131r\u0131yor. A\u015fk\u0131n zamanla sevgiye d\u00f6n\u00fc\u015fmesinin do\u011fal bir s\u00fcre\u00e7 oldu\u011funu, evlili\u011fin bu s\u00fcre\u00e7te ne gibi a\u015famalardan ge\u00e7ti\u011fini anlaman\u0131z\u0131<span class=\"excerpt-hellip\"> [\u2026]<\/span><\/p>\n","protected":false},"featured_media":0,"template":"","meta":{"_monsterinsights_skip_tracking":false,"_monsterinsights_sitenote_active":false,"_monsterinsights_sitenote_note":"","_monsterinsights_sitenote_category":0},"product_brand":[],"product_cat":[12364,12376],"product_tag":[],"class_list":{"0":"post-762311","1":"product","2":"type-product","3":"status-publish","5":"product_cat-genel-konular","6":"product_cat-kisisel-gelisim","7":"pa_cilt-ciltsiz","8":"pa_tur-kitap","9":"pa_yayinevi-foliant-yayinlari","10":"pa_yazar-fatih-resit-civelekoglu","12":"first","13":"instock","14":"sale","15":"shipping-taxable","16":"purchasable","17":"product-type-simple"},"_links":{"self":[{"href":"https:\/\/roveyayinevi.com.tr\/index.php\/wp-json\/wp\/v2\/product\/762311","targetHints":{"allow":["GET"]}}],"collection":[{"href":"https:\/\/roveyayinevi.com.tr\/index.php\/wp-json\/wp\/v2\/product"}],"about":[{"href":"https:\/\/roveyayinevi.com.tr\/index.php\/wp-json\/wp\/v2\/types\/product"}],"wp:attachment":[{"href":"https:\/\/roveyayinevi.com.tr\/index.php\/wp-json\/wp\/v2\/media?parent=762311"}],"wp:term":[{"taxonomy":"product_brand","embeddable":true,"href":"https:\/\/roveyayinevi.com.tr\/index.php\/wp-json\/wp\/v2\/product_brand?post=762311"},{"taxonomy":"product_cat","embeddable":true,"href":"https:\/\/roveyayinevi.com.tr\/index.php\/wp-json\/wp\/v2\/product_cat?post=762311"},{"taxonomy":"product_tag","embeddable":true,"href":"https:\/\/roveyayinevi.com.tr\/index.php\/wp-json\/wp\/v2\/product_tag?post=762311"}],"curies":[{"name":"wp","href":"https:\/\/api.w.org\/{rel}","templated":true}]}}