{"id":762310,"date":"2025-08-28T10:04:46","date_gmt":"2025-08-28T07:04:46","guid":{"rendered":"https:\/\/roveyayinevi.com.tr\/index.php\/urun\/cift-kanatli-cocuklar\/"},"modified":"2026-04-15T03:27:16","modified_gmt":"2026-04-15T00:27:16","slug":"cift-kanatli-cocuklar","status":"publish","type":"product","link":"https:\/\/roveyayinevi.com.tr\/index.php\/urun\/cift-kanatli-cocuklar\/","title":{"rendered":"\u00c7ift Kanatl\u0131 \u00c7ocuklar"},"content":{"rendered":"<p>G\u00fcn\u00fcm\u00fcz d\u00fcnyas\u0131nda \u00e7ocuk yeti\u015ftirmenin \u00f6nemi her ge\u00e7en g\u00fcn daha iyi anla\u015f\u0131lmaya ba\u015flad\u0131. \u00c7ocuk yeti\u015ftirmek denince eski zamanlarda akla ilk gelenler e\u011fitim ve \u00f6\u011fretimdi. Ama bug\u00fcn\u00fcn d\u00fcnyas\u0131nda anla\u015f\u0131ld\u0131 ki, \u00e7ocuk yeti\u015ftirmek e\u011fitim ve \u00f6\u011fretimden ibaret de\u011filmi\u015f. E\u011fitim ve \u00f6\u011fretimin \u00e7ok \u00f6tesinde kar\u015f\u0131m\u0131za bir ger\u00e7ek \u00e7\u0131k\u0131yor: \u015eefkat. \u015eefkatli anneler, babalar. \u015eefkatli \u00f6\u011fretmenler. Evet, \u015fefkatle verilen e\u011fitim ve \u00f6\u011fretim, aradan \u00e7ok uzun y\u0131llar ge\u00e7se bile g\u00fczel meyveler veriyor. \u015eefkatle b\u00fcy\u00fct\u00fclen \u00e7ocuklar, kendine, ailesine, \u00e7evresine, toplumuna, \u00fclkesine ve insanl\u0131\u011fa faydal\u0131 oluyorlar. Bu kitap, \u015fefkatli anne baba tutumlar\u0131n\u0131 somut \u00f6rneklerle ele al\u0131yor. Bilimsel y\u00f6ntemle birlikte \u015fefkatin gereklili\u011fini ortaya koyuyor. <\/p>\n","protected":false},"excerpt":{"rendered":"<p>G\u00fcn\u00fcm\u00fcz d\u00fcnyas\u0131nda \u00e7ocuk yeti\u015ftirmenin \u00f6nemi her ge\u00e7en g\u00fcn daha iyi anla\u015f\u0131lmaya ba\u015flad\u0131. \u00c7ocuk yeti\u015ftirmek denince eski zamanlarda akla ilk gelenler e\u011fitim ve \u00f6\u011fretimdi. Ama bug\u00fcn\u00fcn d\u00fcnyas\u0131nda<span class=\"excerpt-hellip\"> [\u2026]<\/span><\/p>\n","protected":false},"featured_media":0,"template":"","meta":{"_monsterinsights_skip_tracking":false,"_monsterinsights_sitenote_active":false,"_monsterinsights_sitenote_note":"","_monsterinsights_sitenote_category":0},"product_brand":[],"product_cat":[17996,12364],"product_tag":[],"class_list":{"0":"post-762310","1":"product","2":"type-product","3":"status-publish","5":"product_cat-ebeveyn-kitaplari","6":"product_cat-genel-konular","7":"pa_cilt-ciltsiz","8":"pa_tur-kitap","9":"pa_yayinevi-foliant-yayinlari","10":"pa_yazar-omer-eren","12":"first","13":"instock","14":"sale","15":"shipping-taxable","16":"purchasable","17":"product-type-simple"},"_links":{"self":[{"href":"https:\/\/roveyayinevi.com.tr\/index.php\/wp-json\/wp\/v2\/product\/762310","targetHints":{"allow":["GET"]}}],"collection":[{"href":"https:\/\/roveyayinevi.com.tr\/index.php\/wp-json\/wp\/v2\/product"}],"about":[{"href":"https:\/\/roveyayinevi.com.tr\/index.php\/wp-json\/wp\/v2\/types\/product"}],"wp:attachment":[{"href":"https:\/\/roveyayinevi.com.tr\/index.php\/wp-json\/wp\/v2\/media?parent=762310"}],"wp:term":[{"taxonomy":"product_brand","embeddable":true,"href":"https:\/\/roveyayinevi.com.tr\/index.php\/wp-json\/wp\/v2\/product_brand?post=762310"},{"taxonomy":"product_cat","embeddable":true,"href":"https:\/\/roveyayinevi.com.tr\/index.php\/wp-json\/wp\/v2\/product_cat?post=762310"},{"taxonomy":"product_tag","embeddable":true,"href":"https:\/\/roveyayinevi.com.tr\/index.php\/wp-json\/wp\/v2\/product_tag?post=762310"}],"curies":[{"name":"wp","href":"https:\/\/api.w.org\/{rel}","templated":true}]}}