{"id":762309,"date":"2025-08-28T10:04:45","date_gmt":"2025-08-28T07:04:45","guid":{"rendered":"https:\/\/roveyayinevi.com.tr\/index.php\/urun\/seytanin-sor-dedikleri\/"},"modified":"2026-04-15T03:27:16","modified_gmt":"2026-04-15T00:27:16","slug":"seytanin-sor-dedikleri","status":"publish","type":"product","link":"https:\/\/roveyayinevi.com.tr\/index.php\/urun\/seytanin-sor-dedikleri\/","title":{"rendered":"\u015eeytan\u0131n Sor Dedikleri"},"content":{"rendered":"<p>&#8220;SORGULAMAKTAN KORKMA, SORMAMAKTAN KORK!\u201d   \u015eeytan, insan\u0131 aldatmak i\u00e7in her yolu dener. Zihinleri karartmak, kalpleri buland\u0131rmak i\u00e7in hep sinsi sorularla insana yakla\u015f\u0131r. Sormaktan \u00e7ekinilen ve sorulamayan sorulardan dolay\u0131 karanl\u0131kta kalan bir\u00e7ok mevzu, imanlar\u0131 kemirip durur. Oysa \u201cSoru ilmin anahtar\u0131d\u0131r.\u201d, sorulacak ki ilim ortaya \u00e7\u0131ks\u0131n.   Bu as\u0131r \u015f\u00fcpheler, vesveseler asr\u0131d\u0131r. Sorular ya\u011fmur gibi devaml\u0131 imana \u015f\u00fcpheler, vesveseler ya\u011fd\u0131r\u0131r. Bu durumdan kurtulman\u0131n \u00e7aresi ancak do\u011fru bilgi ve sa\u011flam delillerle kuvvetlendirilmi\u015f tahkiki imanla m\u00fcmk\u00fcnd\u00fcr. \u0130\u015fte \u201c\u015eeytan\u0131n Sor Dedikleri\u201d, \u015feytan\u0131n sorularla kurdu\u011fu tuzak ve oyunlara kar\u015f\u0131 bizi savunmas\u0131z olmaktan kurtaran ve iman\u0131n sonsuz g\u00fczelliklerine kavu\u015fturan kesin delil ve belgeler manzumesidir. <\/p>\n","protected":false},"excerpt":{"rendered":"<p>&#8220;SORGULAMAKTAN KORKMA, SORMAMAKTAN KORK!\u201d \u015eeytan, insan\u0131 aldatmak i\u00e7in her yolu dener. Zihinleri karartmak, kalpleri buland\u0131rmak i\u00e7in hep sinsi sorularla insana yakla\u015f\u0131r. Sormaktan \u00e7ekinilen ve sorulamayan sorulardan<span class=\"excerpt-hellip\"> [\u2026]<\/span><\/p>\n","protected":false},"featured_media":0,"template":"","meta":{"_monsterinsights_skip_tracking":false,"_monsterinsights_sitenote_active":false,"_monsterinsights_sitenote_note":"","_monsterinsights_sitenote_category":0},"product_brand":[],"product_cat":[12718,12719],"product_tag":[],"class_list":{"0":"post-762309","1":"product","2":"type-product","3":"status-publish","5":"product_cat-din","6":"product_cat-islam","7":"pa_cilt-ciltsiz","8":"pa_tur-kitap","9":"pa_yayinevi-foliant-yayinlari","10":"pa_yazar-said-sasmaz","12":"first","13":"instock","14":"sale","15":"shipping-taxable","16":"purchasable","17":"product-type-simple"},"_links":{"self":[{"href":"https:\/\/roveyayinevi.com.tr\/index.php\/wp-json\/wp\/v2\/product\/762309","targetHints":{"allow":["GET"]}}],"collection":[{"href":"https:\/\/roveyayinevi.com.tr\/index.php\/wp-json\/wp\/v2\/product"}],"about":[{"href":"https:\/\/roveyayinevi.com.tr\/index.php\/wp-json\/wp\/v2\/types\/product"}],"wp:attachment":[{"href":"https:\/\/roveyayinevi.com.tr\/index.php\/wp-json\/wp\/v2\/media?parent=762309"}],"wp:term":[{"taxonomy":"product_brand","embeddable":true,"href":"https:\/\/roveyayinevi.com.tr\/index.php\/wp-json\/wp\/v2\/product_brand?post=762309"},{"taxonomy":"product_cat","embeddable":true,"href":"https:\/\/roveyayinevi.com.tr\/index.php\/wp-json\/wp\/v2\/product_cat?post=762309"},{"taxonomy":"product_tag","embeddable":true,"href":"https:\/\/roveyayinevi.com.tr\/index.php\/wp-json\/wp\/v2\/product_tag?post=762309"}],"curies":[{"name":"wp","href":"https:\/\/api.w.org\/{rel}","templated":true}]}}