{"id":762308,"date":"2025-08-28T10:04:43","date_gmt":"2025-08-28T07:04:43","guid":{"rendered":"https:\/\/roveyayinevi.com.tr\/index.php\/urun\/nefis-kalp-ve-ruh\/"},"modified":"2026-04-15T03:27:16","modified_gmt":"2026-04-15T00:27:16","slug":"nefis-kalp-ve-ruh","status":"publish","type":"product","link":"https:\/\/roveyayinevi.com.tr\/index.php\/urun\/nefis-kalp-ve-ruh\/","title":{"rendered":"Nefis, Kalp ve Ruh"},"content":{"rendered":"<p>Hayat denince, akla ilk gelen biyolojik hayatt\u0131r. Ama hayat biyolojik hayattan ibaret de\u011fildir. Hayata derinlemesine bak\u0131nca kar\u015f\u0131m\u0131za manevi anlamda nefis, kalp ve ruh \u00e7\u0131kar. \u0130nsan, manevi anlamda nefis, kalp, ruh ve hen\u00fcz ad\u0131 bile konulmam\u0131\u015f pek \u00e7ok kabiliyetlerle d\u00fcnyaya gelir. Bir \u00f6m\u00fcr boyu bu kabiliyetleri geli\u015ftirir. Ya iyi y\u00f6nde veya k\u00f6t\u00fc y\u00f6nde geli\u015ftirir. Bu kitap insan\u0131n hayat mertebelerine odakl\u0131. Manevi bir bak\u0131\u015f a\u00e7\u0131s\u0131yla, Kur\u2019an ve S\u00fcnnet \u0131\u015f\u0131\u011f\u0131 alt\u0131nda hayat\u0131n, nefsin, kalbin ve ruhun farkl\u0131 boyutlar\u0131n\u0131 ele ald\u0131. Hayata ve hayat\u0131n mertebelerine manevi bir a\u00e7\u0131dan bakmak, problemlerin \u00e7\u00f6z\u00fcm\u00fc yolunda at\u0131lm\u0131\u015f ilk ad\u0131m olsa gerek.<\/p>\n","protected":false},"excerpt":{"rendered":"<p>Hayat denince, akla ilk gelen biyolojik hayatt\u0131r. Ama hayat biyolojik hayattan ibaret de\u011fildir. Hayata derinlemesine bak\u0131nca kar\u015f\u0131m\u0131za manevi anlamda nefis, kalp ve ruh \u00e7\u0131kar. \u0130nsan, manevi<span class=\"excerpt-hellip\"> [\u2026]<\/span><\/p>\n","protected":false},"featured_media":0,"template":"","meta":{"_monsterinsights_skip_tracking":false,"_monsterinsights_sitenote_active":false,"_monsterinsights_sitenote_note":"","_monsterinsights_sitenote_category":0},"product_brand":[],"product_cat":[12718],"product_tag":[],"class_list":{"0":"post-762308","1":"product","2":"type-product","3":"status-publish","5":"product_cat-din","6":"pa_cilt-ciltsiz","7":"pa_tur-kitap","8":"pa_yayinevi-foliant-yayinlari","9":"pa_yazar-nuriye-celegen","11":"first","12":"instock","13":"sale","14":"shipping-taxable","15":"purchasable","16":"product-type-simple"},"_links":{"self":[{"href":"https:\/\/roveyayinevi.com.tr\/index.php\/wp-json\/wp\/v2\/product\/762308","targetHints":{"allow":["GET"]}}],"collection":[{"href":"https:\/\/roveyayinevi.com.tr\/index.php\/wp-json\/wp\/v2\/product"}],"about":[{"href":"https:\/\/roveyayinevi.com.tr\/index.php\/wp-json\/wp\/v2\/types\/product"}],"wp:attachment":[{"href":"https:\/\/roveyayinevi.com.tr\/index.php\/wp-json\/wp\/v2\/media?parent=762308"}],"wp:term":[{"taxonomy":"product_brand","embeddable":true,"href":"https:\/\/roveyayinevi.com.tr\/index.php\/wp-json\/wp\/v2\/product_brand?post=762308"},{"taxonomy":"product_cat","embeddable":true,"href":"https:\/\/roveyayinevi.com.tr\/index.php\/wp-json\/wp\/v2\/product_cat?post=762308"},{"taxonomy":"product_tag","embeddable":true,"href":"https:\/\/roveyayinevi.com.tr\/index.php\/wp-json\/wp\/v2\/product_tag?post=762308"}],"curies":[{"name":"wp","href":"https:\/\/api.w.org\/{rel}","templated":true}]}}