{"id":762307,"date":"2025-08-28T10:04:41","date_gmt":"2025-08-28T07:04:41","guid":{"rendered":"https:\/\/roveyayinevi.com.tr\/index.php\/urun\/kozadaki-dunya\/"},"modified":"2026-04-15T03:27:16","modified_gmt":"2026-04-15T00:27:16","slug":"kozadaki-dunya","status":"publish","type":"product","link":"https:\/\/roveyayinevi.com.tr\/index.php\/urun\/kozadaki-dunya\/","title":{"rendered":"Kozadaki D\u00fcnya"},"content":{"rendered":"<p>Ali Kum uyand\u0131\u011f\u0131 yeni g\u00fcnde hayat\u0131n\u0131n onu tatmin etmedi\u011fi, varl\u0131\u011f\u0131nda bir anlam bulamad\u0131\u011f\u0131 karanl\u0131k duygularla bo\u011fu\u015fmaktad\u0131r ama gri d\u00fcnyas\u0131nda kendini tekrar eden bir ba\u015fka g\u00fcn\u00fcn sonunda g\u00f6ky\u00fcz\u00fcnden ya\u011fan a\u011flar onu ya\u015fam ve benli\u011fi \u00fczerindeki t\u00fcm d\u00fc\u015f\u00fcncelerini sarsan bir kozan\u0131n i\u00e7ine hapseder. Onun hayat\u0131 art\u0131k ya\u015fad\u0131klar\u0131n\u0131n neden ve sonucunu arayan, d\u00fczene ba\u015fkald\u0131ran ve ger\u00e7ekte kim olmak istedi\u011fini ke\u015ffetme \u00e7abas\u0131 i\u00e7in \u00e7\u0131kt\u0131\u011f\u0131 bir yolculuktur.<\/p>\n","protected":false},"excerpt":{"rendered":"<p>Ali Kum uyand\u0131\u011f\u0131 yeni g\u00fcnde hayat\u0131n\u0131n onu tatmin etmedi\u011fi, varl\u0131\u011f\u0131nda bir anlam bulamad\u0131\u011f\u0131 karanl\u0131k duygularla bo\u011fu\u015fmaktad\u0131r ama gri d\u00fcnyas\u0131nda kendini tekrar eden bir ba\u015fka g\u00fcn\u00fcn sonunda<span class=\"excerpt-hellip\"> [\u2026]<\/span><\/p>\n","protected":false},"featured_media":0,"template":"","meta":{"_monsterinsights_skip_tracking":false,"_monsterinsights_sitenote_active":false,"_monsterinsights_sitenote_note":"","_monsterinsights_sitenote_category":0},"product_brand":[],"product_cat":[12291,12711],"product_tag":[],"class_list":{"0":"post-762307","1":"product","2":"type-product","3":"status-publish","5":"product_cat-edebiyat","6":"product_cat-roman-oyku","7":"pa_cilt-ciltsiz","8":"pa_tur-kitap","9":"pa_yayinevi-kirmizi-ada-yayinlari","10":"pa_yazar-hamza-karabektas","12":"first","13":"instock","14":"sale","15":"shipping-taxable","16":"purchasable","17":"product-type-simple"},"_links":{"self":[{"href":"https:\/\/roveyayinevi.com.tr\/index.php\/wp-json\/wp\/v2\/product\/762307","targetHints":{"allow":["GET"]}}],"collection":[{"href":"https:\/\/roveyayinevi.com.tr\/index.php\/wp-json\/wp\/v2\/product"}],"about":[{"href":"https:\/\/roveyayinevi.com.tr\/index.php\/wp-json\/wp\/v2\/types\/product"}],"wp:attachment":[{"href":"https:\/\/roveyayinevi.com.tr\/index.php\/wp-json\/wp\/v2\/media?parent=762307"}],"wp:term":[{"taxonomy":"product_brand","embeddable":true,"href":"https:\/\/roveyayinevi.com.tr\/index.php\/wp-json\/wp\/v2\/product_brand?post=762307"},{"taxonomy":"product_cat","embeddable":true,"href":"https:\/\/roveyayinevi.com.tr\/index.php\/wp-json\/wp\/v2\/product_cat?post=762307"},{"taxonomy":"product_tag","embeddable":true,"href":"https:\/\/roveyayinevi.com.tr\/index.php\/wp-json\/wp\/v2\/product_tag?post=762307"}],"curies":[{"name":"wp","href":"https:\/\/api.w.org\/{rel}","templated":true}]}}