{"id":762306,"date":"2025-08-28T10:04:39","date_gmt":"2025-08-28T07:04:39","guid":{"rendered":"https:\/\/roveyayinevi.com.tr\/index.php\/urun\/goc-zamani-2\/"},"modified":"2026-04-15T03:27:16","modified_gmt":"2026-04-15T00:27:16","slug":"goc-zamani-2","status":"publish","type":"product","link":"https:\/\/roveyayinevi.com.tr\/index.php\/urun\/goc-zamani-2\/","title":{"rendered":"G\u00f6\u00e7 Zaman\u0131"},"content":{"rendered":"<p>\u0130\u00e7inde bu kadar derin anlamlar bar\u0131nd\u0131ran ba\u015fka bir s\u00f6zc\u00fck yoktur belki de\u2026 Bir veda vard\u0131r i\u00e7inde, insan\u0131n y\u00fcre\u011fini burkan\u2026 Yeri, yurdu, vatan\u0131 terk etmeyi. Sevdiklerinden uzakla\u015fmay\u0131. Gurbeti getirir insan\u0131n akl\u0131na hep. Anlat\u0131lmas\u0131 zor bir gariplik, tuhaf bir yaln\u0131zl\u0131kt\u0131r g\u00f6\u00e7. Ne kadar iyimser olsan da h\u00fczn\u00fc an\u0131msat\u0131r. Bir boyun b\u00fck\u00fc\u015ft\u00fcr g\u00f6\u00e7. Vazge\u00e7i\u015ftir t\u00fcm tutkulardan. Teslimiyet, giderken i\u00e7inde b\u00fcy\u00fcyen isyand\u0131r \u00e7o\u011fu zaman. \u00c7aresizliktir \u00f6rne\u011fin. Kederdir, en katmerlisinden ac\u0131d\u0131r. Y\u00fcre\u011finde yang\u0131nlar koparken geriye d\u00f6n\u00fcp bakamamakt\u0131r. Bir daha hi\u00e7bir \u015feyin eskisi gibi olamayaca\u011f\u0131n\u0131 bile bile kabullenmektir. Yar\u0131m kalm\u0131\u015f sevdalar\u0131 topra\u011fa g\u00f6mmektir.                                 Bir par\u00e7alanmad\u0131r, umutlar\u0131n lime lime olma halidir. H\u00fczzam bir \u015fark\u0131n\u0131n bitmeyen nakarat\u0131d\u0131r. Sessiz bir a\u011f\u0131tt\u0131r. Gidip de d\u00f6n\u00fclemeyen yollar\u0131n ad\u0131d\u0131r g\u00f6\u00e7. \u00d6ylesine a\u011f\u0131r bir y\u00fckt\u00fcr ki ta\u015f\u0131yan\u0131n omuzlar\u0131nda. Bir \u00f6m\u00fcr s\u00fcrer sessiz ve derinden. Deva bulmaz bir yara gibi kanar durur inceden. Ne kadar tarif etsen de hep bir yan\u0131 eksik kal\u0131r g\u00f6\u00e7\u00fcn. Yazsan olmaz. Anlatsan bitmez. <\/p>\n","protected":false},"excerpt":{"rendered":"<p>\u0130\u00e7inde bu kadar derin anlamlar bar\u0131nd\u0131ran ba\u015fka bir s\u00f6zc\u00fck yoktur belki de\u2026 Bir veda vard\u0131r i\u00e7inde, insan\u0131n y\u00fcre\u011fini burkan\u2026 Yeri, yurdu, vatan\u0131 terk etmeyi. Sevdiklerinden uzakla\u015fmay\u0131.<span class=\"excerpt-hellip\"> [\u2026]<\/span><\/p>\n","protected":false},"featured_media":0,"template":"","meta":{"_monsterinsights_skip_tracking":false,"_monsterinsights_sitenote_active":false,"_monsterinsights_sitenote_note":"","_monsterinsights_sitenote_category":0},"product_brand":[],"product_cat":[12291,12711],"product_tag":[],"class_list":{"0":"post-762306","1":"product","2":"type-product","3":"status-publish","5":"product_cat-edebiyat","6":"product_cat-roman-oyku","7":"pa_cilt-ciltsiz","8":"pa_tur-kitap","9":"pa_yayinevi-kirmizi-ada-yayinlari","10":"pa_yazar-mehmet-ramazan-yurtsever","12":"first","13":"instock","14":"sale","15":"shipping-taxable","16":"purchasable","17":"product-type-simple"},"_links":{"self":[{"href":"https:\/\/roveyayinevi.com.tr\/index.php\/wp-json\/wp\/v2\/product\/762306","targetHints":{"allow":["GET"]}}],"collection":[{"href":"https:\/\/roveyayinevi.com.tr\/index.php\/wp-json\/wp\/v2\/product"}],"about":[{"href":"https:\/\/roveyayinevi.com.tr\/index.php\/wp-json\/wp\/v2\/types\/product"}],"wp:attachment":[{"href":"https:\/\/roveyayinevi.com.tr\/index.php\/wp-json\/wp\/v2\/media?parent=762306"}],"wp:term":[{"taxonomy":"product_brand","embeddable":true,"href":"https:\/\/roveyayinevi.com.tr\/index.php\/wp-json\/wp\/v2\/product_brand?post=762306"},{"taxonomy":"product_cat","embeddable":true,"href":"https:\/\/roveyayinevi.com.tr\/index.php\/wp-json\/wp\/v2\/product_cat?post=762306"},{"taxonomy":"product_tag","embeddable":true,"href":"https:\/\/roveyayinevi.com.tr\/index.php\/wp-json\/wp\/v2\/product_tag?post=762306"}],"curies":[{"name":"wp","href":"https:\/\/api.w.org\/{rel}","templated":true}]}}