{"id":762304,"date":"2025-08-28T10:04:36","date_gmt":"2025-08-28T07:04:36","guid":{"rendered":"https:\/\/roveyayinevi.com.tr\/index.php\/urun\/kuzey-ronesansi\/"},"modified":"2026-03-12T03:24:51","modified_gmt":"2026-03-12T00:24:51","slug":"kuzey-ronesansi","status":"publish","type":"product","link":"https:\/\/roveyayinevi.com.tr\/index.php\/urun\/kuzey-ronesansi\/","title":{"rendered":"Kuzey R\u00f6nesans\u0131"},"content":{"rendered":"<p>Bat\u0131 sanat\u0131 tarihinde R\u00f6nesans\u2019tan bahsedildi\u011finde \u00e7o\u011funlukla akla \u0130talyan R\u00f6nesans\u0131 gelir; oysa on be\u015finci y\u00fczy\u0131lda k\u0131ta Avrupas\u0131\u2019n\u0131n kuzeyinde ya\u015fanan dinamik d\u00f6n\u00fc\u015f\u00fcmler ya\u015fam\u0131n her alan\u0131nda k\u00f6kl\u00fc de\u011fi\u015fimlere neden oluyor, Kuzey R\u00f6nesans\u0131\u2019n\u0131 \u015fekillendiriyordu. K\u00f6ken itibar\u0131yla ayn\u0131 entelekt\u00fcel tohumdan yeti\u015fse de Kuzey R\u00f6nesans\u0131, yirminci y\u00fczy\u0131l kapitalizminin siyasi, ticari, sanatsal hatta dini \u00f6nc\u00fcllerini olu\u015fturan dallar\u0131 filizlendiriyordu. \u0130talyan \u00e7a\u011fda\u015f\u0131n\u0131n aksine mistisizme daha \u00e7ok y\u00f6nelen ve \u00f6rt\u00fck bir sembolizm geli\u015ftiren Kuzey R\u00f6nesans\u0131, meslek \u00f6rg\u00fctlenmesinden sanat\u00e7\u0131 mesenli\u011fine, ya\u015fam\u0131n ger\u00e7ekli\u011fini kavray\u0131\u015ftan bunu fikri ve sanatsal olarak ifade edi\u015fe dek pek \u00e7ok alanda ciddi farkl\u0131l\u0131klar g\u00f6steren bir k\u00fclt\u00fcr d\u00fcnyas\u0131 in\u015fa ediyordu.   Sanat tarih\u00e7isi ve akademisyen Nil\u00fcfer \u00d6ndin ile Ali Kayaalp\u2019in yazd\u0131klar\u0131, Van Eyck Karde\u015fler, Rogier van der Weyden, Hans Memling, Hieronymus Bosch, Ya\u015fl\u0131 Pieter Bruegel, Albrecht D\u00fcrer, Matthias Gr\u00fcnewald, Gen\u00e7 Hans Holbein gibi pek \u00e7ok sanat\u00e7\u0131n\u0131n \u00fcretimini kapsayan Kuzey R\u00f6nesans\u0131, okura bu \u00f6zg\u00fcn k\u00fclt\u00fcr d\u00fcnyas\u0131n\u0131n altyap\u0131s\u0131n\u0131 sunuyor. Sanatla ifade bulan b\u00fct\u00fcnl\u00fckl\u00fc bir d\u00fcnya g\u00f6r\u00fc\u015f\u00fcn\u00fc eserler \u00fczerinden derinlemesine inceliyor. On sekizinci y\u00fczy\u0131l Ayd\u0131nlanma \u00c7a\u011f\u0131\u2019n\u0131n temellerinin dayand\u0131\u011f\u0131 Kuzey R\u00f6nesans\u0131\u2019n\u0131 ele alan bu kitap, okuru yaln\u0131zca sanat tarihsel de\u011fil, felsefi, dini hatta ekonomik bak\u0131\u015f a\u00e7\u0131s\u0131 da sunan uzun soluklu bir yolculu\u011fa \u00e7\u0131kar\u0131yor. <\/p>\n","protected":false},"excerpt":{"rendered":"<p>Bat\u0131 sanat\u0131 tarihinde R\u00f6nesans\u2019tan bahsedildi\u011finde \u00e7o\u011funlukla akla \u0130talyan R\u00f6nesans\u0131 gelir; oysa on be\u015finci y\u00fczy\u0131lda k\u0131ta Avrupas\u0131\u2019n\u0131n kuzeyinde ya\u015fanan dinamik d\u00f6n\u00fc\u015f\u00fcmler ya\u015fam\u0131n her alan\u0131nda k\u00f6kl\u00fc de\u011fi\u015fimlere neden<span class=\"excerpt-hellip\"> [\u2026]<\/span><\/p>\n","protected":false},"featured_media":0,"template":"","meta":{"_monsterinsights_skip_tracking":false,"_monsterinsights_sitenote_active":false,"_monsterinsights_sitenote_note":"","_monsterinsights_sitenote_category":0},"product_brand":[],"product_cat":[13548,12408],"product_tag":[],"class_list":{"0":"post-762304","1":"product","2":"type-product","3":"status-publish","5":"product_cat-kuram","6":"product_cat-sanat","7":"pa_cilt-ciltsiz","8":"pa_tur-kitap","9":"pa_yayinevi-hayalperest-yayinlari","10":"pa_yazar-nilufer-ondin-ali-kayaalp","12":"first","13":"instock","14":"sale","15":"shipping-taxable","16":"purchasable","17":"product-type-simple"},"_links":{"self":[{"href":"https:\/\/roveyayinevi.com.tr\/index.php\/wp-json\/wp\/v2\/product\/762304","targetHints":{"allow":["GET"]}}],"collection":[{"href":"https:\/\/roveyayinevi.com.tr\/index.php\/wp-json\/wp\/v2\/product"}],"about":[{"href":"https:\/\/roveyayinevi.com.tr\/index.php\/wp-json\/wp\/v2\/types\/product"}],"wp:attachment":[{"href":"https:\/\/roveyayinevi.com.tr\/index.php\/wp-json\/wp\/v2\/media?parent=762304"}],"wp:term":[{"taxonomy":"product_brand","embeddable":true,"href":"https:\/\/roveyayinevi.com.tr\/index.php\/wp-json\/wp\/v2\/product_brand?post=762304"},{"taxonomy":"product_cat","embeddable":true,"href":"https:\/\/roveyayinevi.com.tr\/index.php\/wp-json\/wp\/v2\/product_cat?post=762304"},{"taxonomy":"product_tag","embeddable":true,"href":"https:\/\/roveyayinevi.com.tr\/index.php\/wp-json\/wp\/v2\/product_tag?post=762304"}],"curies":[{"name":"wp","href":"https:\/\/api.w.org\/{rel}","templated":true}]}}