{"id":762302,"date":"2025-08-28T10:04:32","date_gmt":"2025-08-28T07:04:32","guid":{"rendered":"https:\/\/roveyayinevi.com.tr\/index.php\/urun\/simurgun-kanadinda\/"},"modified":"2026-04-15T03:27:16","modified_gmt":"2026-04-15T00:27:16","slug":"simurgun-kanadinda","status":"publish","type":"product","link":"https:\/\/roveyayinevi.com.tr\/index.php\/urun\/simurgun-kanadinda\/","title":{"rendered":"Simurg\u2019un Kanad\u0131nda"},"content":{"rendered":"<p>\u0130ran k\u00fclt\u00fcr\u00fc, sinemas\u0131 ve \u00f6zellikle de edebiyat\u0131 \u00fclkemizde son y\u0131llarda h\u0131zla pop\u00fcler hale geldi ve geni\u015f kitlelere ula\u015fabilme ba\u015far\u0131s\u0131 g\u00f6sterdi. \u0130ran edebiyat\u0131n\u0131n b\u00fcy\u00fck isimleri de T\u00fcrkiye&#8217;de her ya\u015f ve toplumsal kesimden okur taraf\u0131ndan tan\u0131n\u0131p bilinir hale geldi. Samed Behrengi, S\u00e2d\u0131k Hid\u00e2yet, F\u00fcr\u00fb\u011f Ferruhz\u00e2d, Sohr\u00e2b Sipehr\u00ee, S\u00eem\u00een D\u00e2ni\u015fver, Ahmed \u015e\u00e2mlu, Cel\u00e2l \u00c2l-i Ahmed, S\u00e2d\u0131k \u00c7\u00fbbek, N\u00eem\u00e2 Yu\u015fic, Mahmud Devlet\u00e2b\u00e2d\u00ee ve di\u011fer pek \u00e7ok b\u00fcy\u00fck ismin \u00f6yk\u00fcleri, romanlar\u0131 ve \u015fiirleri bug\u00fcn T\u00fcrk okurunun a\u015fina oldu\u011fu k\u00fclt\u00fcr hazineleri aras\u0131na \u00e7oktan girdi bile. Elinizdeki kitap, t\u00fcm bu de\u011ferli edebiyat\u00e7\u0131lar\u0131, d\u00fcnyaya bak\u0131\u015flar\u0131n\u0131, eserlerini ve bir b\u00fct\u00fcn halinde son iki y\u00fczy\u0131ll\u0131k s\u00fcre\u00e7te modern \u0130ran edebiyat\u0131n\u0131 daha yak\u0131ndan tan\u0131yabilmek, bu b\u00fcy\u00fck k\u00fclt\u00fcr d\u00fcnyas\u0131n\u0131 ke\u015ffedebilmek i\u00e7in \u00f6nemli bir ba\u015fvuru kayna\u011f\u0131. Ayn\u0131 zamanda bir \u00f6yk\u00fc ve roman yazar\u0131 da olan edebiyat tarih\u00e7isi Dr. Hamid Abdullahiyan, \u0130ran&#8217;daki \u00fcniversitelerde referans kitap olarak da okutulan bu eseriyle, hem yazarlar\u0131 ve eserlerini bize daha yak\u0131ndan tan\u0131t\u0131yor hem de edebi ku\u015faklar ve yazarlar aras\u0131ndaki kar\u015f\u0131l\u0131kl\u0131 etkile\u015fim kanallar\u0131n\u0131 okuyucuya tan\u0131tarak bu b\u00fcy\u00fck hazinenin kap\u0131lar\u0131n\u0131 aral\u0131yor. <\/p>\n","protected":false},"excerpt":{"rendered":"<p>\u0130ran k\u00fclt\u00fcr\u00fc, sinemas\u0131 ve \u00f6zellikle de edebiyat\u0131 \u00fclkemizde son y\u0131llarda h\u0131zla pop\u00fcler hale geldi ve geni\u015f kitlelere ula\u015fabilme ba\u015far\u0131s\u0131 g\u00f6sterdi. \u0130ran edebiyat\u0131n\u0131n b\u00fcy\u00fck isimleri de T\u00fcrkiye&#8217;de<span class=\"excerpt-hellip\"> [\u2026]<\/span><\/p>\n","protected":false},"featured_media":0,"template":"","meta":{"_monsterinsights_skip_tracking":false,"_monsterinsights_sitenote_active":false,"_monsterinsights_sitenote_note":"","_monsterinsights_sitenote_category":0},"product_brand":[],"product_cat":[13072,12291],"product_tag":[],"class_list":{"0":"post-762302","1":"product","2":"type-product","3":"status-publish","5":"product_cat-arastirma-inceleme-referans","6":"product_cat-edebiyat","7":"pa_cilt-ciltsiz","8":"pa_tur-kitap","9":"pa_yayinevi-livera-yayinevi","10":"pa_yazar-hamid-abdullahiyan","12":"first","13":"instock","14":"sale","15":"shipping-taxable","16":"purchasable","17":"product-type-simple"},"_links":{"self":[{"href":"https:\/\/roveyayinevi.com.tr\/index.php\/wp-json\/wp\/v2\/product\/762302","targetHints":{"allow":["GET"]}}],"collection":[{"href":"https:\/\/roveyayinevi.com.tr\/index.php\/wp-json\/wp\/v2\/product"}],"about":[{"href":"https:\/\/roveyayinevi.com.tr\/index.php\/wp-json\/wp\/v2\/types\/product"}],"wp:attachment":[{"href":"https:\/\/roveyayinevi.com.tr\/index.php\/wp-json\/wp\/v2\/media?parent=762302"}],"wp:term":[{"taxonomy":"product_brand","embeddable":true,"href":"https:\/\/roveyayinevi.com.tr\/index.php\/wp-json\/wp\/v2\/product_brand?post=762302"},{"taxonomy":"product_cat","embeddable":true,"href":"https:\/\/roveyayinevi.com.tr\/index.php\/wp-json\/wp\/v2\/product_cat?post=762302"},{"taxonomy":"product_tag","embeddable":true,"href":"https:\/\/roveyayinevi.com.tr\/index.php\/wp-json\/wp\/v2\/product_tag?post=762302"}],"curies":[{"name":"wp","href":"https:\/\/api.w.org\/{rel}","templated":true}]}}