{"id":762301,"date":"2025-08-28T10:04:31","date_gmt":"2025-08-28T07:04:31","guid":{"rendered":"https:\/\/roveyayinevi.com.tr\/index.php\/urun\/kosmak-ve-kendini-bulma-sanati\/"},"modified":"2026-04-12T03:19:29","modified_gmt":"2026-04-12T00:19:29","slug":"kosmak-ve-kendini-bulma-sanati","status":"publish","type":"product","link":"https:\/\/roveyayinevi.com.tr\/index.php\/urun\/kosmak-ve-kendini-bulma-sanati\/","title":{"rendered":"Ko\u015fmak ve Kendini Bulma Sanat\u0131"},"content":{"rendered":"<p>\u201cKendimden ko\u015farak ka\u00e7t\u0131m, ko\u015farak kendime vard\u0131m.\u201d Yonca Tokba\u015f, \u201c\u015eu iki a\u011fa\u00e7 aras\u0131nda ko\u015fsam kimse g\u00f6rmez\u201d diye ba\u015flayan bir oyunu, ultra maraton ko\u015fmaya kadar vard\u0131raca\u011f\u0131n\u0131 kendisi de tahmin etmiyordu. Ruhu ile bedeni aras\u0131ndaki mesafeyi ko\u015fa ko\u015fa kat etmeyi istiyordu sadece. \u00d6l\u00fcyormu\u015f\u00e7as\u0131na ko\u015ftu\u011fu o ilk 30 metreden sonra istemedi\u011fi i\u015fler, olmak istemedi\u011fi yerler, kat\u0131lmak istemedi\u011fi sohbetler&#8230; ne varsa arkas\u0131nda b\u0131rakan, kendinin \u00fczerine giden Yonca Tokba\u015f, ko\u015fa ko\u015fa kabu\u011funu k\u0131r\u0131p \u00e7\u0131karken birincilik \u00f6d\u00fclleri de ald\u0131, t\u00fcm zamanlar\u0131n en sonuncusu da oldu! \u00c7areyi ko\u015fmakta buldu&#8230; Ko\u015f Yonca Ko\u015f! Uykusuzlu\u011fa \u00e7\u00f6z\u00fcm, Mutsuzlu\u011fa \u00e7\u00f6z\u00fcm, Gizli \u00f6fkeye \u00e7\u00f6z\u00fcm, Kalabal\u0131klara \u00e7\u00f6z\u00fcm, Delirmeye \u00e7\u00f6z\u00fcm, Kilo tak\u0131nt\u0131s\u0131na \u00e7\u00f6z\u00fcm, Ko\u015f Yonca Ko\u015f&#8230; Ko\u015fmak ve Kendini Bulma Sanat\u0131, Ko\u015f Yonca Ko\u015f, ko\u015fman\u0131n sadece bedenle de\u011fil, zihin ve ruhla da ger\u00e7ekle\u015ftirilen bir eylem oldu\u011funu ve insan\u0131n ko\u015farak varabilece\u011fi tek noktan\u0131n yine kendisi oldu\u011funu g\u00f6steriyor&#8230; \u00fcstelik tek ba\u015f\u0131na da ko\u015fmad\u0131, d\u00fcnyan\u0131n d\u00f6rt bir yan\u0131nda ko\u015fu ayakkab\u0131l\u0131, sandaletli dostlar edindi, bir\u00e7ok STK ad\u0131na g\u00f6n\u00fcll\u00fc ko\u015farak rekor d\u00fczeyde ba\u011f\u0131\u015flar toplad\u0131. Y\u0131llard\u0131r, T\u00fcrkiye\u2019de ko\u015fu sporunun tan\u0131nmas\u0131 i\u00e7in yaz\u0131lar yaz\u0131yor, g\u00fcndem olu\u015fturuyor, emek veriyor&#8230;<\/p>\n","protected":false},"excerpt":{"rendered":"<p>\u201cKendimden ko\u015farak ka\u00e7t\u0131m, ko\u015farak kendime vard\u0131m.\u201d Yonca Tokba\u015f, \u201c\u015eu iki a\u011fa\u00e7 aras\u0131nda ko\u015fsam kimse g\u00f6rmez\u201d diye ba\u015flayan bir oyunu, ultra maraton ko\u015fmaya kadar vard\u0131raca\u011f\u0131n\u0131 kendisi de<span class=\"excerpt-hellip\"> [\u2026]<\/span><\/p>\n","protected":false},"featured_media":0,"template":"","meta":{"_monsterinsights_skip_tracking":false,"_monsterinsights_sitenote_active":false,"_monsterinsights_sitenote_note":"","_monsterinsights_sitenote_category":0},"product_brand":[],"product_cat":[12364,12376],"product_tag":[],"class_list":{"0":"post-762301","1":"product","2":"type-product","3":"status-publish","5":"product_cat-genel-konular","6":"product_cat-kisisel-gelisim","7":"pa_cilt-ciltsiz","8":"pa_tur-kitap","9":"pa_yayinevi-literatur-yayinevi","10":"pa_yazar-yonca-tokbas","12":"first","13":"instock","14":"sale","15":"shipping-taxable","16":"purchasable","17":"product-type-simple"},"_links":{"self":[{"href":"https:\/\/roveyayinevi.com.tr\/index.php\/wp-json\/wp\/v2\/product\/762301","targetHints":{"allow":["GET"]}}],"collection":[{"href":"https:\/\/roveyayinevi.com.tr\/index.php\/wp-json\/wp\/v2\/product"}],"about":[{"href":"https:\/\/roveyayinevi.com.tr\/index.php\/wp-json\/wp\/v2\/types\/product"}],"wp:attachment":[{"href":"https:\/\/roveyayinevi.com.tr\/index.php\/wp-json\/wp\/v2\/media?parent=762301"}],"wp:term":[{"taxonomy":"product_brand","embeddable":true,"href":"https:\/\/roveyayinevi.com.tr\/index.php\/wp-json\/wp\/v2\/product_brand?post=762301"},{"taxonomy":"product_cat","embeddable":true,"href":"https:\/\/roveyayinevi.com.tr\/index.php\/wp-json\/wp\/v2\/product_cat?post=762301"},{"taxonomy":"product_tag","embeddable":true,"href":"https:\/\/roveyayinevi.com.tr\/index.php\/wp-json\/wp\/v2\/product_tag?post=762301"}],"curies":[{"name":"wp","href":"https:\/\/api.w.org\/{rel}","templated":true}]}}