{"id":762300,"date":"2025-08-28T10:04:29","date_gmt":"2025-08-28T07:04:29","guid":{"rendered":"https:\/\/roveyayinevi.com.tr\/index.php\/urun\/gencler-soruyor\/"},"modified":"2026-04-15T03:27:15","modified_gmt":"2026-04-15T00:27:15","slug":"gencler-soruyor","status":"publish","type":"product","link":"https:\/\/roveyayinevi.com.tr\/index.php\/urun\/gencler-soruyor\/","title":{"rendered":"Gen\u00e7ler Soruyor"},"content":{"rendered":"<p>\u0130\u00e7inde ya\u015fad\u0131\u011f\u0131m\u0131z toplumsal \u015fartlarda sorular\u0131n ard\u0131 arkas\u0131n\u0131n kesilmeyece\u011fi a\u015fik\u00e2rd\u0131r. \u00d6zellikle \u0130slam d\u00fc\u015fmanlar\u0131n\u0131n kafay\u0131 kar\u0131\u015ft\u0131rmak i\u00e7in ortaya att\u0131\u011f\u0131 sorular \u00f6nemlidir. Bunlar\u0131n cevaplanmas\u0131 yerinde olacakt\u0131r. Di\u011fer taraftan sadece Kur\u2019an Meali okuyarak \u0130slam diniyle ilgili d\u00fc\u015f\u00fcncelerini olu\u015fturan baz\u0131 gen\u00e7lerin, bilgi ve fikirde yetersiz kal\u0131\u015f\u0131, d\u0131\u015far\u0131dan gelen ve gelecek sorular kar\u015f\u0131s\u0131nda da\u011f\u0131lmalar\u0131, sonu\u00e7ta deist veya ateist olmalar\u0131 ger\u00e7e\u011finde, geni\u015f bir k\u00fclt\u00fcr yelpazesiyle sorular\u0131n yeniden g\u00f6zden ge\u00e7irilmesi \u00f6nemlidir. Elbette her cevap herkese ayn\u0131 \u015fekilde hitap etmeyecektir. \u00c7\u00fcnk\u00fc her insan\u0131n ak\u0131l y\u00fcr\u00fctme, muhakeme kurma, ikna olma a\u00e7\u0131l\u0131mlar\u0131 ve s\u0131n\u0131rlar\u0131 farkl\u0131d\u0131r. Onun i\u00e7in verilen cevaplar baz\u0131 karde\u015flerimizi tatmin ederken, baz\u0131 karde\u015flerimize yetersiz gelecektir. Bu nedenle bu \u00e7al\u0131\u015fmay\u0131 okuyacaklar\u0131n cevaplardaki yetersizlikleri bildirmelerinde yarar var. <\/p>\n","protected":false},"excerpt":{"rendered":"<p>\u0130\u00e7inde ya\u015fad\u0131\u011f\u0131m\u0131z toplumsal \u015fartlarda sorular\u0131n ard\u0131 arkas\u0131n\u0131n kesilmeyece\u011fi a\u015fik\u00e2rd\u0131r. \u00d6zellikle \u0130slam d\u00fc\u015fmanlar\u0131n\u0131n kafay\u0131 kar\u0131\u015ft\u0131rmak i\u00e7in ortaya att\u0131\u011f\u0131 sorular \u00f6nemlidir. Bunlar\u0131n cevaplanmas\u0131 yerinde olacakt\u0131r. Di\u011fer taraftan sadece<span class=\"excerpt-hellip\"> [\u2026]<\/span><\/p>\n","protected":false},"featured_media":0,"template":"","meta":{"_monsterinsights_skip_tracking":false,"_monsterinsights_sitenote_active":false,"_monsterinsights_sitenote_note":"","_monsterinsights_sitenote_category":0},"product_brand":[],"product_cat":[13036,12718,12719],"product_tag":[],"class_list":{"0":"post-762300","1":"product","2":"type-product","3":"status-publish","5":"product_cat-arastirma-inceleme-islam","6":"product_cat-din","7":"product_cat-islam","8":"pa_cilt-ciltsiz","9":"pa_tur-kitap","10":"pa_yayinevi-gulnar-yayinlari","11":"pa_yazar-mehmet-coban","13":"first","14":"instock","15":"sale","16":"shipping-taxable","17":"purchasable","18":"product-type-simple"},"_links":{"self":[{"href":"https:\/\/roveyayinevi.com.tr\/index.php\/wp-json\/wp\/v2\/product\/762300","targetHints":{"allow":["GET"]}}],"collection":[{"href":"https:\/\/roveyayinevi.com.tr\/index.php\/wp-json\/wp\/v2\/product"}],"about":[{"href":"https:\/\/roveyayinevi.com.tr\/index.php\/wp-json\/wp\/v2\/types\/product"}],"wp:attachment":[{"href":"https:\/\/roveyayinevi.com.tr\/index.php\/wp-json\/wp\/v2\/media?parent=762300"}],"wp:term":[{"taxonomy":"product_brand","embeddable":true,"href":"https:\/\/roveyayinevi.com.tr\/index.php\/wp-json\/wp\/v2\/product_brand?post=762300"},{"taxonomy":"product_cat","embeddable":true,"href":"https:\/\/roveyayinevi.com.tr\/index.php\/wp-json\/wp\/v2\/product_cat?post=762300"},{"taxonomy":"product_tag","embeddable":true,"href":"https:\/\/roveyayinevi.com.tr\/index.php\/wp-json\/wp\/v2\/product_tag?post=762300"}],"curies":[{"name":"wp","href":"https:\/\/api.w.org\/{rel}","templated":true}]}}