{"id":762298,"date":"2025-08-28T10:04:27","date_gmt":"2025-08-28T07:04:27","guid":{"rendered":"https:\/\/roveyayinevi.com.tr\/index.php\/urun\/milliyetciligi-dizginlemek\/"},"modified":"2026-04-15T03:27:15","modified_gmt":"2026-04-15T00:27:15","slug":"milliyetciligi-dizginlemek","status":"publish","type":"product","link":"https:\/\/roveyayinevi.com.tr\/index.php\/urun\/milliyetciligi-dizginlemek\/","title":{"rendered":"Milliyet\u00e7ili\u011fi Dizginlemek"},"content":{"rendered":"<p>\u201cMilliyet\u00e7ilik s\u0131kl\u0131kla sanatsal, entelekt\u00fcel ve politik mayalanmaya ilham olsa da, zaman zaman i\u00e7 sava\u015flara ve en korkun\u00e7 \u015fiddet eylemlerine ad\u0131 kar\u0131\u015f\u0131r. En berbat bi\u00e7imde, yabanc\u0131 d\u00fc\u015fmanl\u0131\u011f\u0131na, etnik temizli\u011fe ve soyk\u0131r\u0131ma esin kayna\u011f\u0131 olur. Milliyet\u00e7ili\u011fin bu karanl\u0131k y\u00fcz\u00fc dizginlenebilir mi?\u201d Kitab\u0131n bu soruya k\u00f6\u015feli ve kolay bir cevab\u0131 yok. Ona g\u00f6re her \u015feyden \u00f6nce, onun maddi toplumsal temellerini dikkate almadan, \u201cmilliyet\u00e7i a\u015f\u0131r\u0131l\u0131\u011f\u0131\u201d ahl\u00e2ki veya \u201cideolojik\u201d h\u00fck\u00fcmlerle \u201cdizginlemenin\u201d m\u00fcmk\u00fcn olmad\u0131\u011f\u0131 kesindir. Milliyet\u00e7ili\u011fi Dizginlemek, milliyet\u00e7ili\u011fin olu\u015fumunda ve yeniden \u00fcretiminde, toplumsalla\u015fma mekanizmalar\u0131n\u0131n ve kurumsal yap\u0131lar\u0131n \u00f6nemini vurguluyor. Michael Hechter, her \u015feyden \u00f6nce milliyet\u00e7ili\u011fin tarihselli\u011fini (yani ezel\u00ee olmad\u0131\u011f\u0131n\u0131) vurguluyor. Buna ba\u011fl\u0131 olarak, -ba\u015fta \u201cdevlet kurucu milliyet\u00e7ilik\u201d olmak \u00fczere- bir\u00e7ok farkl\u0131 milliyet\u00e7ilik \u201ctipini\u201d tasnif ediyor ve bunlar\u0131n tarihsel olu\u015fumunu irdeliyor. Se\u00e7im sistemlerinin, federasyonun ve ademimerkeziyet\u00e7i yap\u0131lar\u0131n, \u201ce\u015ftoplumla\u015ft\u0131rman\u0131n\u201d milliyet\u00e7ili\u011fi dizginleme kapasitelerini tart\u0131\u015f\u0131yor. \u00c7a\u011fda\u015f milliyet\u00e7ilik teorisinin \u00f6nemli yazarlar\u0131ndan birinin kaleminden, bu a\u011f\u0131r konuya ili\u015fkin panoramik bir analiz kitab\u0131.<\/p>\n","protected":false},"excerpt":{"rendered":"<p>\u201cMilliyet\u00e7ilik s\u0131kl\u0131kla sanatsal, entelekt\u00fcel ve politik mayalanmaya ilham olsa da, zaman zaman i\u00e7 sava\u015flara ve en korkun\u00e7 \u015fiddet eylemlerine ad\u0131 kar\u0131\u015f\u0131r. En berbat bi\u00e7imde, yabanc\u0131 d\u00fc\u015fmanl\u0131\u011f\u0131na,<span class=\"excerpt-hellip\"> [\u2026]<\/span><\/p>\n","protected":false},"featured_media":0,"template":"","meta":{"_monsterinsights_skip_tracking":false,"_monsterinsights_sitenote_active":false,"_monsterinsights_sitenote_note":"","_monsterinsights_sitenote_category":0},"product_brand":[],"product_cat":[12337],"product_tag":[],"class_list":{"0":"post-762298","1":"product","2":"type-product","3":"status-publish","5":"product_cat-politika-siyaset","6":"pa_cilt-ciltsiz","7":"pa_tur-kitap","8":"pa_yayinevi-iletisim-yayinlari","9":"pa_yazar-michael-hechter","11":"first","12":"instock","13":"sale","14":"shipping-taxable","15":"purchasable","16":"product-type-simple"},"_links":{"self":[{"href":"https:\/\/roveyayinevi.com.tr\/index.php\/wp-json\/wp\/v2\/product\/762298","targetHints":{"allow":["GET"]}}],"collection":[{"href":"https:\/\/roveyayinevi.com.tr\/index.php\/wp-json\/wp\/v2\/product"}],"about":[{"href":"https:\/\/roveyayinevi.com.tr\/index.php\/wp-json\/wp\/v2\/types\/product"}],"wp:attachment":[{"href":"https:\/\/roveyayinevi.com.tr\/index.php\/wp-json\/wp\/v2\/media?parent=762298"}],"wp:term":[{"taxonomy":"product_brand","embeddable":true,"href":"https:\/\/roveyayinevi.com.tr\/index.php\/wp-json\/wp\/v2\/product_brand?post=762298"},{"taxonomy":"product_cat","embeddable":true,"href":"https:\/\/roveyayinevi.com.tr\/index.php\/wp-json\/wp\/v2\/product_cat?post=762298"},{"taxonomy":"product_tag","embeddable":true,"href":"https:\/\/roveyayinevi.com.tr\/index.php\/wp-json\/wp\/v2\/product_tag?post=762298"}],"curies":[{"name":"wp","href":"https:\/\/api.w.org\/{rel}","templated":true}]}}