{"id":762295,"date":"2025-08-28T10:04:22","date_gmt":"2025-08-28T07:04:22","guid":{"rendered":"https:\/\/roveyayinevi.com.tr\/index.php\/urun\/beklenmedik-seyler-gunu-fikri-bol-fikri\/"},"modified":"2026-04-15T03:27:15","modified_gmt":"2026-04-15T00:27:15","slug":"beklenmedik-seyler-gunu-fikri-bol-fikri","status":"publish","type":"product","link":"https:\/\/roveyayinevi.com.tr\/index.php\/urun\/beklenmedik-seyler-gunu-fikri-bol-fikri\/","title":{"rendered":"Beklenmedik \u015eeyler G\u00fcn\u00fc &#8211; Fikri Bol Fikri"},"content":{"rendered":"<p>Horoz \u015eekeri Soka\u011f\u0131\u2019nda oturan Fikri ve Fahri ile daha \u00f6nce tan\u0131\u015ft\u0131n\u0131z. O zamanlar 9 ya\u015flar\u0131ndayd\u0131lar ve ya\u015fad\u0131klar\u0131 komik, e\u011flenceli olaylar\u0131 sizlerle payla\u015ft\u0131lar. Onlar art\u0131k 11 ya\u015f\u0131ndalar ve payla\u015facak yeni maceralar\u0131 var. Fikri ile Fahri\u2019nin yeni \u00f6dev konular\u0131 \u201cEkolojik dengede hangi hayvan, d\u00fcnyam\u0131za ne kat\u0131yor?\u201d \u00d6devi yapal\u0131m derken Osman ve Nuri\u2019nin garip planlar\u0131 ile kar\u015f\u0131la\u015f\u0131rlar. Mahallenin \u00e7ocuklar\u0131 belediyenin d\u00fczenledi\u011fi \u015fenli\u011fe kat\u0131l\u0131rlar. Eyvah! Galiba b\u00fct\u00fcn s\u0131n\u0131f ve \u00f6\u011fretmenleri ka\u00e7\u0131r\u0131l\u0131yor! Yine yaz tatili yine har\u00e7l\u0131ks\u0131z g\u00fcnler. Bakal\u0131m bu sorunu iki kafadar nas\u0131l \u00e7\u00f6zecek. Fikri ile Fahri\u2019de sorun da \u00e7\u00f6z\u00fcm de bitmez.<\/p>\n","protected":false},"excerpt":{"rendered":"<p>Horoz \u015eekeri Soka\u011f\u0131\u2019nda oturan Fikri ve Fahri ile daha \u00f6nce tan\u0131\u015ft\u0131n\u0131z. O zamanlar 9 ya\u015flar\u0131ndayd\u0131lar ve ya\u015fad\u0131klar\u0131 komik, e\u011flenceli olaylar\u0131 sizlerle payla\u015ft\u0131lar. Onlar art\u0131k 11 ya\u015f\u0131ndalar<span class=\"excerpt-hellip\"> [\u2026]<\/span><\/p>\n","protected":false},"featured_media":0,"template":"","meta":{"_monsterinsights_skip_tracking":false,"_monsterinsights_sitenote_active":false,"_monsterinsights_sitenote_note":"","_monsterinsights_sitenote_category":0},"product_brand":[],"product_cat":[12274,12284],"product_tag":[],"class_list":{"0":"post-762295","1":"product","2":"type-product","3":"status-publish","5":"product_cat-cocuk-ve-genclik-kitaplari","6":"product_cat-hikayeler","7":"pa_cilt-ciltsiz","8":"pa_tur-kitap","9":"pa_yayinevi-erdem-cocuk","10":"pa_yazar-nehir-aydin-gokduman","12":"first","13":"instock","14":"sale","15":"shipping-taxable","16":"purchasable","17":"product-type-simple"},"_links":{"self":[{"href":"https:\/\/roveyayinevi.com.tr\/index.php\/wp-json\/wp\/v2\/product\/762295","targetHints":{"allow":["GET"]}}],"collection":[{"href":"https:\/\/roveyayinevi.com.tr\/index.php\/wp-json\/wp\/v2\/product"}],"about":[{"href":"https:\/\/roveyayinevi.com.tr\/index.php\/wp-json\/wp\/v2\/types\/product"}],"wp:attachment":[{"href":"https:\/\/roveyayinevi.com.tr\/index.php\/wp-json\/wp\/v2\/media?parent=762295"}],"wp:term":[{"taxonomy":"product_brand","embeddable":true,"href":"https:\/\/roveyayinevi.com.tr\/index.php\/wp-json\/wp\/v2\/product_brand?post=762295"},{"taxonomy":"product_cat","embeddable":true,"href":"https:\/\/roveyayinevi.com.tr\/index.php\/wp-json\/wp\/v2\/product_cat?post=762295"},{"taxonomy":"product_tag","embeddable":true,"href":"https:\/\/roveyayinevi.com.tr\/index.php\/wp-json\/wp\/v2\/product_tag?post=762295"}],"curies":[{"name":"wp","href":"https:\/\/api.w.org\/{rel}","templated":true}]}}