{"id":762292,"date":"2025-08-28T10:04:16","date_gmt":"2025-08-28T07:04:16","guid":{"rendered":"https:\/\/roveyayinevi.com.tr\/index.php\/urun\/deng\/"},"modified":"2026-04-08T03:24:02","modified_gmt":"2026-04-08T00:24:02","slug":"deng","status":"publish","type":"product","link":"https:\/\/roveyayinevi.com.tr\/index.php\/urun\/deng\/","title":{"rendered":"Deng"},"content":{"rendered":"<p>\u201cHayat\u0131 boyunca ya\u015fayamamaktan korkan insan, bunu \u00f6l\u00fcm korkusu san\u0131r. D\u00fc\u015flenen gelece\u011fi ya\u015fayamama korkusu, asl\u0131nda semirilmi\u015f kayg\u0131lardan ba\u015fka bir \u015fey de\u011fildir. Hayat\u0131n i\u00e7inde in\u015fa edilmez ki \u00f6l\u00fcm korkusu, o zaten hayat\u0131n bir par\u00e7as\u0131d\u0131r. Gelecek kayg\u0131s\u0131na benzemez \u00f6l\u00fcm, korkuyla sar\u0131l\u0131 \u015fimdidedir hep.\u201d \u0130\u00e7 i\u00e7e ge\u00e7en hik\u00e2yelerden olu\u015fan bir roman DENG. Ya\u015fad\u0131\u011f\u0131 yere d\u00f6n\u00fc\u015fen, ne olursa olsun her zaman \u201coral\u0131\u201d olan -\u00e7o\u011fu zaman olmak zorunda kalan!-, her \u015feyden azade g\u00f6zlerle d\u0131\u015far\u0131dan bakan i\u00e7in c\u00fcmb\u00fc\u015fl\u00fc bir foto\u011fraf\u0131n i\u00e7indeymi\u015f gibi g\u00f6r\u00fcnen insanlar\u0131n, bazen uzaktan gelen bir dengb\u00eajin sesi gibi h\u00fcz\u00fcnl\u00fc, bazen dalga dalga yay\u0131lan m\u00fcjdeli bir haber gibi sevin\u00e7 y\u00fckl\u00fc hik\u00e2yelerinden\u2026 Y\u0131lmaz \u015eener, tek bir g\u00fcnde ge\u00e7en, ge\u00e7mi\u015fe d\u00f6n\u00fc\u015flerle zenginle\u015fen bu roman\u0131nda zamana ve mek\u00e2na duyulan aidiyeti sorguluyor. Her \u015feyin h\u0131zla ak\u0131p gitmesiyle, ad\u0131m ad\u0131m ilerlemesi aras\u0131ndaki mesafenin sand\u0131\u011f\u0131m\u0131z\u0131n aksine o kadar da \u00e7ok olmad\u0131\u011f\u0131n\u0131 g\u00f6steriyor.<\/p>\n","protected":false},"excerpt":{"rendered":"<p>\u201cHayat\u0131 boyunca ya\u015fayamamaktan korkan insan, bunu \u00f6l\u00fcm korkusu san\u0131r. D\u00fc\u015flenen gelece\u011fi ya\u015fayamama korkusu, asl\u0131nda semirilmi\u015f kayg\u0131lardan ba\u015fka bir \u015fey de\u011fildir. Hayat\u0131n i\u00e7inde in\u015fa edilmez ki \u00f6l\u00fcm<span class=\"excerpt-hellip\"> [\u2026]<\/span><\/p>\n","protected":false},"featured_media":0,"template":"","meta":{"_monsterinsights_skip_tracking":false,"_monsterinsights_sitenote_active":false,"_monsterinsights_sitenote_note":"","_monsterinsights_sitenote_category":0},"product_brand":[],"product_cat":[12291,12711],"product_tag":[],"class_list":{"0":"post-762292","1":"product","2":"type-product","3":"status-publish","5":"product_cat-edebiyat","6":"product_cat-roman-oyku","7":"pa_cilt-ciltsiz","8":"pa_tur-kitap","9":"pa_yayinevi-iletisim-yayinlari","10":"pa_yazar-yilmaz-sener","12":"first","13":"instock","14":"sale","15":"shipping-taxable","16":"purchasable","17":"product-type-simple"},"_links":{"self":[{"href":"https:\/\/roveyayinevi.com.tr\/index.php\/wp-json\/wp\/v2\/product\/762292","targetHints":{"allow":["GET"]}}],"collection":[{"href":"https:\/\/roveyayinevi.com.tr\/index.php\/wp-json\/wp\/v2\/product"}],"about":[{"href":"https:\/\/roveyayinevi.com.tr\/index.php\/wp-json\/wp\/v2\/types\/product"}],"wp:attachment":[{"href":"https:\/\/roveyayinevi.com.tr\/index.php\/wp-json\/wp\/v2\/media?parent=762292"}],"wp:term":[{"taxonomy":"product_brand","embeddable":true,"href":"https:\/\/roveyayinevi.com.tr\/index.php\/wp-json\/wp\/v2\/product_brand?post=762292"},{"taxonomy":"product_cat","embeddable":true,"href":"https:\/\/roveyayinevi.com.tr\/index.php\/wp-json\/wp\/v2\/product_cat?post=762292"},{"taxonomy":"product_tag","embeddable":true,"href":"https:\/\/roveyayinevi.com.tr\/index.php\/wp-json\/wp\/v2\/product_tag?post=762292"}],"curies":[{"name":"wp","href":"https:\/\/api.w.org\/{rel}","templated":true}]}}