{"id":762291,"date":"2025-08-28T10:04:15","date_gmt":"2025-08-28T07:04:15","guid":{"rendered":"https:\/\/roveyayinevi.com.tr\/index.php\/urun\/kizil-hac\/"},"modified":"2026-04-15T03:27:15","modified_gmt":"2026-04-15T00:27:15","slug":"kizil-hac","status":"publish","type":"product","link":"https:\/\/roveyayinevi.com.tr\/index.php\/urun\/kizil-hac\/","title":{"rendered":"K\u0131z\u0131l Ha\u00e7"},"content":{"rendered":"<p>K\u0131z\u0131l Ha\u00e7 ki\u015fisel bir hik\u00e2ye \u00fczerinden Sovyet tarihini, 20. y\u00fczy\u0131l\u0131n ac\u0131 dolu y\u0131llar\u0131n\u0131 iki y\u00fcz sayfada kateden bir roman. Bir yanda doksan bir ya\u015f\u0131nda, alzaym\u0131r hastas\u0131, tek ba\u015f\u0131na ya\u015fayan ve evini hat\u0131rlayabilmek i\u00e7in apartmandaki kap\u0131lar\u0131 i\u015faretleyen Tatyana Alekseyevna; di\u011fer yanda ayn\u0131 apartmana yeni ta\u015f\u0131nan ve kap\u0131s\u0131n\u0131n i\u015faretlendi\u011fini g\u00f6r\u00fcnce hayat\u0131ndaki zorluklara bir yenisinin eklendi\u011fini d\u00fc\u015f\u00fcnen gen\u00e7 futbol hakemi Aleksandr\u2026 Tatyana, haf\u0131zas\u0131ndaki her \u015feyi unutmadan \u00f6nce, Sovyetler Birli\u011fi\u2019nde onlarca y\u0131l g\u00f6rd\u00fc\u011f\u00fc zulm\u00fc bir ba\u015fkas\u0131na aktarmaya, ya\u015fananlar\u0131 unutturmamaya kararl\u0131d\u0131r ve Aleksandr\u2019a hik\u00e2yesini anlatmaya ba\u015flar. Sa\u015fa Filipenko, Ekim Devrimi\u2019nden Stalin sonras\u0131 d\u00f6neme do\u011fru uzun bir hat \u00e7iziyor ve edebiyat ile tarihin ustaca kurgulanm\u0131\u015f bir romanda nas\u0131l bir araya getirilece\u011fini g\u00f6steriyor. \u201cModern, gen\u00e7 Rusya\u2019n\u0131n zihnindekilere n\u00fcfuz etmek istiyorsan\u0131z, Filipenko\u2019nun kitab\u0131n\u0131 okuyun.\u201d Svetlana Aleksiyevi\u00e7<\/p>\n","protected":false},"excerpt":{"rendered":"<p>K\u0131z\u0131l Ha\u00e7 ki\u015fisel bir hik\u00e2ye \u00fczerinden Sovyet tarihini, 20. y\u00fczy\u0131l\u0131n ac\u0131 dolu y\u0131llar\u0131n\u0131 iki y\u00fcz sayfada kateden bir roman. Bir yanda doksan bir ya\u015f\u0131nda, alzaym\u0131r hastas\u0131,<span class=\"excerpt-hellip\"> [\u2026]<\/span><\/p>\n","protected":false},"featured_media":0,"template":"","meta":{"_monsterinsights_skip_tracking":false,"_monsterinsights_sitenote_active":false,"_monsterinsights_sitenote_note":"","_monsterinsights_sitenote_category":0},"product_brand":[],"product_cat":[12291,13570],"product_tag":[],"class_list":{"0":"post-762291","1":"product","2":"type-product","3":"status-publish","5":"product_cat-edebiyat","6":"product_cat-rus-edebiyati","7":"pa_cilt-ciltsiz","8":"pa_tur-kitap","9":"pa_yayinevi-iletisim-yayinlari","10":"pa_yazar-sasa-filipenko","12":"first","13":"instock","14":"sale","15":"shipping-taxable","16":"purchasable","17":"product-type-simple"},"_links":{"self":[{"href":"https:\/\/roveyayinevi.com.tr\/index.php\/wp-json\/wp\/v2\/product\/762291","targetHints":{"allow":["GET"]}}],"collection":[{"href":"https:\/\/roveyayinevi.com.tr\/index.php\/wp-json\/wp\/v2\/product"}],"about":[{"href":"https:\/\/roveyayinevi.com.tr\/index.php\/wp-json\/wp\/v2\/types\/product"}],"wp:attachment":[{"href":"https:\/\/roveyayinevi.com.tr\/index.php\/wp-json\/wp\/v2\/media?parent=762291"}],"wp:term":[{"taxonomy":"product_brand","embeddable":true,"href":"https:\/\/roveyayinevi.com.tr\/index.php\/wp-json\/wp\/v2\/product_brand?post=762291"},{"taxonomy":"product_cat","embeddable":true,"href":"https:\/\/roveyayinevi.com.tr\/index.php\/wp-json\/wp\/v2\/product_cat?post=762291"},{"taxonomy":"product_tag","embeddable":true,"href":"https:\/\/roveyayinevi.com.tr\/index.php\/wp-json\/wp\/v2\/product_tag?post=762291"}],"curies":[{"name":"wp","href":"https:\/\/api.w.org\/{rel}","templated":true}]}}