{"id":762290,"date":"2025-08-28T10:04:13","date_gmt":"2025-08-28T07:04:13","guid":{"rendered":"https:\/\/roveyayinevi.com.tr\/index.php\/urun\/kuralsiz-ii\/"},"modified":"2026-04-15T03:27:15","modified_gmt":"2026-04-15T00:27:15","slug":"kuralsiz-ii","status":"publish","type":"product","link":"https:\/\/roveyayinevi.com.tr\/index.php\/urun\/kuralsiz-ii\/","title":{"rendered":"Kurals\u0131z II"},"content":{"rendered":"<p>Ge\u00e7mi\u015f; bazen s\u0131rt\u0131m\u0131zda bir y\u00fck bazen de ruhumuza tak\u0131lan ve dikenleriyle kalbimizi par\u00e7alayan bir pranga olabilirdi.        Yi\u011fit i\u00e7in ise ge\u00e7mi\u015f, tam olarak bu ikisinden ibaretti. Sevdi\u011fi kad\u0131n i\u00e7in se\u00e7ti\u011fi ya\u015fama al\u0131\u015fmaya \u00e7al\u0131\u015f\u0131rken ge\u00e7mi\u015fi omuzlar\u0131nda bir y\u00fckt\u00fc onun i\u00e7in ve kalbindeki a\u015fk b\u00fcy\u00fcd\u00fck\u00e7e kendini ge\u00e7mi\u015fe ba\u011flayan prangan\u0131n dikenleri kalbini biraz daha par\u00e7al\u0131yor, ruhuna yeni yaralar a\u00e7\u0131yordu.        Oysa ruhunda art\u0131k yara alabilece\u011fi tek bir yer dahi kalmam\u0131\u015ft\u0131.        Yi\u011fit&#8217;in ruhundaki ve kalbindeki bu yaralar\u0131 yava\u015f yava\u015f fark etmeye ba\u015flayan Elif Ye\u015fim, bir yandan her \u015feyin sebebini \u00f6\u011frenmek ve o yaralar\u0131 sarabilmek i\u00e7in Yi\u011fit&#8217;in ge\u00e7mi\u015fini kurcalamaya ba\u015flarken bir yandan da ailesinin mecbur b\u0131rakt\u0131\u011f\u0131 ve hi\u00e7 almak istemedi\u011fi bir karar\u0131n e\u015fi\u011findedir.       Alaca\u011f\u0131 o kararla da ya sevdi\u011fi adama arkas\u0131n\u0131 d\u00f6necek ve yaralar\u0131n\u0131 sarmak isterken bir yara da kendi a\u00e7acakt\u0131 ya da ailesine arkas\u0131n\u0131 d\u00f6necek ve bu y\u00fczden yaralanan kendisi olacakt\u0131.<\/p>\n","protected":false},"excerpt":{"rendered":"<p>Ge\u00e7mi\u015f; bazen s\u0131rt\u0131m\u0131zda bir y\u00fck bazen de ruhumuza tak\u0131lan ve dikenleriyle kalbimizi par\u00e7alayan bir pranga olabilirdi. Yi\u011fit i\u00e7in ise ge\u00e7mi\u015f, tam olarak bu ikisinden ibaretti. Sevdi\u011fi<span class=\"excerpt-hellip\"> [\u2026]<\/span><\/p>\n","protected":false},"featured_media":0,"template":"","meta":{"_monsterinsights_skip_tracking":false,"_monsterinsights_sitenote_active":false,"_monsterinsights_sitenote_note":"","_monsterinsights_sitenote_category":0},"product_brand":[],"product_cat":[12291,12711],"product_tag":[],"class_list":{"0":"post-762290","1":"product","2":"type-product","3":"status-publish","5":"product_cat-edebiyat","6":"product_cat-roman-oyku","7":"pa_cilt-ciltsiz","8":"pa_tur-kitap","9":"pa_yayinevi-epsilon-yayinlari","10":"pa_yazar-gizem-aslan","12":"first","13":"instock","14":"sale","15":"shipping-taxable","16":"purchasable","17":"product-type-simple"},"_links":{"self":[{"href":"https:\/\/roveyayinevi.com.tr\/index.php\/wp-json\/wp\/v2\/product\/762290","targetHints":{"allow":["GET"]}}],"collection":[{"href":"https:\/\/roveyayinevi.com.tr\/index.php\/wp-json\/wp\/v2\/product"}],"about":[{"href":"https:\/\/roveyayinevi.com.tr\/index.php\/wp-json\/wp\/v2\/types\/product"}],"wp:attachment":[{"href":"https:\/\/roveyayinevi.com.tr\/index.php\/wp-json\/wp\/v2\/media?parent=762290"}],"wp:term":[{"taxonomy":"product_brand","embeddable":true,"href":"https:\/\/roveyayinevi.com.tr\/index.php\/wp-json\/wp\/v2\/product_brand?post=762290"},{"taxonomy":"product_cat","embeddable":true,"href":"https:\/\/roveyayinevi.com.tr\/index.php\/wp-json\/wp\/v2\/product_cat?post=762290"},{"taxonomy":"product_tag","embeddable":true,"href":"https:\/\/roveyayinevi.com.tr\/index.php\/wp-json\/wp\/v2\/product_tag?post=762290"}],"curies":[{"name":"wp","href":"https:\/\/api.w.org\/{rel}","templated":true}]}}