{"id":762289,"date":"2025-08-28T10:04:11","date_gmt":"2025-08-28T07:04:11","guid":{"rendered":"https:\/\/roveyayinevi.com.tr\/index.php\/urun\/bedenin-senin-evrenin\/"},"modified":"2026-04-15T03:27:15","modified_gmt":"2026-04-15T00:27:15","slug":"bedenin-senin-evrenin","status":"publish","type":"product","link":"https:\/\/roveyayinevi.com.tr\/index.php\/urun\/bedenin-senin-evrenin\/","title":{"rendered":"Bedenin Senin Evrenin"},"content":{"rendered":"<p>Son \u00e7al\u0131\u015fmalar, insan \u00f6mr\u00fcn\u00fcn d\u00fc\u015f\u00fcnd\u00fc\u011f\u00fcm\u00fczden \u00e7ok daha uzun olabilece\u011fini, genetik kodlamalarla h\u00fccre \u00f6mr\u00fcn\u00fcn 120-140 ya\u015flar\u0131na kadar uzat\u0131labildi\u011fini g\u00f6steriyor. Peki, neden hayata daha erken veda ediyoruz? \u00dcstelik v\u00fccudumuz her t\u00fcrl\u00fc riske ve ko\u015fula kar\u015f\u0131 kendi d\u00fczenini kurmu\u015f, her \u015feyle ba\u015f edebilecek \u015fekilde yap\u0131land\u0131r\u0131lm\u0131\u015fken&#8230;Dr. Seran \u015eim\u015fir, her insan\u0131n i\u00e7inde galaksi boyutunda m\u00fckemmel bir ahenk bar\u0131nd\u0131rd\u0131\u011f\u0131n\u0131 vurguluyor: &#8220;Bu galaksinin size \u00f6zg\u00fc oldu\u011funu, ba\u015fka galaksilere benzemedi\u011fini ve bu nedenle standart yakla\u015f\u0131mlar\u0131n sizin i\u00e7in tam olarak ge\u00e7erli olmad\u0131\u011f\u0131n\u0131 bilmelisiniz. Galaksiler gibi bedenlerimizin de bir ba\u015flang\u0131c\u0131 ve sonu vard\u0131r. Olmas\u0131 gereken s\u00fcreyi dolduramamak, yani sona beklenenden \u00f6nce yakla\u015fmak, i\u00e7 galaksimize yeterli \u015fans\u0131 vermedi\u011fimiz anlam\u0131na gelir.&#8221;Bedenin Senin Evrenin ile Dr. \u015eim\u015fir\u2019in rehberli\u011finde, basit ya\u015fam tarz\u0131 de\u011fi\u015fiklikleriyle orijinal h\u00e2linize d\u00f6nmenin yollar\u0131n\u0131 ke\u015ffedeceksiniz. Bedeninizin \u00e7al\u0131\u015fma sistemini idrak etti\u011finizde, v\u00fccudunuzun rezervlerini korumak ve iyile\u015fme potansiyelini art\u0131rmak \u00e7ok daha kolay, uzun ve sa\u011fl\u0131kl\u0131 bir ya\u015fam s\u00fcrmek ise \u00e7ok daha m\u00fcmk\u00fcn olacak. <\/p>\n","protected":false},"excerpt":{"rendered":"<p>Son \u00e7al\u0131\u015fmalar, insan \u00f6mr\u00fcn\u00fcn d\u00fc\u015f\u00fcnd\u00fc\u011f\u00fcm\u00fczden \u00e7ok daha uzun olabilece\u011fini, genetik kodlamalarla h\u00fccre \u00f6mr\u00fcn\u00fcn 120-140 ya\u015flar\u0131na kadar uzat\u0131labildi\u011fini g\u00f6steriyor. Peki, neden hayata daha erken veda ediyoruz? \u00dcstelik<span class=\"excerpt-hellip\"> [\u2026]<\/span><\/p>\n","protected":false},"featured_media":0,"template":"","meta":{"_monsterinsights_skip_tracking":false,"_monsterinsights_sitenote_active":false,"_monsterinsights_sitenote_note":"","_monsterinsights_sitenote_category":0},"product_brand":[],"product_cat":[13365],"product_tag":[],"class_list":{"0":"post-762289","1":"product","2":"type-product","3":"status-publish","5":"product_cat-saglik","6":"pa_cilt-ciltsiz","7":"pa_tur-kitap","8":"pa_yayinevi-muptela-yayinevi","9":"pa_yazar-seran-simsir","11":"first","12":"instock","13":"sale","14":"shipping-taxable","15":"purchasable","16":"product-type-simple"},"_links":{"self":[{"href":"https:\/\/roveyayinevi.com.tr\/index.php\/wp-json\/wp\/v2\/product\/762289","targetHints":{"allow":["GET"]}}],"collection":[{"href":"https:\/\/roveyayinevi.com.tr\/index.php\/wp-json\/wp\/v2\/product"}],"about":[{"href":"https:\/\/roveyayinevi.com.tr\/index.php\/wp-json\/wp\/v2\/types\/product"}],"wp:attachment":[{"href":"https:\/\/roveyayinevi.com.tr\/index.php\/wp-json\/wp\/v2\/media?parent=762289"}],"wp:term":[{"taxonomy":"product_brand","embeddable":true,"href":"https:\/\/roveyayinevi.com.tr\/index.php\/wp-json\/wp\/v2\/product_brand?post=762289"},{"taxonomy":"product_cat","embeddable":true,"href":"https:\/\/roveyayinevi.com.tr\/index.php\/wp-json\/wp\/v2\/product_cat?post=762289"},{"taxonomy":"product_tag","embeddable":true,"href":"https:\/\/roveyayinevi.com.tr\/index.php\/wp-json\/wp\/v2\/product_tag?post=762289"}],"curies":[{"name":"wp","href":"https:\/\/api.w.org\/{rel}","templated":true}]}}