{"id":762279,"date":"2025-08-28T10:03:52","date_gmt":"2025-08-28T07:03:52","guid":{"rendered":"https:\/\/roveyayinevi.com.tr\/index.php\/urun\/knockemstiff\/"},"modified":"2026-04-15T03:27:15","modified_gmt":"2026-04-15T00:27:15","slug":"knockemstiff","status":"publish","type":"product","link":"https:\/\/roveyayinevi.com.tr\/index.php\/urun\/knockemstiff\/","title":{"rendered":"Knockemstiff"},"content":{"rendered":"<p>K\u00f6yl\u00fc do\u011fup basit bir i\u015f\u00e7i hayat\u0131 ya\u015fad\u0131ktan sonra emeklili\u011finde yazd\u0131\u011f\u0131 Knockemstiff\u2019teki \u00f6yk\u00fclerle elli ya\u015f\u0131nda PEN\/Robert Pingham \u00d6d\u00fcl\u00fc\u2019n\u00fc kazand\u0131 Donald Ray Pollock. Daha sonra 2012\u2019de Guggenheim Bursu\u2019na da lay\u0131k g\u00f6r\u00fclen Pollock, D\u00fc\u015f Yakamdan \u015eeytan adl\u0131 ilk roman\u0131yla \u00f6yk\u00fc kitab\u0131nda anlatt\u0131\u011f\u0131 memleketini okurlara daha da etrafl\u0131ca g\u00f6stererek, Amerikan G\u00fcney Goti\u011fi ve ta\u015fra anlat\u0131s\u0131nda e\u015fsiz bir yer elde etti.Ortabat\u0131 Amerikan kasabas\u0131n\u0131n ola\u011fanca sertli\u011fini ve h\u00fc-z\u00fcnl\u00fc s\u0131radan insanlar\u0131n\u0131, ruhlar\u0131na n\u00fcfuz eden her t\u00fcr kir pastan ar\u0131nd\u0131rarak unutulmaz bir anlat\u0131yla ortaya koyar Pollock. Altm\u0131\u015flar\u0131n ortalar\u0131ndan doksanlar\u0131n sonlar\u0131na uzanan bir zaman diliminde ya\u015fad\u0131\u011f\u0131, karakterleriyle birbirlerine zincirlenen \u00f6yk\u00fclerinde kendi d\u00fcnyas\u0131n\u0131, Ohio\u2019daki Knockemstiff\u2019i yazarak edebiyat haritas\u0131na ger-\u00e7ek bir hayal diyar\u0131 ba\u011f\u0131\u015flar.Tozun topra\u011f\u0131n, patlak lastiklerle k\u0131r\u0131k kaportalar\u0131n, gres ya\u011fl\u0131 mermilerin, inan\u00e7l\u0131 sarho\u015flar\u0131n, k\u00fcf\u00fcr k\u0131yametin, ana babalarla karde\u015flerin, her t\u00fcrden k\u00f6yl\u00fcyle i\u015f\u00e7inin kurnaz zek\u00e2lar\u0131, \u00e7apra\u015f\u0131k ahlaki de\u011ferleri ve kapkara mizah\u0131yla h\u00e2l-i p\u00fcrmelali.\u201cBelki umutlu ve ya\u015fam enerjisi y\u00fcksek bir Raymond Carver ya da tanr\u0131s\u0131z bir Flannery O\u2019Connor \u2013 ama Pollock hi\u00e7 kimsenin g\u00f6lgesi de\u011fil. G\u00fc\u00e7l\u00fc bir yetenek i\u015f \u00fcst\u00fcnde.\u201d \u2014KATHERINE DUNN\u201c\u00dcrk\u00fct\u00fcc\u00fc, kasvetli, tavizsiz ve matrak&#8230; Amerikan kurgusu ne kadar \u00e7i\u011f olabilirse. Unutulmaz bir deneyim.\u201d \u2014SAN FRANCISCO CHRONICLE<\/p>\n","protected":false},"excerpt":{"rendered":"<p>K\u00f6yl\u00fc do\u011fup basit bir i\u015f\u00e7i hayat\u0131 ya\u015fad\u0131ktan sonra emeklili\u011finde yazd\u0131\u011f\u0131 Knockemstiff\u2019teki \u00f6yk\u00fclerle elli ya\u015f\u0131nda PEN\/Robert Pingham \u00d6d\u00fcl\u00fc\u2019n\u00fc kazand\u0131 Donald Ray Pollock. Daha sonra 2012\u2019de Guggenheim Bursu\u2019na<span class=\"excerpt-hellip\"> [\u2026]<\/span><\/p>\n","protected":false},"featured_media":0,"template":"","meta":{"_monsterinsights_skip_tracking":false,"_monsterinsights_sitenote_active":false,"_monsterinsights_sitenote_note":"","_monsterinsights_sitenote_category":0},"product_brand":[],"product_cat":[12291,12711],"product_tag":[],"class_list":{"0":"post-762279","1":"product","2":"type-product","3":"status-publish","5":"product_cat-edebiyat","6":"product_cat-roman-oyku","7":"pa_cilt-ciltsiz","8":"pa_tur-kitap","9":"pa_yayinevi-ithaki-yayinlari","10":"pa_yazar-donald-ray-pollock","12":"first","13":"instock","14":"sale","15":"shipping-taxable","16":"purchasable","17":"product-type-simple"},"_links":{"self":[{"href":"https:\/\/roveyayinevi.com.tr\/index.php\/wp-json\/wp\/v2\/product\/762279","targetHints":{"allow":["GET"]}}],"collection":[{"href":"https:\/\/roveyayinevi.com.tr\/index.php\/wp-json\/wp\/v2\/product"}],"about":[{"href":"https:\/\/roveyayinevi.com.tr\/index.php\/wp-json\/wp\/v2\/types\/product"}],"wp:attachment":[{"href":"https:\/\/roveyayinevi.com.tr\/index.php\/wp-json\/wp\/v2\/media?parent=762279"}],"wp:term":[{"taxonomy":"product_brand","embeddable":true,"href":"https:\/\/roveyayinevi.com.tr\/index.php\/wp-json\/wp\/v2\/product_brand?post=762279"},{"taxonomy":"product_cat","embeddable":true,"href":"https:\/\/roveyayinevi.com.tr\/index.php\/wp-json\/wp\/v2\/product_cat?post=762279"},{"taxonomy":"product_tag","embeddable":true,"href":"https:\/\/roveyayinevi.com.tr\/index.php\/wp-json\/wp\/v2\/product_tag?post=762279"}],"curies":[{"name":"wp","href":"https:\/\/api.w.org\/{rel}","templated":true}]}}