{"id":762278,"date":"2025-08-28T10:03:50","date_gmt":"2025-08-28T07:03:50","guid":{"rendered":"https:\/\/roveyayinevi.com.tr\/index.php\/urun\/balikci\/"},"modified":"2026-04-15T03:27:15","modified_gmt":"2026-04-15T00:27:15","slug":"balikci","status":"publish","type":"product","link":"https:\/\/roveyayinevi.com.tr\/index.php\/urun\/balikci\/","title":{"rendered":"Bal\u0131k\u00e7\u0131"},"content":{"rendered":"<p>2016 BRAM STOKER EN \u0130Y\u0130 KORKU ROMANI \u00d6D\u00dcL\u00dc\u201cKorkutucu ve etkileyici. Bal\u0131k\u00e7\u0131, modern bir korku efsanesi. Kesinlikle okunmal\u0131.\u201d \u2013Paul TremblayG\u00fcn\u00fcm\u00fcz korku edebiyat\u0131n\u0131n ustalar\u0131ndan John Langan\u2019dan Lovecraft\u2019\u0131n \u00f6yk\u00fclerini ve Stephen King\u2019in Hayvan Mezarl\u0131\u011f\u0131\u2019n\u0131 and\u0131ran bir roman: Bal\u0131k\u00e7\u0131.New York Eyaleti&#8217;nin kuzeyinde, Woodstock civar\u0131ndaki ormanda Dutchman Deresi, Ashokan Havzas\u0131\u2019ndan akar\u2026 Dik yama\u00e7l\u0131, h\u0131zl\u0131 akan bu dere oraya gelenlere tutacaklar\u0131 bal\u0131klardan \u00e7ok daha fazlas\u0131n\u0131, ger\u00e7ek olamayacak kadar g\u00fczel bir olas\u0131l\u0131\u011f\u0131 vaat etmektedir.Birbirlerinin arkada\u015fl\u0131\u011f\u0131nda ve ortak bal\u0131k tutma tutkusunda teselli bulan iki adam, Abe ve Dan, derenin ve onlara vaat etti\u011fi \u015feyin her ikisinin de kay\u0131plar\u0131na \u00e7are olabilece\u011fine dair s\u00f6ylentileri duyduklar\u0131nda ba\u015fta buna inanmayacaklard\u0131. Ancak k\u0131sa s\u00fcre sonra, adamlar kendilerini derin ve eski bir hik\u00e2yenin i\u00e7inde bulacaklard\u0131. Karanl\u0131k anla\u015fmalar\u0131n, uzun zamand\u0131r g\u00f6m\u00fcl\u00fc s\u0131rlar\u0131n ve \u201cBal\u0131k\u00e7\u0131\u201d olarak bilinen gizemli bir fig\u00fcr\u00fcn oldu\u011fu bir hik\u00e2yenin\u2026 Peki, Abe ve Dan kaybettiklerini geri kazanmak i\u00e7in gereken bedeli \u00f6deyebilecek miydi? Ve dahas\u0131, hayatta kalabilecekler miydi?\u201cBu kitab\u0131 okumak, ilk sayfadan son sayfaya kadar, \u015fahane bir zevkti.\u201d \u2013Victor LaValle<\/p>\n","protected":false},"excerpt":{"rendered":"<p>2016 BRAM STOKER EN \u0130Y\u0130 KORKU ROMANI \u00d6D\u00dcL\u00dc\u201cKorkutucu ve etkileyici. Bal\u0131k\u00e7\u0131, modern bir korku efsanesi. Kesinlikle okunmal\u0131.\u201d \u2013Paul TremblayG\u00fcn\u00fcm\u00fcz korku edebiyat\u0131n\u0131n ustalar\u0131ndan John Langan\u2019dan Lovecraft\u2019\u0131n \u00f6yk\u00fclerini<span class=\"excerpt-hellip\"> [\u2026]<\/span><\/p>\n","protected":false},"featured_media":0,"template":"","meta":{"_monsterinsights_skip_tracking":false,"_monsterinsights_sitenote_active":false,"_monsterinsights_sitenote_note":"","_monsterinsights_sitenote_category":0},"product_brand":[],"product_cat":[12291,17033],"product_tag":[],"class_list":{"0":"post-762278","1":"product","2":"type-product","3":"status-publish","5":"product_cat-edebiyat","6":"product_cat-korku-gerilim","7":"pa_cilt-ciltsiz","8":"pa_tur-kitap","9":"pa_yayinevi-ithaki-yayinlari","10":"pa_yazar-john-langan","12":"first","13":"instock","14":"sale","15":"shipping-taxable","16":"purchasable","17":"product-type-simple"},"_links":{"self":[{"href":"https:\/\/roveyayinevi.com.tr\/index.php\/wp-json\/wp\/v2\/product\/762278","targetHints":{"allow":["GET"]}}],"collection":[{"href":"https:\/\/roveyayinevi.com.tr\/index.php\/wp-json\/wp\/v2\/product"}],"about":[{"href":"https:\/\/roveyayinevi.com.tr\/index.php\/wp-json\/wp\/v2\/types\/product"}],"wp:attachment":[{"href":"https:\/\/roveyayinevi.com.tr\/index.php\/wp-json\/wp\/v2\/media?parent=762278"}],"wp:term":[{"taxonomy":"product_brand","embeddable":true,"href":"https:\/\/roveyayinevi.com.tr\/index.php\/wp-json\/wp\/v2\/product_brand?post=762278"},{"taxonomy":"product_cat","embeddable":true,"href":"https:\/\/roveyayinevi.com.tr\/index.php\/wp-json\/wp\/v2\/product_cat?post=762278"},{"taxonomy":"product_tag","embeddable":true,"href":"https:\/\/roveyayinevi.com.tr\/index.php\/wp-json\/wp\/v2\/product_tag?post=762278"}],"curies":[{"name":"wp","href":"https:\/\/api.w.org\/{rel}","templated":true}]}}