{"id":762276,"date":"2025-08-28T10:03:46","date_gmt":"2025-08-28T07:03:46","guid":{"rendered":"https:\/\/roveyayinevi.com.tr\/index.php\/urun\/ayasofyadan-kimler-kimler-gecti\/"},"modified":"2026-01-28T03:50:48","modified_gmt":"2026-01-28T00:50:48","slug":"ayasofyadan-kimler-kimler-gecti","status":"publish","type":"product","link":"https:\/\/roveyayinevi.com.tr\/index.php\/urun\/ayasofyadan-kimler-kimler-gecti\/","title":{"rendered":"Ayasofya\u2019dan Kimler Kimler Ge\u00e7ti ?"},"content":{"rendered":"<p>Ben Ayasofya\u2026 Konstantin taraf\u0131ndan yap\u0131lan, yan\u0131p k\u00fcl olduktan sonra II. Theodosius\u2019un emriyle yeniden aya\u011fa kalkan, sonra tekrar y\u0131k\u0131lan ve Justinyanus taraf\u0131ndan yap\u0131l\u0131p bug\u00fcnlere ula\u015fan, her ta\u015f\u0131nda padi\u015fahlardan \u00e2limlere, mimarlardan \u015fairlere, hattatlardan gezginlere pek \u00e7ok ki\u015finin imzas\u0131 ve duas\u0131 bulunan, Fatih Sultan Mehmed\u2019in k\u0131l\u0131\u00e7 hakk\u0131, Mimar Sinan\u2019\u0131n minareleriyle \u015faha kald\u0131rd\u0131\u011f\u0131, M\u00fcsl\u00fcman mabedi Ayasofya. Sana ilk g\u00fcn\u00fcmden itibaren \u00fczerimde eme\u011fi olan ve farkl\u0131 niyetler ta\u015f\u0131yan insanlar\u0131 anlatt\u0131m. Bin be\u015f y\u00fcz y\u0131ll\u0131k \u00f6mr\u00fcmde g\u00f6r bak neler ya\u015fad\u0131m, nelere \u015fahit oldum, kimleri a\u011f\u0131rlad\u0131m? <\/p>\n","protected":false},"excerpt":{"rendered":"<p>Ben Ayasofya\u2026 Konstantin taraf\u0131ndan yap\u0131lan, yan\u0131p k\u00fcl olduktan sonra II. Theodosius\u2019un emriyle yeniden aya\u011fa kalkan, sonra tekrar y\u0131k\u0131lan ve Justinyanus taraf\u0131ndan yap\u0131l\u0131p bug\u00fcnlere ula\u015fan, her ta\u015f\u0131nda<span class=\"excerpt-hellip\"> [\u2026]<\/span><\/p>\n","protected":false},"featured_media":0,"template":"","meta":{"_monsterinsights_skip_tracking":false,"_monsterinsights_sitenote_active":false,"_monsterinsights_sitenote_note":"","_monsterinsights_sitenote_category":0},"product_brand":[],"product_cat":[18545,12291],"product_tag":[],"class_list":{"0":"post-762276","1":"product","2":"type-product","3":"status-publish","5":"product_cat-anlati","6":"product_cat-edebiyat","7":"pa_cilt-ciltsiz","8":"pa_tur-kitap","9":"pa_yayinevi-aile-yayinlari","10":"pa_yazar-hatice-kubra-tongar-omer-faruk-paksu","12":"first","13":"instock","14":"sale","15":"shipping-taxable","16":"purchasable","17":"product-type-simple"},"_links":{"self":[{"href":"https:\/\/roveyayinevi.com.tr\/index.php\/wp-json\/wp\/v2\/product\/762276","targetHints":{"allow":["GET"]}}],"collection":[{"href":"https:\/\/roveyayinevi.com.tr\/index.php\/wp-json\/wp\/v2\/product"}],"about":[{"href":"https:\/\/roveyayinevi.com.tr\/index.php\/wp-json\/wp\/v2\/types\/product"}],"wp:attachment":[{"href":"https:\/\/roveyayinevi.com.tr\/index.php\/wp-json\/wp\/v2\/media?parent=762276"}],"wp:term":[{"taxonomy":"product_brand","embeddable":true,"href":"https:\/\/roveyayinevi.com.tr\/index.php\/wp-json\/wp\/v2\/product_brand?post=762276"},{"taxonomy":"product_cat","embeddable":true,"href":"https:\/\/roveyayinevi.com.tr\/index.php\/wp-json\/wp\/v2\/product_cat?post=762276"},{"taxonomy":"product_tag","embeddable":true,"href":"https:\/\/roveyayinevi.com.tr\/index.php\/wp-json\/wp\/v2\/product_tag?post=762276"}],"curies":[{"name":"wp","href":"https:\/\/api.w.org\/{rel}","templated":true}]}}