{"id":762271,"date":"2025-08-28T10:03:38","date_gmt":"2025-08-28T07:03:38","guid":{"rendered":"https:\/\/roveyayinevi.com.tr\/index.php\/urun\/felsefe-tarihi-bana-felsefe-yapma\/"},"modified":"2026-04-15T03:27:15","modified_gmt":"2026-04-15T00:27:15","slug":"felsefe-tarihi-bana-felsefe-yapma","status":"publish","type":"product","link":"https:\/\/roveyayinevi.com.tr\/index.php\/urun\/felsefe-tarihi-bana-felsefe-yapma\/","title":{"rendered":"Felsefe Tarihi &#8211; Bana Felsefe Yapma"},"content":{"rendered":"<p>Pani\u011fe Kap\u0131lmay\u0131n!!!    Bu kitap size ders anlatmayacak. Kafalar\u0131n\u0131z\u0131 kar\u0131\u015ft\u0131rmayacak. Beyninizi suland\u0131rmayacak. Bilakis. \u00c7ok karma\u015f\u0131k sand\u0131\u011f\u0131n\u0131z bir konuyu \u00e7ok anla\u015f\u0131l\u0131r \u015fekilde anlatacak. B\u0131rak\u0131n s\u0131k\u0131lmay\u0131, zaman\u0131n nas\u0131l ge\u00e7ti\u011fini farketmeyeceksiniz bile. Hatta \u00e7ok e\u011flenecek, \u00e7ok g\u00fcleceksiniz ve bu arada felsefeyi \u00f6\u011freneceksiniz.      Vee siz de \u201cFelsefe hi\u00e7 bu kadar e\u011flenceli olmam\u0131\u015ft\u0131!\u201d diyeceksiniz.<\/p>\n","protected":false},"excerpt":{"rendered":"<p>Pani\u011fe Kap\u0131lmay\u0131n!!! Bu kitap size ders anlatmayacak. Kafalar\u0131n\u0131z\u0131 kar\u0131\u015ft\u0131rmayacak. Beyninizi suland\u0131rmayacak. Bilakis. \u00c7ok karma\u015f\u0131k sand\u0131\u011f\u0131n\u0131z bir konuyu \u00e7ok anla\u015f\u0131l\u0131r \u015fekilde anlatacak. B\u0131rak\u0131n s\u0131k\u0131lmay\u0131, zaman\u0131n nas\u0131l ge\u00e7ti\u011fini<span class=\"excerpt-hellip\"> [\u2026]<\/span><\/p>\n","protected":false},"featured_media":0,"template":"","meta":{"_monsterinsights_skip_tracking":false,"_monsterinsights_sitenote_active":false,"_monsterinsights_sitenote_note":"","_monsterinsights_sitenote_category":0},"product_brand":[],"product_cat":[12388],"product_tag":[],"class_list":{"0":"post-762271","1":"product","2":"type-product","3":"status-publish","5":"product_cat-felsefe","6":"pa_cilt-ciltsiz","7":"pa_tur-kitap","8":"pa_yayinevi-alfa-yayinlari","9":"pa_yazar-serda-buyukkoyuncu","11":"first","12":"instock","13":"sale","14":"shipping-taxable","15":"purchasable","16":"product-type-simple"},"_links":{"self":[{"href":"https:\/\/roveyayinevi.com.tr\/index.php\/wp-json\/wp\/v2\/product\/762271","targetHints":{"allow":["GET"]}}],"collection":[{"href":"https:\/\/roveyayinevi.com.tr\/index.php\/wp-json\/wp\/v2\/product"}],"about":[{"href":"https:\/\/roveyayinevi.com.tr\/index.php\/wp-json\/wp\/v2\/types\/product"}],"wp:attachment":[{"href":"https:\/\/roveyayinevi.com.tr\/index.php\/wp-json\/wp\/v2\/media?parent=762271"}],"wp:term":[{"taxonomy":"product_brand","embeddable":true,"href":"https:\/\/roveyayinevi.com.tr\/index.php\/wp-json\/wp\/v2\/product_brand?post=762271"},{"taxonomy":"product_cat","embeddable":true,"href":"https:\/\/roveyayinevi.com.tr\/index.php\/wp-json\/wp\/v2\/product_cat?post=762271"},{"taxonomy":"product_tag","embeddable":true,"href":"https:\/\/roveyayinevi.com.tr\/index.php\/wp-json\/wp\/v2\/product_tag?post=762271"}],"curies":[{"name":"wp","href":"https:\/\/api.w.org\/{rel}","templated":true}]}}