{"id":762269,"date":"2025-08-28T10:03:35","date_gmt":"2025-08-28T07:03:35","guid":{"rendered":"https:\/\/roveyayinevi.com.tr\/index.php\/urun\/sendikalarin-hukumetlerarasi-uluslararasi-kuruluslar-daki-rolleri\/"},"modified":"2026-04-15T03:27:15","modified_gmt":"2026-04-15T00:27:15","slug":"sendikalarin-hukumetlerarasi-uluslararasi-kuruluslar-daki-rolleri","status":"publish","type":"product","link":"https:\/\/roveyayinevi.com.tr\/index.php\/urun\/sendikalarin-hukumetlerarasi-uluslararasi-kuruluslar-daki-rolleri\/","title":{"rendered":"Sendikalar\u0131n &#8220;H\u00fck\u00fcmetleraras\u0131 Uluslararas\u0131 Kurulu\u015flar&#8221; daki Rolleri"},"content":{"rendered":"<p>\u0130\u00e7indekiler :   B\u0130R\u0130NC\u0130 B\u00d6L\u00dcM   SEND\u0130KALARIN VE ULUSLARARASI SEND\u0130KACILI\u011eIN GEL\u0130\u015e\u0130M\u0130   \u0130K\u0130NC\u0130 B\u00d6L\u00dcM   ULUSLARARASI \u0130L\u0130\u015eK\u0130LER TEOR\u0130LER\u0130NDE ULUSLARARASI KURULU\u015eLARIN VE S\u0130V\u0130L TOPLUM KURULU\u015eLARININ ROL\u00dc   \u00dc\u00c7\u00dcNC\u00dc B\u00d6L\u00dcM   SEND\u0130KALARIN \u201cH\u00dcK\u00dcMETLERARASI ULUSLARARASI KURULU\u015eLAR\u201dDAK\u0130 ROL\u00dc <\/p>\n","protected":false},"excerpt":{"rendered":"<p>\u0130\u00e7indekiler : B\u0130R\u0130NC\u0130 B\u00d6L\u00dcM SEND\u0130KALARIN VE ULUSLARARASI SEND\u0130KACILI\u011eIN GEL\u0130\u015e\u0130M\u0130 \u0130K\u0130NC\u0130 B\u00d6L\u00dcM ULUSLARARASI \u0130L\u0130\u015eK\u0130LER TEOR\u0130LER\u0130NDE ULUSLARARASI KURULU\u015eLARIN VE S\u0130V\u0130L TOPLUM KURULU\u015eLARININ ROL\u00dc \u00dc\u00c7\u00dcNC\u00dc B\u00d6L\u00dcM SEND\u0130KALARIN \u201cH\u00dcK\u00dcMETLERARASI ULUSLARARASI<span class=\"excerpt-hellip\"> [\u2026]<\/span><\/p>\n","protected":false},"featured_media":0,"template":"","meta":{"_monsterinsights_skip_tracking":false,"_monsterinsights_sitenote_active":false,"_monsterinsights_sitenote_note":"","_monsterinsights_sitenote_category":0},"product_brand":[],"product_cat":[13005,40995],"product_tag":[],"class_list":{"0":"post-762269","1":"product","2":"type-product","3":"status-publish","5":"product_cat-bilim-muhendislik","6":"product_cat-sosyal-bilimler","7":"pa_cilt-ciltsiz","8":"pa_tur-kitap","9":"pa_yayinevi-gazi-kitabevi","10":"pa_yazar-nese-yildiz","12":"first","13":"instock","14":"sale","15":"shipping-taxable","16":"purchasable","17":"product-type-simple"},"_links":{"self":[{"href":"https:\/\/roveyayinevi.com.tr\/index.php\/wp-json\/wp\/v2\/product\/762269","targetHints":{"allow":["GET"]}}],"collection":[{"href":"https:\/\/roveyayinevi.com.tr\/index.php\/wp-json\/wp\/v2\/product"}],"about":[{"href":"https:\/\/roveyayinevi.com.tr\/index.php\/wp-json\/wp\/v2\/types\/product"}],"wp:attachment":[{"href":"https:\/\/roveyayinevi.com.tr\/index.php\/wp-json\/wp\/v2\/media?parent=762269"}],"wp:term":[{"taxonomy":"product_brand","embeddable":true,"href":"https:\/\/roveyayinevi.com.tr\/index.php\/wp-json\/wp\/v2\/product_brand?post=762269"},{"taxonomy":"product_cat","embeddable":true,"href":"https:\/\/roveyayinevi.com.tr\/index.php\/wp-json\/wp\/v2\/product_cat?post=762269"},{"taxonomy":"product_tag","embeddable":true,"href":"https:\/\/roveyayinevi.com.tr\/index.php\/wp-json\/wp\/v2\/product_tag?post=762269"}],"curies":[{"name":"wp","href":"https:\/\/api.w.org\/{rel}","templated":true}]}}