{"id":762268,"date":"2025-08-28T10:03:34","date_gmt":"2025-08-28T07:03:34","guid":{"rendered":"https:\/\/roveyayinevi.com.tr\/index.php\/urun\/herkes-icin-anlasilabilir-bir-kant\/"},"modified":"2026-04-15T03:27:15","modified_gmt":"2026-04-15T00:27:15","slug":"herkes-icin-anlasilabilir-bir-kant","status":"publish","type":"product","link":"https:\/\/roveyayinevi.com.tr\/index.php\/urun\/herkes-icin-anlasilabilir-bir-kant\/","title":{"rendered":"Herkes \u0130\u00e7in Anla\u015f\u0131labilir Bir Kant"},"content":{"rendered":"<p>\u201c2024 Immanuel Kant\u2019\u0131n do\u011fumunun 300. y\u0131l\u0131! \u0130nsanl\u0131k tarihinde \u00e7\u0131\u011f\u0131r a\u00e7an, \u00e7ok b\u00fcy\u00fck bir filozof olmas\u0131na ra\u011fmen bug\u00fcn yeterince bilinmeyen ve de\u011ferlendirilemeyen Kant\u2019a daha iyi yar\u0131nlar ad\u0131na \u00f6yle ihtiyac\u0131m\u0131z var ki! Kant\u2019\u0131 300. do\u011fum y\u0131l\u0131 nedeniyle bir kez daha anmak ve anlatmak istedik. Anla\u015f\u0131lmas\u0131 en g\u00fc\u00e7 felsefeci olarak \u00fcnlenen bu b\u00fcy\u00fck Ayd\u0131nlanmac\u0131 filozofu sizlere bir nebze anlatabildiysem ne mutlu bana. \u00dczerinde y\u0131ld\u0131zlar hi\u00e7 eksilmesin usta.\u201d <\/p>\n","protected":false},"excerpt":{"rendered":"<p>\u201c2024 Immanuel Kant\u2019\u0131n do\u011fumunun 300. y\u0131l\u0131! \u0130nsanl\u0131k tarihinde \u00e7\u0131\u011f\u0131r a\u00e7an, \u00e7ok b\u00fcy\u00fck bir filozof olmas\u0131na ra\u011fmen bug\u00fcn yeterince bilinmeyen ve de\u011ferlendirilemeyen Kant\u2019a daha iyi yar\u0131nlar ad\u0131na<span class=\"excerpt-hellip\"> [\u2026]<\/span><\/p>\n","protected":false},"featured_media":0,"template":"","meta":{"_monsterinsights_skip_tracking":false,"_monsterinsights_sitenote_active":false,"_monsterinsights_sitenote_note":"","_monsterinsights_sitenote_category":0},"product_brand":[],"product_cat":[16038,12388],"product_tag":[],"class_list":{"0":"post-762268","1":"product","2":"type-product","3":"status-publish","5":"product_cat-arastirma-inceleme-referans-felsefe","6":"product_cat-felsefe","7":"pa_cilt-ciltsiz","8":"pa_tur-kitap","9":"pa_yayinevi-inkilap-kitabevi","10":"pa_yazar-yusuf-samim-lutfu","12":"first","13":"instock","14":"sale","15":"shipping-taxable","16":"purchasable","17":"product-type-simple"},"_links":{"self":[{"href":"https:\/\/roveyayinevi.com.tr\/index.php\/wp-json\/wp\/v2\/product\/762268","targetHints":{"allow":["GET"]}}],"collection":[{"href":"https:\/\/roveyayinevi.com.tr\/index.php\/wp-json\/wp\/v2\/product"}],"about":[{"href":"https:\/\/roveyayinevi.com.tr\/index.php\/wp-json\/wp\/v2\/types\/product"}],"wp:attachment":[{"href":"https:\/\/roveyayinevi.com.tr\/index.php\/wp-json\/wp\/v2\/media?parent=762268"}],"wp:term":[{"taxonomy":"product_brand","embeddable":true,"href":"https:\/\/roveyayinevi.com.tr\/index.php\/wp-json\/wp\/v2\/product_brand?post=762268"},{"taxonomy":"product_cat","embeddable":true,"href":"https:\/\/roveyayinevi.com.tr\/index.php\/wp-json\/wp\/v2\/product_cat?post=762268"},{"taxonomy":"product_tag","embeddable":true,"href":"https:\/\/roveyayinevi.com.tr\/index.php\/wp-json\/wp\/v2\/product_tag?post=762268"}],"curies":[{"name":"wp","href":"https:\/\/api.w.org\/{rel}","templated":true}]}}