{"id":762265,"date":"2025-08-28T10:03:28","date_gmt":"2025-08-28T07:03:28","guid":{"rendered":"https:\/\/roveyayinevi.com.tr\/index.php\/urun\/kurk-mantolu-madonna-33\/"},"modified":"2026-04-15T03:27:15","modified_gmt":"2026-04-15T00:27:15","slug":"kurk-mantolu-madonna-33","status":"publish","type":"product","link":"https:\/\/roveyayinevi.com.tr\/index.php\/urun\/kurk-mantolu-madonna-33\/","title":{"rendered":"K\u00fcrk Mantolu Madonna"},"content":{"rendered":"<p>\u201cBenim bekledi\u011fim a\u015fk ba\u015fka!\u201d dedi. \u201cO, b\u00fct\u00fcn mant\u0131klar\u0131n d\u0131\u015f\u0131nda, tarifi imk\u00e2ns\u0131z ve mahiyeti bilinmeyen bir \u015fey. Sevmek ve ho\u015flanmak ba\u015fka, istemek, b\u00fct\u00fcn ruhuyla, b\u00fct\u00fcn v\u00fccuduyla, her \u015feyiyle istemek ba\u015fka&#8230; A\u015fk bence bu istemektir. Mukavemet edilmez bir istemek!\u201d   Sabahattin Ali\u2019nin 1940-1941 y\u0131llar\u0131 aras\u0131nda yazd\u0131\u011f\u0131 ve T\u00fcrk\u00e7enin en \u00e7ok okunan romanlar\u0131ndan biri olan K\u00fcrk Mantolu Madonna, bir kar\u015f\u0131la\u015fma hik\u00e2yesini merkeze al\u0131r. Romanda Raif\u2019in a\u015fkla, yaln\u0131zl\u0131kla, kendi i\u00e7 d\u00fcnyas\u0131yla kar\u015f\u0131la\u015fmalar\u0131n\u0131 okurken 1920\u2019lerin Berlin\u2019ine ve 1930\u2019lar\u0131n Ankara\u2019s\u0131na da uzan\u0131r\u0131z. Raif, yaln\u0131z ba\u015f\u0131na ya da Maria Puder\u2019le birlikte sokaklar\u0131, parklar\u0131, sanat galerilerini, tiyatrolar\u0131 gezerken biz de onunla birlikte Berlin ve Ankara sokaklar\u0131n\u0131 y\u00fcr\u00fcd\u00fc\u011f\u00fcm\u00fcz\u00fc hayal ederiz. K\u00fcrk Mantolu Madonna mek\u00e2nlar ve metinler aras\u0131nda mekik dokurken T\u00fcrk, Alman ve Rus edebiyatlar\u0131n\u0131n \u00f6nemli eserleriyle de ili\u015fkiler kurar. Son y\u0131llarda yirmiden fazla dile \u00e7evrilen ve d\u00fcnya \u00e7ap\u0131nda yeniden ke\u015ffedilen bu roman\u0131 okurken, metinler ve resimler arac\u0131l\u0131\u011f\u0131yla zenginle\u015ftirilmi\u015f dipnotlar, foto\u011fraflar, haritalar ve Aytu\u011f Aykut\u2019un bu kitap i\u00e7in yapt\u0131\u011f\u0131 Maria Puder tablosu da size e\u015flik edecek. K\u00fcrk Mantolu Madonna, g\u00f6rseller ve notlarla zenginle\u015ftirilmi\u015f \u00f6zel bask\u0131s\u0131yla, Vak\u0131fBank K\u00fclt\u00fcr Yay\u0131nlar\u0131 etiketiyle okurlar\u0131n\u0131 bekliyor. <\/p>\n","protected":false},"excerpt":{"rendered":"<p>\u201cBenim bekledi\u011fim a\u015fk ba\u015fka!\u201d dedi. \u201cO, b\u00fct\u00fcn mant\u0131klar\u0131n d\u0131\u015f\u0131nda, tarifi imk\u00e2ns\u0131z ve mahiyeti bilinmeyen bir \u015fey. Sevmek ve ho\u015flanmak ba\u015fka, istemek, b\u00fct\u00fcn ruhuyla, b\u00fct\u00fcn v\u00fccuduyla, her<span class=\"excerpt-hellip\"> [\u2026]<\/span><\/p>\n","protected":false},"featured_media":0,"template":"","meta":{"_monsterinsights_skip_tracking":false,"_monsterinsights_sitenote_active":false,"_monsterinsights_sitenote_note":"","_monsterinsights_sitenote_category":0},"product_brand":[],"product_cat":[12291,12711],"product_tag":[],"class_list":{"0":"post-762265","1":"product","2":"type-product","3":"status-publish","5":"product_cat-edebiyat","6":"product_cat-roman-oyku","7":"pa_cilt-ciltsiz","8":"pa_tur-kitap","9":"pa_yayinevi-vakifbank-kultur-yayinlari","10":"pa_yazar-sabahattin-ali","12":"first","13":"instock","14":"sale","15":"shipping-taxable","16":"purchasable","17":"product-type-simple"},"_links":{"self":[{"href":"https:\/\/roveyayinevi.com.tr\/index.php\/wp-json\/wp\/v2\/product\/762265","targetHints":{"allow":["GET"]}}],"collection":[{"href":"https:\/\/roveyayinevi.com.tr\/index.php\/wp-json\/wp\/v2\/product"}],"about":[{"href":"https:\/\/roveyayinevi.com.tr\/index.php\/wp-json\/wp\/v2\/types\/product"}],"wp:attachment":[{"href":"https:\/\/roveyayinevi.com.tr\/index.php\/wp-json\/wp\/v2\/media?parent=762265"}],"wp:term":[{"taxonomy":"product_brand","embeddable":true,"href":"https:\/\/roveyayinevi.com.tr\/index.php\/wp-json\/wp\/v2\/product_brand?post=762265"},{"taxonomy":"product_cat","embeddable":true,"href":"https:\/\/roveyayinevi.com.tr\/index.php\/wp-json\/wp\/v2\/product_cat?post=762265"},{"taxonomy":"product_tag","embeddable":true,"href":"https:\/\/roveyayinevi.com.tr\/index.php\/wp-json\/wp\/v2\/product_tag?post=762265"}],"curies":[{"name":"wp","href":"https:\/\/api.w.org\/{rel}","templated":true}]}}